{"id":131173,"date":"2026-05-07T09:51:10","date_gmt":"2026-05-07T12:51:10","guid":{"rendered":"https:\/\/www.hediyepazar.com\/?product=kamp-icin-portatif-dus-baslikli-su-cekme-pompasi-seti"},"modified":"2026-05-07T09:51:10","modified_gmt":"2026-05-07T12:51:10","slug":"kamp-icin-portatif-dus-baslikli-su-cekme-pompasi-seti","status":"publish","type":"product","link":"https:\/\/www.hediyepazar.com\/?product=kamp-icin-portatif-dus-baslikli-su-cekme-pompasi-seti","title":{"rendered":"Kamp \u0130\u00e7in Portatif Du\u015f Ba\u015fl\u0131kl\u0131 Su \u00c7ekme Pompas\u0131 Seti"},"content":{"rendered":"<p>Kamp i\u00e7in portatif du\u015f sistemi, do\u011fada konforlu ya\u015fam isteyen kullan\u0131c\u0131lar i\u00e7in tasarlanm\u0131\u015ft\u0131r. Elektrik ba\u011flant\u0131s\u0131 gerektirmeden rahat kullan\u0131m sunar.Su dolu kaba yerle\u015ftirilen pompa, suyu verimli \u015fekilde \u00e7ekerek du\u015f ba\u015fl\u0131\u011f\u0131na iletir. B\u00f6ylece k\u0131sa s\u00fcrede du\u015f keyfi ya\u015fayabilirsiniz.Plajda kum temizli\u011fi, do\u011fada du\u015f alma ve ara\u00e7 temizli\u011fi gibi alanlarda kullan\u0131ma uygundur.Ta\u015f\u0131nabilir tasar\u0131m\u0131 sayesinde seyahatlerde kolayca yan\u0131n\u0131zda ta\u015f\u0131yabilirsiniz.Kullan\u0131m\u0131 kolay, kurulumu pratiktir.D\u0131\u015f mekan ekipmanlar\u0131 aras\u0131nda \u00f6ne \u00e7\u0131kan faydal\u0131 \u00fcr\u00fcnd\u00fcr.<\/p>\n","protected":false},"excerpt":{"rendered":"<p>Kamp i\u00e7in portatif du\u015f sistemi, do\u011fada konforlu ya\u015fam isteyen kullan\u0131c\u0131lar i\u00e7in tasarlanm\u0131\u015ft\u0131r. Elektrik ba\u011flant\u0131s\u0131 gerektirmeden rahat kullan\u0131m sunar.Su dolu kaba yerle\u015ftirilen pompa, suyu verimli \u015fekilde \u00e7ekerek du\u015f ba\u015fl\u0131\u011f\u0131na iletir. B\u00f6ylece k\u0131sa s\u00fcrede du\u015f keyfi ya\u015fayabilirsiniz.Plajda kum temizli\u011fi, do\u011fada du\u015f alma ve ara\u00e7 temizli\u011fi gibi alanlarda kullan\u0131ma uygundur.Ta\u015f\u0131nabilir tasar\u0131m\u0131 sayesinde seyahatlerde kolayca yan\u0131n\u0131zda ta\u015f\u0131yabilirsiniz.Kullan\u0131m\u0131 kolay, kurulumu&#8230;<\/p>\n","protected":false},"featured_media":131172,"comment_status":"open","ping_status":"closed","template":"","meta":{"_kad_post_transparent":"","_kad_post_title":"","_kad_post_layout":"","_kad_post_sidebar_id":"","_kad_post_content_style":"","_kad_post_vertical_padding":"","_kad_post_feature":"","_kad_post_feature_position":"","_kad_post_header":false,"_kad_post_footer":false,"_kad_post_classname":""},"product_brand":[],"product_cat":[15076],"product_tag":[],"class_list":{"0":"post-131173","1":"product","2":"type-product","3":"status-publish","4":"has-post-thumbnail","6":"product_cat-kamp-seti-kamp-seti","8":"first","9":"instock","10":"purchasable","11":"product-type-simple","12":"entry","13":"content-bg","14":"loop-entry"},"_links":{"self":[{"href":"https:\/\/www.hediyepazar.com\/index.php?rest_route=\/wp\/v2\/product\/131173","targetHints":{"allow":["GET"]}}],"collection":[{"href":"https:\/\/www.hediyepazar.com\/index.php?rest_route=\/wp\/v2\/product"}],"about":[{"href":"https:\/\/www.hediyepazar.com\/index.php?rest_route=\/wp\/v2\/types\/product"}],"replies":[{"embeddable":true,"href":"https:\/\/www.hediyepazar.com\/index.php?rest_route=%2Fwp%2Fv2%2Fcomments&post=131173"}],"wp:featuredmedia":[{"embeddable":true,"href":"https:\/\/www.hediyepazar.com\/index.php?rest_route=\/wp\/v2\/media\/131172"}],"wp:attachment":[{"href":"https:\/\/www.hediyepazar.com\/index.php?rest_route=%2Fwp%2Fv2%2Fmedia&parent=131173"}],"wp:term":[{"taxonomy":"product_brand","embeddable":true,"href":"https:\/\/www.hediyepazar.com\/index.php?rest_route=%2Fwp%2Fv2%2Fproduct_brand&post=131173"},{"taxonomy":"product_cat","embeddable":true,"href":"https:\/\/www.hediyepazar.com\/index.php?rest_route=%2Fwp%2Fv2%2Fproduct_cat&post=131173"},{"taxonomy":"product_tag","embeddable":true,"href":"https:\/\/www.hediyepazar.com\/index.php?rest_route=%2Fwp%2Fv2%2Fproduct_tag&post=131173"}],"curies":[{"name":"wp","href":"https:\/\/api.w.org\/{rel}","templated":true}]}}