{"id":131175,"date":"2026-05-07T09:51:18","date_gmt":"2026-05-07T12:51:18","guid":{"rendered":"https:\/\/www.hediyepazar.com\/?product=tasinabilir-dus-seti-kamp-plaj-bahce-icin-su-pompali-sistem"},"modified":"2026-05-07T09:51:18","modified_gmt":"2026-05-07T12:51:18","slug":"tasinabilir-dus-seti-kamp-plaj-bahce-icin-su-pompali-sistem","status":"publish","type":"product","link":"https:\/\/www.hediyepazar.com\/?product=tasinabilir-dus-seti-kamp-plaj-bahce-icin-su-pompali-sistem","title":{"rendered":"Ta\u015f\u0131nabilir Du\u015f Seti Kamp Plaj Bah\u00e7e \u0130\u00e7in Su Pompal\u0131 Sistem"},"content":{"rendered":"<p>Ta\u015f\u0131nabilir du\u015f seti, su tesisat\u0131 olmayan alanlarda hijyen ihtiyac\u0131n\u0131 kar\u015f\u0131lamak i\u00e7in geli\u015ftirilmi\u015ftir. G\u00fc\u00e7l\u00fc pompa sistemi sayesinde suyu alt b\u00f6l\u00fcmden \u00e7ekerek du\u015f ba\u015fl\u0131\u011f\u0131na aktar\u0131r.Kamp alanlar\u0131nda du\u015f almak, plaj sonras\u0131 temizlenmek veya bah\u00e7ede kullan\u0131m i\u00e7in olduk\u00e7a uygundur. Hafif ve ta\u015f\u0131nabilir yap\u0131s\u0131 sayesinde her yere g\u00f6t\u00fcr\u00fclebilir.Kolay kurulum sunar. Sadece pompay\u0131 su dolu kaba yerle\u015ftirmeniz yeterlidir. H\u0131zl\u0131 \u015fekilde kullan\u0131ma haz\u0131r olur.Bah\u00e7e i\u015fleri, \u00e7i\u00e7ek sulama, evcil hayvan temizli\u011fi ve ara\u00e7 y\u0131kama gibi farkl\u0131 alanlarda da de\u011ferlendirilebilir.Dayan\u0131kl\u0131 yap\u0131s\u0131 sayesinde d\u0131\u015f mekan kullan\u0131m\u0131na uygundur.Pratik ve kullan\u0131\u015fl\u0131 \u00e7\u00f6z\u00fcm arayanlar i\u00e7in ideal \u00fcr\u00fcnd\u00fcr.<\/p>\n","protected":false},"excerpt":{"rendered":"<p>Ta\u015f\u0131nabilir du\u015f seti, su tesisat\u0131 olmayan alanlarda hijyen ihtiyac\u0131n\u0131 kar\u015f\u0131lamak i\u00e7in geli\u015ftirilmi\u015ftir. G\u00fc\u00e7l\u00fc pompa sistemi sayesinde suyu alt b\u00f6l\u00fcmden \u00e7ekerek du\u015f ba\u015fl\u0131\u011f\u0131na aktar\u0131r.Kamp alanlar\u0131nda du\u015f almak, plaj sonras\u0131 temizlenmek veya bah\u00e7ede kullan\u0131m i\u00e7in olduk\u00e7a uygundur. Hafif ve ta\u015f\u0131nabilir yap\u0131s\u0131 sayesinde her yere g\u00f6t\u00fcr\u00fclebilir.Kolay kurulum sunar. Sadece pompay\u0131 su dolu kaba yerle\u015ftirmeniz yeterlidir. H\u0131zl\u0131 \u015fekilde kullan\u0131ma&#8230;<\/p>\n","protected":false},"featured_media":131174,"comment_status":"open","ping_status":"closed","template":"","meta":{"_kad_post_transparent":"","_kad_post_title":"","_kad_post_layout":"","_kad_post_sidebar_id":"","_kad_post_content_style":"","_kad_post_vertical_padding":"","_kad_post_feature":"","_kad_post_feature_position":"","_kad_post_header":false,"_kad_post_footer":false,"_kad_post_classname":""},"product_brand":[],"product_cat":[15076],"product_tag":[],"class_list":{"0":"post-131175","1":"product","2":"type-product","3":"status-publish","4":"has-post-thumbnail","6":"product_cat-kamp-seti-kamp-seti","8":"first","9":"instock","10":"purchasable","11":"product-type-simple","12":"entry","13":"content-bg","14":"loop-entry"},"_links":{"self":[{"href":"https:\/\/www.hediyepazar.com\/index.php?rest_route=\/wp\/v2\/product\/131175","targetHints":{"allow":["GET"]}}],"collection":[{"href":"https:\/\/www.hediyepazar.com\/index.php?rest_route=\/wp\/v2\/product"}],"about":[{"href":"https:\/\/www.hediyepazar.com\/index.php?rest_route=\/wp\/v2\/types\/product"}],"replies":[{"embeddable":true,"href":"https:\/\/www.hediyepazar.com\/index.php?rest_route=%2Fwp%2Fv2%2Fcomments&post=131175"}],"wp:featuredmedia":[{"embeddable":true,"href":"https:\/\/www.hediyepazar.com\/index.php?rest_route=\/wp\/v2\/media\/131174"}],"wp:attachment":[{"href":"https:\/\/www.hediyepazar.com\/index.php?rest_route=%2Fwp%2Fv2%2Fmedia&parent=131175"}],"wp:term":[{"taxonomy":"product_brand","embeddable":true,"href":"https:\/\/www.hediyepazar.com\/index.php?rest_route=%2Fwp%2Fv2%2Fproduct_brand&post=131175"},{"taxonomy":"product_cat","embeddable":true,"href":"https:\/\/www.hediyepazar.com\/index.php?rest_route=%2Fwp%2Fv2%2Fproduct_cat&post=131175"},{"taxonomy":"product_tag","embeddable":true,"href":"https:\/\/www.hediyepazar.com\/index.php?rest_route=%2Fwp%2Fv2%2Fproduct_tag&post=131175"}],"curies":[{"name":"wp","href":"https:\/\/api.w.org\/{rel}","templated":true}]}}