{"id":131177,"date":"2026-05-07T09:52:02","date_gmt":"2026-05-07T12:52:02","guid":{"rendered":"https:\/\/www.hediyepazar.com\/?product=portatif-kamp-dusu-su-cekme-motorlu-acik-alan-dus-sistemi"},"modified":"2026-05-07T09:52:02","modified_gmt":"2026-05-07T12:52:02","slug":"portatif-kamp-dusu-su-cekme-motorlu-acik-alan-dus-sistemi","status":"publish","type":"product","link":"https:\/\/www.hediyepazar.com\/?product=portatif-kamp-dusu-su-cekme-motorlu-acik-alan-dus-sistemi","title":{"rendered":"Portatif Kamp Du\u015fu Su \u00c7ekme Motorlu A\u00e7\u0131k Alan Du\u015f Sistemi"},"content":{"rendered":"<p>Portatif kamp du\u015fu, d\u0131\u015f mekanlarda rahat kullan\u0131m sa\u011flayan pratik \u00fcr\u00fcnd\u00fcr. Su dolu kaba pompay\u0131 b\u0131rakman\u0131z yeterlidir. Sistem suyu \u00e7ekerek du\u015f ba\u015fl\u0131\u011f\u0131na iletir ve k\u0131sa s\u00fcrede kullan\u0131ma haz\u0131r hale gelir.Kamp, karavan, plaj ve piknik alanlar\u0131nda rahatl\u0131kla kullan\u0131labilir. Sabit su tesisat\u0131 gerektirmez. Bu sayede \u00f6zg\u00fcr kullan\u0131m sunar.Kompakt tasar\u0131m\u0131 sayesinde kolay ta\u015f\u0131n\u0131r. Ara\u00e7 i\u00e7inde, kamp \u00e7antas\u0131nda veya seyahat e\u015fyalar\u0131 aras\u0131nda rahat\u00e7a saklanabilir.Plaj sonras\u0131 temizlenmek, evcil hayvan y\u0131kamak, bah\u00e7e sulamak veya ara\u00e7 temizli\u011fi yapmak i\u00e7in uygundur. \u00c7ok y\u00f6nl\u00fc kullan\u0131m avantaj\u0131 sa\u011flar.Kolay kurulumu sayesinde herkes rahatl\u0131kla kullanabilir. Karma\u015f\u0131k montaj gerektirmez.D\u0131\u015f mekan konforunu art\u0131rmak isteyenler i\u00e7in ideal se\u00e7imdir.<\/p>\n","protected":false},"excerpt":{"rendered":"<p>Portatif kamp du\u015fu, d\u0131\u015f mekanlarda rahat kullan\u0131m sa\u011flayan pratik \u00fcr\u00fcnd\u00fcr. Su dolu kaba pompay\u0131 b\u0131rakman\u0131z yeterlidir. Sistem suyu \u00e7ekerek du\u015f ba\u015fl\u0131\u011f\u0131na iletir ve k\u0131sa s\u00fcrede kullan\u0131ma haz\u0131r hale gelir.Kamp, karavan, plaj ve piknik alanlar\u0131nda rahatl\u0131kla kullan\u0131labilir. Sabit su tesisat\u0131 gerektirmez. Bu sayede \u00f6zg\u00fcr kullan\u0131m sunar.Kompakt tasar\u0131m\u0131 sayesinde kolay ta\u015f\u0131n\u0131r. Ara\u00e7 i\u00e7inde, kamp \u00e7antas\u0131nda veya seyahat&#8230;<\/p>\n","protected":false},"featured_media":131176,"comment_status":"open","ping_status":"closed","template":"","meta":{"_kad_post_transparent":"","_kad_post_title":"","_kad_post_layout":"","_kad_post_sidebar_id":"","_kad_post_content_style":"","_kad_post_vertical_padding":"","_kad_post_feature":"","_kad_post_feature_position":"","_kad_post_header":false,"_kad_post_footer":false,"_kad_post_classname":""},"product_brand":[],"product_cat":[15076],"product_tag":[],"class_list":{"0":"post-131177","1":"product","2":"type-product","3":"status-publish","4":"has-post-thumbnail","6":"product_cat-kamp-seti-kamp-seti","8":"first","9":"instock","10":"purchasable","11":"product-type-simple","12":"entry","13":"content-bg","14":"loop-entry"},"_links":{"self":[{"href":"https:\/\/www.hediyepazar.com\/index.php?rest_route=\/wp\/v2\/product\/131177","targetHints":{"allow":["GET"]}}],"collection":[{"href":"https:\/\/www.hediyepazar.com\/index.php?rest_route=\/wp\/v2\/product"}],"about":[{"href":"https:\/\/www.hediyepazar.com\/index.php?rest_route=\/wp\/v2\/types\/product"}],"replies":[{"embeddable":true,"href":"https:\/\/www.hediyepazar.com\/index.php?rest_route=%2Fwp%2Fv2%2Fcomments&post=131177"}],"wp:featuredmedia":[{"embeddable":true,"href":"https:\/\/www.hediyepazar.com\/index.php?rest_route=\/wp\/v2\/media\/131176"}],"wp:attachment":[{"href":"https:\/\/www.hediyepazar.com\/index.php?rest_route=%2Fwp%2Fv2%2Fmedia&parent=131177"}],"wp:term":[{"taxonomy":"product_brand","embeddable":true,"href":"https:\/\/www.hediyepazar.com\/index.php?rest_route=%2Fwp%2Fv2%2Fproduct_brand&post=131177"},{"taxonomy":"product_cat","embeddable":true,"href":"https:\/\/www.hediyepazar.com\/index.php?rest_route=%2Fwp%2Fv2%2Fproduct_cat&post=131177"},{"taxonomy":"product_tag","embeddable":true,"href":"https:\/\/www.hediyepazar.com\/index.php?rest_route=%2Fwp%2Fv2%2Fproduct_tag&post=131177"}],"curies":[{"name":"wp","href":"https:\/\/api.w.org\/{rel}","templated":true}]}}