{"id":131185,"date":"2026-05-07T09:53:11","date_gmt":"2026-05-07T12:53:11","guid":{"rendered":"https:\/\/www.hediyepazar.com\/?product=kemirgen-kovucu-ultrasonik-sesli-fare-sican-uzaklastirici-pratik-cihaz"},"modified":"2026-05-07T09:53:11","modified_gmt":"2026-05-07T12:53:11","slug":"kemirgen-kovucu-ultrasonik-sesli-fare-sican-uzaklastirici-pratik-cihaz","status":"publish","type":"product","link":"https:\/\/www.hediyepazar.com\/?product=kemirgen-kovucu-ultrasonik-sesli-fare-sican-uzaklastirici-pratik-cihaz","title":{"rendered":"Kemirgen Kovucu Ultrasonik Sesli Fare S\u0131\u00e7an Uzakla\u015ft\u0131r\u0131c\u0131 Pratik Cihaz"},"content":{"rendered":"<p>Kemirgen kovucu ultrasonik cihaz, fare ve s\u0131\u00e7an gibi istenmeyen canl\u0131lar\u0131 uzak tutmak i\u00e7in geli\u015ftirilmi\u015f kullan\u0131\u015fl\u0131 elektronik \u00e7\u00f6z\u00fcmd\u00fcr. Ev ve i\u015f yerlerinde hijyen sa\u011flamak isteyenler i\u00e7in etkili yard\u0131mc\u0131 \u00fcr\u00fcnlerden biridir.Y\u00fcksek frekansl\u0131 ses dalgalar\u0131 yayarak kemirgenlerin bulundu\u011fu ortamda rahats\u0131zl\u0131k hissi olu\u015fturur. \u0130nsan kula\u011f\u0131n\u0131 rahats\u0131z etmeyen \u00e7al\u0131\u015fma prensibi ile g\u00fcnl\u00fck ya\u015fam\u0131 etkilemeden kullan\u0131labilir. D\u00fczenli kullan\u0131m ile zararl\u0131lar\u0131n ortamdan uzakla\u015fmas\u0131na yard\u0131mc\u0131 olabilir.\u00c7ift hoparl\u00f6rl\u00fc yap\u0131s\u0131 daha dengeli ses yay\u0131l\u0131m\u0131 sa\u011flar. De\u011fi\u015fken ultrasonik frekans sistemi ile kemirgenlerin al\u0131\u015fmas\u0131 zorla\u015ft\u0131r\u0131l\u0131r. Bu teknoloji cihaz\u0131n verimlili\u011fini art\u0131rmaya destek olur.Kullan\u0131m\u0131 son derece kolayd\u0131r. Prize tak\u0131larak \u00e7al\u0131\u015ft\u0131r\u0131l\u0131r ve ekstra u\u011fra\u015f gerektirmez. Temizlik gerektiren tuzaklar veya k\u00f6t\u00fc koku olu\u015fturan kimyasallara ihtiya\u00e7 duyulmaz.Mutfak, bodrum, depo, ofis, restoran ve apartman gibi bir\u00e7ok alanda kullan\u0131labilir. Temiz ve zahmetsiz \u00e7\u00f6z\u00fcm arayan kullan\u0131c\u0131lar i\u00e7in uygundur.<\/p>\n","protected":false},"excerpt":{"rendered":"<p>Kemirgen kovucu ultrasonik cihaz, fare ve s\u0131\u00e7an gibi istenmeyen canl\u0131lar\u0131 uzak tutmak i\u00e7in geli\u015ftirilmi\u015f kullan\u0131\u015fl\u0131 elektronik \u00e7\u00f6z\u00fcmd\u00fcr. Ev ve i\u015f yerlerinde hijyen sa\u011flamak isteyenler i\u00e7in etkili yard\u0131mc\u0131 \u00fcr\u00fcnlerden biridir.Y\u00fcksek frekansl\u0131 ses dalgalar\u0131 yayarak kemirgenlerin bulundu\u011fu ortamda rahats\u0131zl\u0131k hissi olu\u015fturur. \u0130nsan kula\u011f\u0131n\u0131 rahats\u0131z etmeyen \u00e7al\u0131\u015fma prensibi ile g\u00fcnl\u00fck ya\u015fam\u0131 etkilemeden kullan\u0131labilir. D\u00fczenli kullan\u0131m ile zararl\u0131lar\u0131n ortamdan&#8230;<\/p>\n","protected":false},"featured_media":131184,"comment_status":"open","ping_status":"closed","template":"","meta":{"_kad_post_transparent":"","_kad_post_title":"","_kad_post_layout":"","_kad_post_sidebar_id":"","_kad_post_content_style":"","_kad_post_vertical_padding":"","_kad_post_feature":"","_kad_post_feature_position":"","_kad_post_header":false,"_kad_post_footer":false,"_kad_post_classname":""},"product_brand":[],"product_cat":[15078],"product_tag":[],"class_list":{"0":"post-131185","1":"product","2":"type-product","3":"status-publish","4":"has-post-thumbnail","6":"product_cat-hasere-kovucular-hasere-kovucular","8":"first","9":"instock","10":"purchasable","11":"product-type-simple","12":"entry","13":"content-bg","14":"loop-entry"},"_links":{"self":[{"href":"https:\/\/www.hediyepazar.com\/index.php?rest_route=\/wp\/v2\/product\/131185","targetHints":{"allow":["GET"]}}],"collection":[{"href":"https:\/\/www.hediyepazar.com\/index.php?rest_route=\/wp\/v2\/product"}],"about":[{"href":"https:\/\/www.hediyepazar.com\/index.php?rest_route=\/wp\/v2\/types\/product"}],"replies":[{"embeddable":true,"href":"https:\/\/www.hediyepazar.com\/index.php?rest_route=%2Fwp%2Fv2%2Fcomments&post=131185"}],"wp:featuredmedia":[{"embeddable":true,"href":"https:\/\/www.hediyepazar.com\/index.php?rest_route=\/wp\/v2\/media\/131184"}],"wp:attachment":[{"href":"https:\/\/www.hediyepazar.com\/index.php?rest_route=%2Fwp%2Fv2%2Fmedia&parent=131185"}],"wp:term":[{"taxonomy":"product_brand","embeddable":true,"href":"https:\/\/www.hediyepazar.com\/index.php?rest_route=%2Fwp%2Fv2%2Fproduct_brand&post=131185"},{"taxonomy":"product_cat","embeddable":true,"href":"https:\/\/www.hediyepazar.com\/index.php?rest_route=%2Fwp%2Fv2%2Fproduct_cat&post=131185"},{"taxonomy":"product_tag","embeddable":true,"href":"https:\/\/www.hediyepazar.com\/index.php?rest_route=%2Fwp%2Fv2%2Fproduct_tag&post=131185"}],"curies":[{"name":"wp","href":"https:\/\/api.w.org\/{rel}","templated":true}]}}