{"id":131187,"date":"2026-05-07T09:53:20","date_gmt":"2026-05-07T12:53:20","guid":{"rendered":"https:\/\/www.hediyepazar.com\/?product=elektrikli-fare-kovucu-ultrasonik-hasere-onleyici-kemirgen-uzaklastirici"},"modified":"2026-05-07T09:53:20","modified_gmt":"2026-05-07T12:53:20","slug":"elektrikli-fare-kovucu-ultrasonik-hasere-onleyici-kemirgen-uzaklastirici","status":"publish","type":"product","link":"https:\/\/www.hediyepazar.com\/?product=elektrikli-fare-kovucu-ultrasonik-hasere-onleyici-kemirgen-uzaklastirici","title":{"rendered":"Elektrikli Fare Kovucu Ultrasonik Ha\u015fere \u00d6nleyici Kemirgen Uzakla\u015ft\u0131r\u0131c\u0131"},"content":{"rendered":"<p>Elektrikli fare kovucu cihaz, ya\u015fam alanlar\u0131nda kar\u015f\u0131la\u015f\u0131lan fare, s\u0131\u00e7an ve benzeri zararl\u0131lar\u0131 uzakla\u015ft\u0131rmaya yard\u0131mc\u0131 olmak amac\u0131yla geli\u015ftirilmi\u015f modern teknolojili \u00fcr\u00fcnd\u00fcr. Klasik tuzak ve ila\u00e7 y\u00f6ntemlerine alternatif olarak daha temiz ve kolay kullan\u0131m sunar. Kimyasal madde kullanmadan \u00e7al\u0131\u015fan yap\u0131s\u0131 sayesinde g\u00fcnl\u00fck ya\u015fam alanlar\u0131nda g\u00fcvenle tercih edilebilir.Cihaz y\u00fcksek frekansl\u0131 ultrasonik sesler yayarak kemirgenlerin bulundu\u011fu alan\u0131 rahats\u0131z edici hale getirir. \u0130nsanlar taraf\u0131ndan duyulmayan bu frekanslar zararl\u0131lar \u00fczerinde cayd\u0131r\u0131c\u0131 etki olu\u015fturabilir. B\u00f6ylece farelerin bulundu\u011fu alan\u0131 terk etmesine yard\u0131mc\u0131 olur.\u00c7ift hoparl\u00f6r sistemi sayesinde ses dalgalar\u0131 \u00e7evreye dengeli \u015fekilde yay\u0131l\u0131r. De\u011fi\u015fken frekans teknolojisi kullan\u0131larak kemirgenlerin cihaza al\u0131\u015fmas\u0131 zorla\u015ft\u0131r\u0131l\u0131r. Bu sayede daha verimli kullan\u0131m elde edilebilir.Tak \u00e7al\u0131\u015ft\u0131r \u00f6zelli\u011fi ile son derece pratiktir. Cihaz\u0131 prize ba\u011flad\u0131ktan sonra kullanmaya ba\u015flayabilirsiniz. Ekstra bak\u0131m, kimyasal dolum veya s\u00fcrekli kontrol gerektirmez. G\u00fcnl\u00fck hayat\u0131 zorla\u015ft\u0131rmadan koruma deste\u011fi sunar.Ev, mutfak, ofis, restoran, depo ve garaj gibi kapal\u0131 alanlarda kullan\u0131ma uygundur. Hijyenik ortam isteyen i\u015fletmeler i\u00e7in de avantajl\u0131 se\u00e7imdir. Fare problemi ya\u015fanan alanlarda destekleyici \u00e7\u00f6z\u00fcm olarak tercih edilir.Kokusuz, da\u011f\u0131n\u0131kl\u0131k olu\u015fturmayan ve temiz kullan\u0131m sunan bu \u00fcr\u00fcn, ya\u015fam alan\u0131nda pratik koruma isteyen kullan\u0131c\u0131lar i\u00e7in ideal tercihtir.<\/p>\n","protected":false},"excerpt":{"rendered":"<p>Elektrikli fare kovucu cihaz, ya\u015fam alanlar\u0131nda kar\u015f\u0131la\u015f\u0131lan fare, s\u0131\u00e7an ve benzeri zararl\u0131lar\u0131 uzakla\u015ft\u0131rmaya yard\u0131mc\u0131 olmak amac\u0131yla geli\u015ftirilmi\u015f modern teknolojili \u00fcr\u00fcnd\u00fcr. Klasik tuzak ve ila\u00e7 y\u00f6ntemlerine alternatif olarak daha temiz ve kolay kullan\u0131m sunar. Kimyasal madde kullanmadan \u00e7al\u0131\u015fan yap\u0131s\u0131 sayesinde g\u00fcnl\u00fck ya\u015fam alanlar\u0131nda g\u00fcvenle tercih edilebilir.Cihaz y\u00fcksek frekansl\u0131 ultrasonik sesler yayarak kemirgenlerin bulundu\u011fu alan\u0131 rahats\u0131z edici&#8230;<\/p>\n","protected":false},"featured_media":131186,"comment_status":"open","ping_status":"closed","template":"","meta":{"_kad_post_transparent":"","_kad_post_title":"","_kad_post_layout":"","_kad_post_sidebar_id":"","_kad_post_content_style":"","_kad_post_vertical_padding":"","_kad_post_feature":"","_kad_post_feature_position":"","_kad_post_header":false,"_kad_post_footer":false,"_kad_post_classname":""},"product_brand":[],"product_cat":[15078],"product_tag":[],"class_list":{"0":"post-131187","1":"product","2":"type-product","3":"status-publish","4":"has-post-thumbnail","6":"product_cat-hasere-kovucular-hasere-kovucular","8":"first","9":"instock","10":"purchasable","11":"product-type-simple","12":"entry","13":"content-bg","14":"loop-entry"},"_links":{"self":[{"href":"https:\/\/www.hediyepazar.com\/index.php?rest_route=\/wp\/v2\/product\/131187","targetHints":{"allow":["GET"]}}],"collection":[{"href":"https:\/\/www.hediyepazar.com\/index.php?rest_route=\/wp\/v2\/product"}],"about":[{"href":"https:\/\/www.hediyepazar.com\/index.php?rest_route=\/wp\/v2\/types\/product"}],"replies":[{"embeddable":true,"href":"https:\/\/www.hediyepazar.com\/index.php?rest_route=%2Fwp%2Fv2%2Fcomments&post=131187"}],"wp:featuredmedia":[{"embeddable":true,"href":"https:\/\/www.hediyepazar.com\/index.php?rest_route=\/wp\/v2\/media\/131186"}],"wp:attachment":[{"href":"https:\/\/www.hediyepazar.com\/index.php?rest_route=%2Fwp%2Fv2%2Fmedia&parent=131187"}],"wp:term":[{"taxonomy":"product_brand","embeddable":true,"href":"https:\/\/www.hediyepazar.com\/index.php?rest_route=%2Fwp%2Fv2%2Fproduct_brand&post=131187"},{"taxonomy":"product_cat","embeddable":true,"href":"https:\/\/www.hediyepazar.com\/index.php?rest_route=%2Fwp%2Fv2%2Fproduct_cat&post=131187"},{"taxonomy":"product_tag","embeddable":true,"href":"https:\/\/www.hediyepazar.com\/index.php?rest_route=%2Fwp%2Fv2%2Fproduct_tag&post=131187"}],"curies":[{"name":"wp","href":"https:\/\/api.w.org\/{rel}","templated":true}]}}