{"id":131197,"date":"2026-05-07T09:55:30","date_gmt":"2026-05-07T12:55:30","guid":{"rendered":"https:\/\/www.hediyepazar.com\/?product=titresimli-masaj-minderi-isi-fonksiyonlu-bel-sirt-rahatlatici-koltuk-minderi"},"modified":"2026-05-07T09:55:30","modified_gmt":"2026-05-07T12:55:30","slug":"titresimli-masaj-minderi-isi-fonksiyonlu-bel-sirt-rahatlatici-koltuk-minderi","status":"publish","type":"product","link":"https:\/\/www.hediyepazar.com\/?product=titresimli-masaj-minderi-isi-fonksiyonlu-bel-sirt-rahatlatici-koltuk-minderi","title":{"rendered":"Titre\u015fimli Masaj Minderi Is\u0131 Fonksiyonlu Bel S\u0131rt Rahatlat\u0131c\u0131 Koltuk Minderi"},"content":{"rendered":"<p>G\u00fcn boyu oturmaktan kaynaklanan bel ve s\u0131rt yorgunlu\u011funu azaltmaya yard\u0131mc\u0131 olan titre\u015fimli masaj minderi, konforu g\u00fcnl\u00fck ya\u015fam\u0131n\u0131za ta\u015f\u0131yan kullan\u0131\u015fl\u0131 bir \u00fcr\u00fcnd\u00fcr. Ofiste masa ba\u015f\u0131nda \u00e7al\u0131\u015fanlar, ara\u00e7 kullananlar ve evde rahatlamak isteyen kullan\u0131c\u0131lar i\u00e7in tasarlanm\u0131\u015ft\u0131r. Ergonomik formu sayesinde \u00e7o\u011fu koltuk ve sandalyeye kolayca uyum sa\u011flar.Masaj b\u00f6lgeleri s\u0131rt ve bel hatt\u0131na odaklanarak titre\u015fimli rahatlat\u0131c\u0131 etki sunar. Uzun s\u00fcreli kullan\u0131m sonras\u0131nda hissedilen gerginlik ve yorgunluk hissinin azalmas\u0131na yard\u0131mc\u0131 olabilir. Kaslar\u0131n gev\u015femesine destek vererek daha rahat hissetmenizi sa\u011flar. Yo\u011fun i\u015f temposundan sonra kullanmak i\u00e7in idealdir.Is\u0131 deste\u011fi ile konfor seviyesi y\u00fckseltilmi\u015ftir. Hafif s\u0131cakl\u0131k hissi, kaslar\u0131n yumu\u015famas\u0131na yard\u0131mc\u0131 olur ve masaj deneyimini daha etkili hale getirir. \u00d6zellikle k\u0131\u015f aylar\u0131nda veya serin ortamlarda kullan\u0131ld\u0131\u011f\u0131nda ekstra rahatl\u0131k sa\u011flar.Fonksiyonel kumandas\u0131 ile mod se\u00e7imi kolayca yap\u0131labilir. Farkl\u0131 masaj seviyeleri aras\u0131nda ge\u00e7i\u015f sa\u011flayarak ihtiyaca g\u00f6re kullan\u0131m sunar. \u0130ster hafif ister daha yo\u011fun masaj deneyimi ya\u015fayabilirsiniz.Ev ve ara\u00e7 kullan\u0131m\u0131na uygun ba\u011flant\u0131 se\u00e7enekleri ile \u00e7ok y\u00f6nl\u00fc kullan\u0131m avantaj\u0131 sa\u011flar. Evde dinlenirken, ofiste \u00e7al\u0131\u015f\u0131rken veya trafikte uzun s\u00fcre direksiyon ba\u015f\u0131nda kal\u0131rken rahatl\u0131kla kullan\u0131labilir. Portatif yap\u0131s\u0131 sayesinde istenilen yere ta\u015f\u0131nabilir.Dayan\u0131kl\u0131 d\u0131\u015f y\u00fczeyi ve kolay temizlenebilir yap\u0131s\u0131 ile uzun \u00f6m\u00fcrl\u00fc kullan\u0131m sunar. G\u00fcnl\u00fck hayat\u0131nda rahatl\u0131k arayan, pratik \u00e7\u00f6z\u00fcmler isteyen kullan\u0131c\u0131lar i\u00e7in ideal tercihlerden biridir.<\/p>\n","protected":false},"excerpt":{"rendered":"<p>G\u00fcn boyu oturmaktan kaynaklanan bel ve s\u0131rt yorgunlu\u011funu azaltmaya yard\u0131mc\u0131 olan titre\u015fimli masaj minderi, konforu g\u00fcnl\u00fck ya\u015fam\u0131n\u0131za ta\u015f\u0131yan kullan\u0131\u015fl\u0131 bir \u00fcr\u00fcnd\u00fcr. Ofiste masa ba\u015f\u0131nda \u00e7al\u0131\u015fanlar, ara\u00e7 kullananlar ve evde rahatlamak isteyen kullan\u0131c\u0131lar i\u00e7in tasarlanm\u0131\u015ft\u0131r. Ergonomik formu sayesinde \u00e7o\u011fu koltuk ve sandalyeye kolayca uyum sa\u011flar.Masaj b\u00f6lgeleri s\u0131rt ve bel hatt\u0131na odaklanarak titre\u015fimli rahatlat\u0131c\u0131 etki sunar. Uzun&#8230;<\/p>\n","protected":false},"featured_media":131196,"comment_status":"open","ping_status":"closed","template":"","meta":{"_kad_post_transparent":"","_kad_post_title":"","_kad_post_layout":"","_kad_post_sidebar_id":"","_kad_post_content_style":"","_kad_post_vertical_padding":"","_kad_post_feature":"","_kad_post_feature_position":"","_kad_post_header":false,"_kad_post_footer":false,"_kad_post_classname":""},"product_brand":[],"product_cat":[14939],"product_tag":[],"class_list":{"0":"post-131197","1":"product","2":"type-product","3":"status-publish","4":"has-post-thumbnail","6":"product_cat-masaj-cihazi-masaj-cihazi","8":"first","9":"instock","10":"purchasable","11":"product-type-simple","12":"entry","13":"content-bg","14":"loop-entry"},"_links":{"self":[{"href":"https:\/\/www.hediyepazar.com\/index.php?rest_route=\/wp\/v2\/product\/131197","targetHints":{"allow":["GET"]}}],"collection":[{"href":"https:\/\/www.hediyepazar.com\/index.php?rest_route=\/wp\/v2\/product"}],"about":[{"href":"https:\/\/www.hediyepazar.com\/index.php?rest_route=\/wp\/v2\/types\/product"}],"replies":[{"embeddable":true,"href":"https:\/\/www.hediyepazar.com\/index.php?rest_route=%2Fwp%2Fv2%2Fcomments&post=131197"}],"wp:featuredmedia":[{"embeddable":true,"href":"https:\/\/www.hediyepazar.com\/index.php?rest_route=\/wp\/v2\/media\/131196"}],"wp:attachment":[{"href":"https:\/\/www.hediyepazar.com\/index.php?rest_route=%2Fwp%2Fv2%2Fmedia&parent=131197"}],"wp:term":[{"taxonomy":"product_brand","embeddable":true,"href":"https:\/\/www.hediyepazar.com\/index.php?rest_route=%2Fwp%2Fv2%2Fproduct_brand&post=131197"},{"taxonomy":"product_cat","embeddable":true,"href":"https:\/\/www.hediyepazar.com\/index.php?rest_route=%2Fwp%2Fv2%2Fproduct_cat&post=131197"},{"taxonomy":"product_tag","embeddable":true,"href":"https:\/\/www.hediyepazar.com\/index.php?rest_route=%2Fwp%2Fv2%2Fproduct_tag&post=131197"}],"curies":[{"name":"wp","href":"https:\/\/api.w.org\/{rel}","templated":true}]}}