{"id":131202,"date":"2026-05-07T09:56:00","date_gmt":"2026-05-07T12:56:00","guid":{"rendered":"https:\/\/www.hediyepazar.com\/?product=sarjli-basincli-temizlik-tabancasi-oto-yikama-jant-cam-bahce-temizleyici"},"modified":"2026-05-07T09:56:00","modified_gmt":"2026-05-07T12:56:00","slug":"sarjli-basincli-temizlik-tabancasi-oto-yikama-jant-cam-bahce-temizleyici","status":"publish","type":"product","link":"https:\/\/www.hediyepazar.com\/?product=sarjli-basincli-temizlik-tabancasi-oto-yikama-jant-cam-bahce-temizleyici","title":{"rendered":"\u015earjl\u0131 Bas\u0131n\u00e7l\u0131 Temizlik Tabancas\u0131 Oto Y\u0131kama Jant Cam Bah\u00e7e Temizleyici"},"content":{"rendered":"<p>\u015earjl\u0131 bas\u0131n\u00e7l\u0131 temizlik tabancas\u0131, g\u00fcnl\u00fck temizlik i\u015flerinde zamandan tasarruf sa\u011flayan g\u00fc\u00e7l\u00fc yard\u0131mc\u0131d\u0131r. Ara\u00e7 y\u0131kama, jant temizleme, cam y\u0131kama, bah\u00e7e sulama ve d\u0131\u015f mekan y\u00fczey temizli\u011finde rahat kullan\u0131m sunar. Kablosuz yap\u0131s\u0131 sayesinde kullan\u0131m alan\u0131 olduk\u00e7a geni\u015ftir.Ara\u00e7 jantlar\u0131nda biriken fren tozu, \u00e7amur ve yol kiri gibi zorlu kirleri temizlemede etkilidir. Cam y\u00fczeylerde su lekelerini gidermeye yard\u0131mc\u0131 olur. Ara\u00e7 kaportas\u0131nda biriken tozlar\u0131 g\u00fc\u00e7l\u00fc su ak\u0131\u015f\u0131 ile h\u0131zl\u0131 \u015fekilde temizler.Bataryal\u0131 kullan\u0131m sistemi ile elektrik ba\u011flant\u0131s\u0131na ihtiya\u00e7 duymaz. \u0130ster bah\u00e7ede ister garajda ister bina \u00f6n\u00fcnde rahatl\u0131kla kullan\u0131labilir. Ergonomik sap tasar\u0131m\u0131 sayesinde rahat tutu\u015f sa\u011flar. Hafif yap\u0131s\u0131 kullan\u0131c\u0131 konforunu art\u0131r\u0131r.Ayarlanabilir p\u00fcsk\u00fcrtme se\u00e7enekleri ile farkl\u0131 kullan\u0131m avantaj\u0131 sunar. Bah\u00e7e sulamada yumu\u015fak ak\u0131\u015f, temizlikte g\u00fc\u00e7l\u00fc bas\u0131n\u00e7 kullan\u0131labilir. Bu da \u00fcr\u00fcn\u00fc \u00e7ok ama\u00e7l\u0131 hale getirir.Dayan\u0131kl\u0131 g\u00f6vde yap\u0131s\u0131 d\u0131\u015f etkenlere kar\u015f\u0131 diren\u00e7lidir. Pratik kurulumu sayesinde k\u0131sa s\u00fcrede kullan\u0131ma haz\u0131r hale gelir. Hortum karma\u015fas\u0131 olmadan d\u00fczenli ve rahat kullan\u0131m sunar.Ev, ara\u00e7 ve bah\u00e7e i\u015flerinde \u00e7ok y\u00f6nl\u00fc kullan\u0131m isteyenler i\u00e7in i\u015flevsel \u00e7\u00f6z\u00fcmd\u00fcr.<\/p>\n","protected":false},"excerpt":{"rendered":"<p>\u015earjl\u0131 bas\u0131n\u00e7l\u0131 temizlik tabancas\u0131, g\u00fcnl\u00fck temizlik i\u015flerinde zamandan tasarruf sa\u011flayan g\u00fc\u00e7l\u00fc yard\u0131mc\u0131d\u0131r. Ara\u00e7 y\u0131kama, jant temizleme, cam y\u0131kama, bah\u00e7e sulama ve d\u0131\u015f mekan y\u00fczey temizli\u011finde rahat kullan\u0131m sunar. Kablosuz yap\u0131s\u0131 sayesinde kullan\u0131m alan\u0131 olduk\u00e7a geni\u015ftir.Ara\u00e7 jantlar\u0131nda biriken fren tozu, \u00e7amur ve yol kiri gibi zorlu kirleri temizlemede etkilidir. Cam y\u00fczeylerde su lekelerini gidermeye yard\u0131mc\u0131 olur&#8230;.<\/p>\n","protected":false},"featured_media":0,"comment_status":"open","ping_status":"closed","template":"","meta":{"_kad_post_transparent":"","_kad_post_title":"","_kad_post_layout":"","_kad_post_sidebar_id":"","_kad_post_content_style":"","_kad_post_vertical_padding":"","_kad_post_feature":"","_kad_post_feature_position":"","_kad_post_header":false,"_kad_post_footer":false,"_kad_post_classname":""},"product_brand":[],"product_cat":[14971],"product_tag":[],"class_list":{"0":"post-131202","1":"product","2":"type-product","3":"status-publish","5":"product_cat-yuksek-basincli-yikama-makinesi-yuksek-basincli-yikama-makinesi","7":"first","8":"instock","9":"purchasable","10":"product-type-simple","11":"entry","12":"content-bg","13":"loop-entry"},"_links":{"self":[{"href":"https:\/\/www.hediyepazar.com\/index.php?rest_route=\/wp\/v2\/product\/131202","targetHints":{"allow":["GET"]}}],"collection":[{"href":"https:\/\/www.hediyepazar.com\/index.php?rest_route=\/wp\/v2\/product"}],"about":[{"href":"https:\/\/www.hediyepazar.com\/index.php?rest_route=\/wp\/v2\/types\/product"}],"replies":[{"embeddable":true,"href":"https:\/\/www.hediyepazar.com\/index.php?rest_route=%2Fwp%2Fv2%2Fcomments&post=131202"}],"wp:attachment":[{"href":"https:\/\/www.hediyepazar.com\/index.php?rest_route=%2Fwp%2Fv2%2Fmedia&parent=131202"}],"wp:term":[{"taxonomy":"product_brand","embeddable":true,"href":"https:\/\/www.hediyepazar.com\/index.php?rest_route=%2Fwp%2Fv2%2Fproduct_brand&post=131202"},{"taxonomy":"product_cat","embeddable":true,"href":"https:\/\/www.hediyepazar.com\/index.php?rest_route=%2Fwp%2Fv2%2Fproduct_cat&post=131202"},{"taxonomy":"product_tag","embeddable":true,"href":"https:\/\/www.hediyepazar.com\/index.php?rest_route=%2Fwp%2Fv2%2Fproduct_tag&post=131202"}],"curies":[{"name":"wp","href":"https:\/\/api.w.org\/{rel}","templated":true}]}}