{"id":131222,"date":"2026-05-07T09:59:18","date_gmt":"2026-05-07T12:59:18","guid":{"rendered":"https:\/\/www.hediyepazar.com\/?product=bluetooth-destekli-kask-kamerasi-uzun-batarya-ve-akilli-kontrol"},"modified":"2026-05-07T09:59:18","modified_gmt":"2026-05-07T12:59:18","slug":"bluetooth-destekli-kask-kamerasi-uzun-batarya-ve-akilli-kontrol","status":"publish","type":"product","link":"https:\/\/www.hediyepazar.com\/?product=bluetooth-destekli-kask-kamerasi-uzun-batarya-ve-akilli-kontrol","title":{"rendered":"Bluetooth Destekli Kask Kameras\u0131 Uzun Batarya ve Ak\u0131ll\u0131 Kontrol"},"content":{"rendered":"<p>Bluetooth destekli bu kask kameras\u0131, s\u00fcr\u00fc\u015f s\u0131ras\u0131nda hem g\u00fcvenli\u011finizi art\u0131r\u0131r hem de ileti\u015fim ihtiya\u00e7lar\u0131n\u0131z\u0131 kar\u015f\u0131lar. 1080P \u00e7\u00f6z\u00fcn\u00fcrl\u00fckte kay\u0131t yapabilen kamera, geni\u015f a\u00e7\u0131l\u0131 lens yap\u0131s\u0131 ile daha fazla alan\u0131 g\u00f6r\u00fcnt\u00fcler.Bluetooth 5.4 teknolojisi sayesinde h\u0131zl\u0131 ve stabil ba\u011flant\u0131 sa\u011flar. Telefon g\u00f6r\u00fc\u015fmeleri, m\u00fczik ve navigasyon kullan\u0131m\u0131 kolayla\u015f\u0131r.3000mAh batarya kapasitesi ile uzun s\u00fcreli kullan\u0131m sunar. Tek \u015farj ile g\u00fcn boyu kullan\u0131m sa\u011flar.3 farkl\u0131 \u0131\u015f\u0131k modu ile g\u00f6r\u00fcn\u00fcrl\u00fc\u011f\u00fcn\u00fcz\u00fc art\u0131r\u0131r. Gece s\u00fcr\u00fc\u015flerinde ekstra g\u00fcvenlik sa\u011flar.Dayan\u0131kl\u0131 yap\u0131s\u0131 sayesinde zorlu ko\u015fullara kar\u015f\u0131 diren\u00e7lidir. T\u00fcm kask modelleri ile uyumludur.<\/p>\n","protected":false},"excerpt":{"rendered":"<p>Bluetooth destekli bu kask kameras\u0131, s\u00fcr\u00fc\u015f s\u0131ras\u0131nda hem g\u00fcvenli\u011finizi art\u0131r\u0131r hem de ileti\u015fim ihtiya\u00e7lar\u0131n\u0131z\u0131 kar\u015f\u0131lar. 1080P \u00e7\u00f6z\u00fcn\u00fcrl\u00fckte kay\u0131t yapabilen kamera, geni\u015f a\u00e7\u0131l\u0131 lens yap\u0131s\u0131 ile daha fazla alan\u0131 g\u00f6r\u00fcnt\u00fcler.Bluetooth 5.4 teknolojisi sayesinde h\u0131zl\u0131 ve stabil ba\u011flant\u0131 sa\u011flar. Telefon g\u00f6r\u00fc\u015fmeleri, m\u00fczik ve navigasyon kullan\u0131m\u0131 kolayla\u015f\u0131r.3000mAh batarya kapasitesi ile uzun s\u00fcreli kullan\u0131m sunar. Tek \u015farj ile g\u00fcn&#8230;<\/p>\n","protected":false},"featured_media":131221,"comment_status":"open","ping_status":"closed","template":"","meta":{"_kad_post_transparent":"","_kad_post_title":"","_kad_post_layout":"","_kad_post_sidebar_id":"","_kad_post_content_style":"","_kad_post_vertical_padding":"","_kad_post_feature":"","_kad_post_feature_position":"","_kad_post_header":false,"_kad_post_footer":false,"_kad_post_classname":""},"product_brand":[],"product_cat":[15010],"product_tag":[],"class_list":{"0":"post-131222","1":"product","2":"type-product","3":"status-publish","4":"has-post-thumbnail","6":"product_cat-intercom-intercom","8":"first","9":"instock","10":"purchasable","11":"product-type-simple","12":"entry","13":"content-bg","14":"loop-entry"},"_links":{"self":[{"href":"https:\/\/www.hediyepazar.com\/index.php?rest_route=\/wp\/v2\/product\/131222","targetHints":{"allow":["GET"]}}],"collection":[{"href":"https:\/\/www.hediyepazar.com\/index.php?rest_route=\/wp\/v2\/product"}],"about":[{"href":"https:\/\/www.hediyepazar.com\/index.php?rest_route=\/wp\/v2\/types\/product"}],"replies":[{"embeddable":true,"href":"https:\/\/www.hediyepazar.com\/index.php?rest_route=%2Fwp%2Fv2%2Fcomments&post=131222"}],"wp:featuredmedia":[{"embeddable":true,"href":"https:\/\/www.hediyepazar.com\/index.php?rest_route=\/wp\/v2\/media\/131221"}],"wp:attachment":[{"href":"https:\/\/www.hediyepazar.com\/index.php?rest_route=%2Fwp%2Fv2%2Fmedia&parent=131222"}],"wp:term":[{"taxonomy":"product_brand","embeddable":true,"href":"https:\/\/www.hediyepazar.com\/index.php?rest_route=%2Fwp%2Fv2%2Fproduct_brand&post=131222"},{"taxonomy":"product_cat","embeddable":true,"href":"https:\/\/www.hediyepazar.com\/index.php?rest_route=%2Fwp%2Fv2%2Fproduct_cat&post=131222"},{"taxonomy":"product_tag","embeddable":true,"href":"https:\/\/www.hediyepazar.com\/index.php?rest_route=%2Fwp%2Fv2%2Fproduct_tag&post=131222"}],"curies":[{"name":"wp","href":"https:\/\/api.w.org\/{rel}","templated":true}]}}