{"id":131230,"date":"2026-05-07T10:00:19","date_gmt":"2026-05-07T13:00:19","guid":{"rendered":"https:\/\/www.hediyepazar.com\/?product=gece-goruslu-arac-kamerasi-hdr-teknoloji-ve-kesintisiz-kayit"},"modified":"2026-05-07T10:00:19","modified_gmt":"2026-05-07T13:00:19","slug":"gece-goruslu-arac-kamerasi-hdr-teknoloji-ve-kesintisiz-kayit","status":"publish","type":"product","link":"https:\/\/www.hediyepazar.com\/?product=gece-goruslu-arac-kamerasi-hdr-teknoloji-ve-kesintisiz-kayit","title":{"rendered":"Gece G\u00f6r\u00fc\u015fl\u00fc Ara\u00e7 Kameras\u0131 HDR Teknoloji ve Kesintisiz Kay\u0131t"},"content":{"rendered":"<p>4 kamera deste\u011fi ile donat\u0131lm\u0131\u015f bu DVR ara\u00e7 kameras\u0131, arac\u0131n\u0131z\u0131n her a\u00e7\u0131s\u0131n\u0131 kay\u0131t alt\u0131na alarak maksimum g\u00fcvenlik sa\u011flar. \u00d6n, arka ve yan a\u00e7\u0131lardan kay\u0131t alabilme \u00f6zelli\u011fi sayesinde t\u00fcm detaylar net \u015fekilde g\u00f6r\u00fcnt\u00fclenir.Full HD kay\u0131t kalitesi ile y\u00fcksek \u00e7\u00f6z\u00fcn\u00fcrl\u00fck sunar. Bu sayede g\u00f6r\u00fcnt\u00fcler net ve anla\u015f\u0131l\u0131r olur.Hareket sens\u00f6r\u00fc sayesinde ara\u00e7 park halindeyken bile kay\u0131t yapmaya devam eder. Bu \u00f6zellik \u00f6zellikle g\u00fcvenlik a\u00e7\u0131s\u0131ndan b\u00fcy\u00fck avantaj sa\u011flar.Loop recording \u00f6zelli\u011fi ile kesintisiz kay\u0131t imkan\u0131 sunar. Haf\u0131za doldu\u011funda eski kay\u0131tlar otomatik olarak silinir.Gece g\u00f6r\u00fc\u015f teknolojisi ile d\u00fc\u015f\u00fck \u0131\u015f\u0131kta bile y\u00fcksek performans sunar.<\/p>\n","protected":false},"excerpt":{"rendered":"<p>4 kamera deste\u011fi ile donat\u0131lm\u0131\u015f bu DVR ara\u00e7 kameras\u0131, arac\u0131n\u0131z\u0131n her a\u00e7\u0131s\u0131n\u0131 kay\u0131t alt\u0131na alarak maksimum g\u00fcvenlik sa\u011flar. \u00d6n, arka ve yan a\u00e7\u0131lardan kay\u0131t alabilme \u00f6zelli\u011fi sayesinde t\u00fcm detaylar net \u015fekilde g\u00f6r\u00fcnt\u00fclenir.Full HD kay\u0131t kalitesi ile y\u00fcksek \u00e7\u00f6z\u00fcn\u00fcrl\u00fck sunar. Bu sayede g\u00f6r\u00fcnt\u00fcler net ve anla\u015f\u0131l\u0131r olur.Hareket sens\u00f6r\u00fc sayesinde ara\u00e7 park halindeyken bile kay\u0131t yapmaya devam&#8230;<\/p>\n","protected":false},"featured_media":131229,"comment_status":"open","ping_status":"closed","template":"","meta":{"_kad_post_transparent":"","_kad_post_title":"","_kad_post_layout":"","_kad_post_sidebar_id":"","_kad_post_content_style":"","_kad_post_vertical_padding":"","_kad_post_feature":"","_kad_post_feature_position":"","_kad_post_header":false,"_kad_post_footer":false,"_kad_post_classname":""},"product_brand":[],"product_cat":[15062],"product_tag":[],"class_list":{"0":"post-131230","1":"product","2":"type-product","3":"status-publish","4":"has-post-thumbnail","6":"product_cat-arac-ici-kamera-arac-ici-kamera","8":"first","9":"instock","10":"purchasable","11":"product-type-simple","12":"entry","13":"content-bg","14":"loop-entry"},"_links":{"self":[{"href":"https:\/\/www.hediyepazar.com\/index.php?rest_route=\/wp\/v2\/product\/131230","targetHints":{"allow":["GET"]}}],"collection":[{"href":"https:\/\/www.hediyepazar.com\/index.php?rest_route=\/wp\/v2\/product"}],"about":[{"href":"https:\/\/www.hediyepazar.com\/index.php?rest_route=\/wp\/v2\/types\/product"}],"replies":[{"embeddable":true,"href":"https:\/\/www.hediyepazar.com\/index.php?rest_route=%2Fwp%2Fv2%2Fcomments&post=131230"}],"wp:featuredmedia":[{"embeddable":true,"href":"https:\/\/www.hediyepazar.com\/index.php?rest_route=\/wp\/v2\/media\/131229"}],"wp:attachment":[{"href":"https:\/\/www.hediyepazar.com\/index.php?rest_route=%2Fwp%2Fv2%2Fmedia&parent=131230"}],"wp:term":[{"taxonomy":"product_brand","embeddable":true,"href":"https:\/\/www.hediyepazar.com\/index.php?rest_route=%2Fwp%2Fv2%2Fproduct_brand&post=131230"},{"taxonomy":"product_cat","embeddable":true,"href":"https:\/\/www.hediyepazar.com\/index.php?rest_route=%2Fwp%2Fv2%2Fproduct_cat&post=131230"},{"taxonomy":"product_tag","embeddable":true,"href":"https:\/\/www.hediyepazar.com\/index.php?rest_route=%2Fwp%2Fv2%2Fproduct_tag&post=131230"}],"curies":[{"name":"wp","href":"https:\/\/api.w.org\/{rel}","templated":true}]}}