{"id":131242,"date":"2026-05-07T10:04:19","date_gmt":"2026-05-07T13:04:19","guid":{"rendered":"https:\/\/www.hediyepazar.com\/?product=elektrikli-dis-fircasi-guclu-performans-ve-ergonomik-kullanim"},"modified":"2026-05-07T10:04:19","modified_gmt":"2026-05-07T13:04:19","slug":"elektrikli-dis-fircasi-guclu-performans-ve-ergonomik-kullanim","status":"publish","type":"product","link":"https:\/\/www.hediyepazar.com\/?product=elektrikli-dis-fircasi-guclu-performans-ve-ergonomik-kullanim","title":{"rendered":"Elektrikli Di\u015f F\u0131r\u00e7as\u0131 G\u00fc\u00e7l\u00fc Performans ve Ergonomik Kullan\u0131m"},"content":{"rendered":"<p>G\u00fc\u00e7l\u00fc motor teknolojisi ile donat\u0131lm\u0131\u015f bu elektrikli di\u015f f\u0131r\u00e7as\u0131, etkili temizlik performans\u0131 sunar. Dakikada y\u00fcksek titre\u015fim g\u00fcc\u00fc ile \u00e7al\u0131\u015fan cihaz, di\u015f y\u00fczeyindeki plaklar\u0131 ve kal\u0131nt\u0131lar\u0131 derinlemesine temizler. D\u00fczenli kullan\u0131mda daha sa\u011fl\u0131kl\u0131 di\u015fler ve daha temiz bir a\u011f\u0131z yap\u0131s\u0131 elde etmenize yard\u0131mc\u0131 olur.Ergonomik tasar\u0131m\u0131 sayesinde elde rahat bir tutu\u015f sa\u011flar. Kaymaz y\u00fczeyi ile kullan\u0131m s\u0131ras\u0131nda maksimum kontrol sunar. Modern ve \u015f\u0131k tasar\u0131m\u0131 ile estetik bir g\u00f6r\u00fcn\u00fcm sunar.5 farkl\u0131 \u00e7al\u0131\u015fma modu sayesinde farkl\u0131 temizlik ihtiya\u00e7lar\u0131na cevap verir. Hassas mod, di\u015f eti hassasiyeti olan kullan\u0131c\u0131lar i\u00e7in idealdir. G\u00fc\u00e7l\u00fc temizlik modu ise yo\u011fun plak olu\u015fumuna kar\u015f\u0131 etkilidir.500 mAh batarya kapasitesi sayesinde uzun s\u00fcreli kullan\u0131m sunar. Tek \u015farj ile g\u00fcnlerce kullan\u0131m imkan\u0131 sa\u011flar. H\u0131zl\u0131 \u015farj \u00f6zelli\u011fi sayesinde k\u0131sa s\u00fcrede tekrar kullan\u0131ma haz\u0131r hale gelir.IPX7 su ge\u00e7irmezlik \u00f6zelli\u011fi ile suya kar\u015f\u0131 dayan\u0131kl\u0131d\u0131r. Bu \u00f6zellik hem g\u00fcvenli kullan\u0131m hem de kolay temizlik sa\u011flar. 4 adet yedek ba\u015fl\u0131k ile birlikte gelen \u00fcr\u00fcn, uzun s\u00fcreli kullan\u0131m i\u00e7in ekonomik bir \u00e7\u00f6z\u00fcmd\u00fcr.<\/p>\n","protected":false},"excerpt":{"rendered":"<p>G\u00fc\u00e7l\u00fc motor teknolojisi ile donat\u0131lm\u0131\u015f bu elektrikli di\u015f f\u0131r\u00e7as\u0131, etkili temizlik performans\u0131 sunar. Dakikada y\u00fcksek titre\u015fim g\u00fcc\u00fc ile \u00e7al\u0131\u015fan cihaz, di\u015f y\u00fczeyindeki plaklar\u0131 ve kal\u0131nt\u0131lar\u0131 derinlemesine temizler. D\u00fczenli kullan\u0131mda daha sa\u011fl\u0131kl\u0131 di\u015fler ve daha temiz bir a\u011f\u0131z yap\u0131s\u0131 elde etmenize yard\u0131mc\u0131 olur.Ergonomik tasar\u0131m\u0131 sayesinde elde rahat bir tutu\u015f sa\u011flar. Kaymaz y\u00fczeyi ile kullan\u0131m s\u0131ras\u0131nda maksimum&#8230;<\/p>\n","protected":false},"featured_media":131241,"comment_status":"open","ping_status":"closed","template":"","meta":{"_kad_post_transparent":"","_kad_post_title":"","_kad_post_layout":"","_kad_post_sidebar_id":"","_kad_post_content_style":"","_kad_post_vertical_padding":"","_kad_post_feature":"","_kad_post_feature_position":"","_kad_post_header":false,"_kad_post_footer":false,"_kad_post_classname":""},"product_brand":[],"product_cat":[15308],"product_tag":[],"class_list":{"0":"post-131242","1":"product","2":"type-product","3":"status-publish","4":"has-post-thumbnail","6":"product_cat-dis-fircasi-dis-fircasi-2","8":"first","9":"instock","10":"purchasable","11":"product-type-simple","12":"entry","13":"content-bg","14":"loop-entry"},"_links":{"self":[{"href":"https:\/\/www.hediyepazar.com\/index.php?rest_route=\/wp\/v2\/product\/131242","targetHints":{"allow":["GET"]}}],"collection":[{"href":"https:\/\/www.hediyepazar.com\/index.php?rest_route=\/wp\/v2\/product"}],"about":[{"href":"https:\/\/www.hediyepazar.com\/index.php?rest_route=\/wp\/v2\/types\/product"}],"replies":[{"embeddable":true,"href":"https:\/\/www.hediyepazar.com\/index.php?rest_route=%2Fwp%2Fv2%2Fcomments&post=131242"}],"wp:featuredmedia":[{"embeddable":true,"href":"https:\/\/www.hediyepazar.com\/index.php?rest_route=\/wp\/v2\/media\/131241"}],"wp:attachment":[{"href":"https:\/\/www.hediyepazar.com\/index.php?rest_route=%2Fwp%2Fv2%2Fmedia&parent=131242"}],"wp:term":[{"taxonomy":"product_brand","embeddable":true,"href":"https:\/\/www.hediyepazar.com\/index.php?rest_route=%2Fwp%2Fv2%2Fproduct_brand&post=131242"},{"taxonomy":"product_cat","embeddable":true,"href":"https:\/\/www.hediyepazar.com\/index.php?rest_route=%2Fwp%2Fv2%2Fproduct_cat&post=131242"},{"taxonomy":"product_tag","embeddable":true,"href":"https:\/\/www.hediyepazar.com\/index.php?rest_route=%2Fwp%2Fv2%2Fproduct_tag&post=131242"}],"curies":[{"name":"wp","href":"https:\/\/api.w.org\/{rel}","templated":true}]}}