{"id":131244,"date":"2026-05-07T10:06:03","date_gmt":"2026-05-07T13:06:03","guid":{"rendered":"https:\/\/www.hediyepazar.com\/?product=sonic-dis-fircasi-derinlemesine-temizlik-ve-hassas-dis-bakimi"},"modified":"2026-05-07T10:06:03","modified_gmt":"2026-05-07T13:06:03","slug":"sonic-dis-fircasi-derinlemesine-temizlik-ve-hassas-dis-bakimi","status":"publish","type":"product","link":"https:\/\/www.hediyepazar.com\/?product=sonic-dis-fircasi-derinlemesine-temizlik-ve-hassas-dis-bakimi","title":{"rendered":"Sonic Di\u015f F\u0131r\u00e7as\u0131 Derinlemesine Temizlik ve Hassas Di\u015f Bak\u0131m\u0131"},"content":{"rendered":"<p>Sonic titre\u015fim teknolojisi ile donat\u0131lm\u0131\u015f bu di\u015f f\u0131r\u00e7as\u0131, a\u011f\u0131z bak\u0131m\u0131nda yeni bir standart belirler. Y\u00fcksek titre\u015fim g\u00fcc\u00fc sayesinde di\u015f y\u00fczeyinde olu\u015fan plaklar\u0131 etkili bir \u015fekilde temizlerken, di\u015f etlerine zarar vermeden nazik bir bak\u0131m sa\u011flar. \u00d6zellikle hassas di\u015f yap\u0131s\u0131na sahip kullan\u0131c\u0131lar i\u00e7in g\u00fcvenli ve etkili bir \u00e7\u00f6z\u00fcmd\u00fcr.5 farkl\u0131 \u00e7al\u0131\u015fma modu sayesinde farkl\u0131 temizlik ihtiya\u00e7lar\u0131na cevap verir. G\u00fcnl\u00fck temizlik, hassas bak\u0131m, beyazlatma ve masaj gibi se\u00e7enekler sunarak kullan\u0131c\u0131ya ki\u015fiselle\u015ftirilmi\u015f bir deneyim sa\u011flar. Bu sayede herkes kendi di\u015f yap\u0131s\u0131na uygun bak\u0131m modunu kolayca se\u00e7ebilir.500 mAh batarya kapasitesi ile uzun s\u00fcreli kullan\u0131m sunar. Tek \u015farj ile g\u00fcnlerce kullan\u0131m imkan\u0131 sa\u011flayarak kullan\u0131c\u0131ya b\u00fcy\u00fck kolayl\u0131k sunar. \u015earj s\u00fcresi k\u0131sa olup h\u0131zl\u0131 kullan\u0131m avantaj\u0131 sa\u011flar.IPX7 su ge\u00e7irmezlik \u00f6zelli\u011fi sayesinde \u00fcr\u00fcn suya kar\u015f\u0131 dayan\u0131kl\u0131d\u0131r. Bu \u00f6zellik hem g\u00fcvenli kullan\u0131m hem de hijyen a\u00e7\u0131s\u0131ndan b\u00fcy\u00fck avantaj sa\u011flar. \u00dcr\u00fcn kolayca temizlenebilir ve uzun \u00f6m\u00fcrl\u00fc kullan\u0131m sunar.4 adet yedek ba\u015fl\u0131k ile birlikte gelen bu di\u015f f\u0131r\u00e7as\u0131, uzun vadeli kullan\u0131m i\u00e7in ideal bir se\u00e7enektir. Hem performans\u0131 hem de kullan\u0131m kolayl\u0131\u011f\u0131 ile a\u011f\u0131z bak\u0131m rutininizi \u00fcst seviyeye ta\u015f\u0131r.<\/p>\n","protected":false},"excerpt":{"rendered":"<p>Sonic titre\u015fim teknolojisi ile donat\u0131lm\u0131\u015f bu di\u015f f\u0131r\u00e7as\u0131, a\u011f\u0131z bak\u0131m\u0131nda yeni bir standart belirler. Y\u00fcksek titre\u015fim g\u00fcc\u00fc sayesinde di\u015f y\u00fczeyinde olu\u015fan plaklar\u0131 etkili bir \u015fekilde temizlerken, di\u015f etlerine zarar vermeden nazik bir bak\u0131m sa\u011flar. \u00d6zellikle hassas di\u015f yap\u0131s\u0131na sahip kullan\u0131c\u0131lar i\u00e7in g\u00fcvenli ve etkili bir \u00e7\u00f6z\u00fcmd\u00fcr.5 farkl\u0131 \u00e7al\u0131\u015fma modu sayesinde farkl\u0131 temizlik ihtiya\u00e7lar\u0131na cevap verir&#8230;.<\/p>\n","protected":false},"featured_media":131243,"comment_status":"open","ping_status":"closed","template":"","meta":{"_kad_post_transparent":"","_kad_post_title":"","_kad_post_layout":"","_kad_post_sidebar_id":"","_kad_post_content_style":"","_kad_post_vertical_padding":"","_kad_post_feature":"","_kad_post_feature_position":"","_kad_post_header":false,"_kad_post_footer":false,"_kad_post_classname":""},"product_brand":[],"product_cat":[15308],"product_tag":[],"class_list":{"0":"post-131244","1":"product","2":"type-product","3":"status-publish","4":"has-post-thumbnail","6":"product_cat-dis-fircasi-dis-fircasi-2","8":"first","9":"instock","10":"purchasable","11":"product-type-simple","12":"entry","13":"content-bg","14":"loop-entry"},"_links":{"self":[{"href":"https:\/\/www.hediyepazar.com\/index.php?rest_route=\/wp\/v2\/product\/131244","targetHints":{"allow":["GET"]}}],"collection":[{"href":"https:\/\/www.hediyepazar.com\/index.php?rest_route=\/wp\/v2\/product"}],"about":[{"href":"https:\/\/www.hediyepazar.com\/index.php?rest_route=\/wp\/v2\/types\/product"}],"replies":[{"embeddable":true,"href":"https:\/\/www.hediyepazar.com\/index.php?rest_route=%2Fwp%2Fv2%2Fcomments&post=131244"}],"wp:featuredmedia":[{"embeddable":true,"href":"https:\/\/www.hediyepazar.com\/index.php?rest_route=\/wp\/v2\/media\/131243"}],"wp:attachment":[{"href":"https:\/\/www.hediyepazar.com\/index.php?rest_route=%2Fwp%2Fv2%2Fmedia&parent=131244"}],"wp:term":[{"taxonomy":"product_brand","embeddable":true,"href":"https:\/\/www.hediyepazar.com\/index.php?rest_route=%2Fwp%2Fv2%2Fproduct_brand&post=131244"},{"taxonomy":"product_cat","embeddable":true,"href":"https:\/\/www.hediyepazar.com\/index.php?rest_route=%2Fwp%2Fv2%2Fproduct_cat&post=131244"},{"taxonomy":"product_tag","embeddable":true,"href":"https:\/\/www.hediyepazar.com\/index.php?rest_route=%2Fwp%2Fv2%2Fproduct_tag&post=131244"}],"curies":[{"name":"wp","href":"https:\/\/api.w.org\/{rel}","templated":true}]}}