{"id":131262,"date":"2026-05-07T10:11:13","date_gmt":"2026-05-07T13:11:13","guid":{"rendered":"https:\/\/www.hediyepazar.com\/?product=dekoratif-led-yazi-paneli-rgb-animasyonlu-uzaktan-kumandali-ekran"},"modified":"2026-05-07T10:11:13","modified_gmt":"2026-05-07T13:11:13","slug":"dekoratif-led-yazi-paneli-rgb-animasyonlu-uzaktan-kumandali-ekran","status":"publish","type":"product","link":"https:\/\/www.hediyepazar.com\/?product=dekoratif-led-yazi-paneli-rgb-animasyonlu-uzaktan-kumandali-ekran","title":{"rendered":"Dekoratif LED Yaz\u0131 Paneli RGB Animasyonlu Uzaktan Kumandal\u0131 Ekran"},"content":{"rendered":"<p>Dekoratif LED panel, estetik ve teknolojiyi bir araya getirir.RGB renk deste\u011fi ile canl\u0131 g\u00f6r\u00fcnt\u00fcler sunar.Kayan yaz\u0131 ve animasyon \u00f6zellikleri mevcuttur.Uzaktan kumanda ile kontrol edilebilir.Teknik \u00d6zellikler:Piksel: 16x96G\u00fc\u00e7: 5V \/ 2AKontrol: Kumanda + uygulamaUzun \u00f6m\u00fcrl\u00fc LED yap\u0131ya sahiptir.Kolay kurulum sa\u011flar.<\/p>\n","protected":false},"excerpt":{"rendered":"<p>Dekoratif LED panel, estetik ve teknolojiyi bir araya getirir.RGB renk deste\u011fi ile canl\u0131 g\u00f6r\u00fcnt\u00fcler sunar.Kayan yaz\u0131 ve animasyon \u00f6zellikleri mevcuttur.Uzaktan kumanda ile kontrol edilebilir.Teknik \u00d6zellikler:Piksel: 16x96G\u00fc\u00e7: 5V \/ 2AKontrol: Kumanda + uygulamaUzun \u00f6m\u00fcrl\u00fc LED yap\u0131ya sahiptir.Kolay kurulum sa\u011flar.<\/p>\n","protected":false},"featured_media":131261,"comment_status":"open","ping_status":"closed","template":"","meta":{"_kad_post_transparent":"","_kad_post_title":"","_kad_post_layout":"","_kad_post_sidebar_id":"","_kad_post_content_style":"","_kad_post_vertical_padding":"","_kad_post_feature":"","_kad_post_feature_position":"","_kad_post_header":false,"_kad_post_footer":false,"_kad_post_classname":""},"product_brand":[],"product_cat":[14933],"product_tag":[],"class_list":{"0":"post-131262","1":"product","2":"type-product","3":"status-publish","4":"has-post-thumbnail","6":"product_cat-led-isik-led-isik","8":"first","9":"instock","10":"purchasable","11":"product-type-simple","12":"entry","13":"content-bg","14":"loop-entry"},"_links":{"self":[{"href":"https:\/\/www.hediyepazar.com\/index.php?rest_route=\/wp\/v2\/product\/131262","targetHints":{"allow":["GET"]}}],"collection":[{"href":"https:\/\/www.hediyepazar.com\/index.php?rest_route=\/wp\/v2\/product"}],"about":[{"href":"https:\/\/www.hediyepazar.com\/index.php?rest_route=\/wp\/v2\/types\/product"}],"replies":[{"embeddable":true,"href":"https:\/\/www.hediyepazar.com\/index.php?rest_route=%2Fwp%2Fv2%2Fcomments&post=131262"}],"wp:featuredmedia":[{"embeddable":true,"href":"https:\/\/www.hediyepazar.com\/index.php?rest_route=\/wp\/v2\/media\/131261"}],"wp:attachment":[{"href":"https:\/\/www.hediyepazar.com\/index.php?rest_route=%2Fwp%2Fv2%2Fmedia&parent=131262"}],"wp:term":[{"taxonomy":"product_brand","embeddable":true,"href":"https:\/\/www.hediyepazar.com\/index.php?rest_route=%2Fwp%2Fv2%2Fproduct_brand&post=131262"},{"taxonomy":"product_cat","embeddable":true,"href":"https:\/\/www.hediyepazar.com\/index.php?rest_route=%2Fwp%2Fv2%2Fproduct_cat&post=131262"},{"taxonomy":"product_tag","embeddable":true,"href":"https:\/\/www.hediyepazar.com\/index.php?rest_route=%2Fwp%2Fv2%2Fproduct_tag&post=131262"}],"curies":[{"name":"wp","href":"https:\/\/api.w.org\/{rel}","templated":true}]}}