{"id":131274,"date":"2026-05-07T10:15:13","date_gmt":"2026-05-07T13:15:13","guid":{"rendered":"https:\/\/www.hediyepazar.com\/?product=mini-bluetooth-hoparlor-fm-radyo-usb-tf-kart-destekli-tasinabilir"},"modified":"2026-05-07T10:15:13","modified_gmt":"2026-05-07T13:15:13","slug":"mini-bluetooth-hoparlor-fm-radyo-usb-tf-kart-destekli-tasinabilir","status":"publish","type":"product","link":"https:\/\/www.hediyepazar.com\/?product=mini-bluetooth-hoparlor-fm-radyo-usb-tf-kart-destekli-tasinabilir","title":{"rendered":"Mini Bluetooth Hoparl\u00f6r FM Radyo USB TF Kart Destekli Ta\u015f\u0131nabilir"},"content":{"rendered":"<p>Mini bluetooth hoparl\u00f6r, ta\u015f\u0131nabilirlik ve performans\u0131 bir araya getiren pratik bir ses cihaz\u0131d\u0131r. K\u00fc\u00e7\u00fck boyutuna ra\u011fmen sundu\u011fu g\u00fc\u00e7l\u00fc ses performans\u0131 ile m\u00fczik keyfini her ortamda ya\u015faman\u0131z\u0131 sa\u011flar.Bluetooth ba\u011flant\u0131 \u00f6zelli\u011fi ile cihazlar\u0131n\u0131z\u0131 h\u0131zl\u0131ca ba\u011flayabilir ve kablosuz m\u00fczik dinleme deneyimi ya\u015fayabilirsiniz.USB ve TF kart deste\u011fi sayesinde m\u00fcziklerinizi do\u011frudan oynatabilirsiniz.FM radyo \u00f6zelli\u011fi ile istedi\u011finiz zaman radyo dinleyebilirsiniz.Net ve dengeli ses \u00e7\u0131k\u0131\u015f\u0131 sayesinde m\u00fczik keyfiniz artar.Eller serbest konu\u015fma \u00f6zelli\u011fi ile \u00e7a\u011fr\u0131lar\u0131n\u0131z\u0131 kolayca cevaplayabilirsiniz.Kompakt tasar\u0131m\u0131 sayesinde her yere kolayca ta\u015f\u0131n\u0131r.Dahili bataryas\u0131 ile uzun s\u00fcre kullan\u0131m sa\u011flar.<\/p>\n","protected":false},"excerpt":{"rendered":"<p>Mini bluetooth hoparl\u00f6r, ta\u015f\u0131nabilirlik ve performans\u0131 bir araya getiren pratik bir ses cihaz\u0131d\u0131r. K\u00fc\u00e7\u00fck boyutuna ra\u011fmen sundu\u011fu g\u00fc\u00e7l\u00fc ses performans\u0131 ile m\u00fczik keyfini her ortamda ya\u015faman\u0131z\u0131 sa\u011flar.Bluetooth ba\u011flant\u0131 \u00f6zelli\u011fi ile cihazlar\u0131n\u0131z\u0131 h\u0131zl\u0131ca ba\u011flayabilir ve kablosuz m\u00fczik dinleme deneyimi ya\u015fayabilirsiniz.USB ve TF kart deste\u011fi sayesinde m\u00fcziklerinizi do\u011frudan oynatabilirsiniz.FM radyo \u00f6zelli\u011fi ile istedi\u011finiz zaman radyo dinleyebilirsiniz.Net ve&#8230;<\/p>\n","protected":false},"featured_media":131273,"comment_status":"open","ping_status":"closed","template":"","meta":{"_kad_post_transparent":"","_kad_post_title":"","_kad_post_layout":"","_kad_post_sidebar_id":"","_kad_post_content_style":"","_kad_post_vertical_padding":"","_kad_post_feature":"","_kad_post_feature_position":"","_kad_post_header":false,"_kad_post_footer":false,"_kad_post_classname":""},"product_brand":[],"product_cat":[14911],"product_tag":[],"class_list":{"0":"post-131274","1":"product","2":"type-product","3":"status-publish","4":"has-post-thumbnail","6":"product_cat-kablosuz-hoparlor-kablosuz-hoparlor","8":"first","9":"instock","10":"purchasable","11":"product-type-simple","12":"entry","13":"content-bg","14":"loop-entry"},"_links":{"self":[{"href":"https:\/\/www.hediyepazar.com\/index.php?rest_route=\/wp\/v2\/product\/131274","targetHints":{"allow":["GET"]}}],"collection":[{"href":"https:\/\/www.hediyepazar.com\/index.php?rest_route=\/wp\/v2\/product"}],"about":[{"href":"https:\/\/www.hediyepazar.com\/index.php?rest_route=\/wp\/v2\/types\/product"}],"replies":[{"embeddable":true,"href":"https:\/\/www.hediyepazar.com\/index.php?rest_route=%2Fwp%2Fv2%2Fcomments&post=131274"}],"wp:featuredmedia":[{"embeddable":true,"href":"https:\/\/www.hediyepazar.com\/index.php?rest_route=\/wp\/v2\/media\/131273"}],"wp:attachment":[{"href":"https:\/\/www.hediyepazar.com\/index.php?rest_route=%2Fwp%2Fv2%2Fmedia&parent=131274"}],"wp:term":[{"taxonomy":"product_brand","embeddable":true,"href":"https:\/\/www.hediyepazar.com\/index.php?rest_route=%2Fwp%2Fv2%2Fproduct_brand&post=131274"},{"taxonomy":"product_cat","embeddable":true,"href":"https:\/\/www.hediyepazar.com\/index.php?rest_route=%2Fwp%2Fv2%2Fproduct_cat&post=131274"},{"taxonomy":"product_tag","embeddable":true,"href":"https:\/\/www.hediyepazar.com\/index.php?rest_route=%2Fwp%2Fv2%2Fproduct_tag&post=131274"}],"curies":[{"name":"wp","href":"https:\/\/api.w.org\/{rel}","templated":true}]}}