{"id":131280,"date":"2026-05-07T10:16:14","date_gmt":"2026-05-07T13:16:14","guid":{"rendered":"https:\/\/www.hediyepazar.com\/?product=gunes-enerjili-hizli-sarj-powerbank-tasinabilir-yuksek-kapasiteli-80-000"},"modified":"2026-05-07T10:16:14","modified_gmt":"2026-05-07T13:16:14","slug":"gunes-enerjili-hizli-sarj-powerbank-tasinabilir-yuksek-kapasiteli-80-000","status":"publish","type":"product","link":"https:\/\/www.hediyepazar.com\/?product=gunes-enerjili-hizli-sarj-powerbank-tasinabilir-yuksek-kapasiteli-80-000","title":{"rendered":"G\u00fcne\u015f Enerjili H\u0131zl\u0131 \u015earj Powerbank Ta\u015f\u0131nabilir Y\u00fcksek Kapasiteli 80.000"},"content":{"rendered":"<p>G\u00fcne\u015f enerjili powerbank, y\u00fcksek kapasitesi ve h\u0131zl\u0131 \u015farj \u00f6zelli\u011fi ile g\u00fcnl\u00fck enerji ihtiyac\u0131n\u0131z\u0131 kar\u015f\u0131lamak i\u00e7in tasarlanm\u0131\u015ft\u0131r.G\u00fcne\u015f enerjisi deste\u011fi sayesinde a\u00e7\u0131k alanlarda ekstra \u015farj imkan\u0131 sunar.Y\u00fcksek kapasiteli bataryas\u0131 ile uzun s\u00fcre kullan\u0131m sa\u011flar.H\u0131zl\u0131 \u015farj teknolojisi ile zaman kazand\u0131r\u0131r.Dayan\u0131kl\u0131 yap\u0131s\u0131 ile uzun \u00f6m\u00fcrl\u00fc kullan\u0131m sunar.Ta\u015f\u0131nabilir tasar\u0131m\u0131 ile her yerde kolay kullan\u0131m sa\u011flar.Birden fazla cihaz\u0131 destekler.G\u00fcvenli \u015farj sistemi ile cihazlar\u0131n\u0131z\u0131 korur.<\/p>\n","protected":false},"excerpt":{"rendered":"<p>G\u00fcne\u015f enerjili powerbank, y\u00fcksek kapasitesi ve h\u0131zl\u0131 \u015farj \u00f6zelli\u011fi ile g\u00fcnl\u00fck enerji ihtiyac\u0131n\u0131z\u0131 kar\u015f\u0131lamak i\u00e7in tasarlanm\u0131\u015ft\u0131r.G\u00fcne\u015f enerjisi deste\u011fi sayesinde a\u00e7\u0131k alanlarda ekstra \u015farj imkan\u0131 sunar.Y\u00fcksek kapasiteli bataryas\u0131 ile uzun s\u00fcre kullan\u0131m sa\u011flar.H\u0131zl\u0131 \u015farj teknolojisi ile zaman kazand\u0131r\u0131r.Dayan\u0131kl\u0131 yap\u0131s\u0131 ile uzun \u00f6m\u00fcrl\u00fc kullan\u0131m sunar.Ta\u015f\u0131nabilir tasar\u0131m\u0131 ile her yerde kolay kullan\u0131m sa\u011flar.Birden fazla cihaz\u0131 destekler.G\u00fcvenli \u015farj sistemi&#8230;<\/p>\n","protected":false},"featured_media":131279,"comment_status":"open","ping_status":"closed","template":"","meta":{"_kad_post_transparent":"","_kad_post_title":"","_kad_post_layout":"","_kad_post_sidebar_id":"","_kad_post_content_style":"","_kad_post_vertical_padding":"","_kad_post_feature":"","_kad_post_feature_position":"","_kad_post_header":false,"_kad_post_footer":false,"_kad_post_classname":""},"product_brand":[],"product_cat":[14937],"product_tag":[],"class_list":{"0":"post-131280","1":"product","2":"type-product","3":"status-publish","4":"has-post-thumbnail","6":"product_cat-powerbank-powerbank-2","8":"first","9":"instock","10":"purchasable","11":"product-type-simple","12":"entry","13":"content-bg","14":"loop-entry"},"_links":{"self":[{"href":"https:\/\/www.hediyepazar.com\/index.php?rest_route=\/wp\/v2\/product\/131280","targetHints":{"allow":["GET"]}}],"collection":[{"href":"https:\/\/www.hediyepazar.com\/index.php?rest_route=\/wp\/v2\/product"}],"about":[{"href":"https:\/\/www.hediyepazar.com\/index.php?rest_route=\/wp\/v2\/types\/product"}],"replies":[{"embeddable":true,"href":"https:\/\/www.hediyepazar.com\/index.php?rest_route=%2Fwp%2Fv2%2Fcomments&post=131280"}],"wp:featuredmedia":[{"embeddable":true,"href":"https:\/\/www.hediyepazar.com\/index.php?rest_route=\/wp\/v2\/media\/131279"}],"wp:attachment":[{"href":"https:\/\/www.hediyepazar.com\/index.php?rest_route=%2Fwp%2Fv2%2Fmedia&parent=131280"}],"wp:term":[{"taxonomy":"product_brand","embeddable":true,"href":"https:\/\/www.hediyepazar.com\/index.php?rest_route=%2Fwp%2Fv2%2Fproduct_brand&post=131280"},{"taxonomy":"product_cat","embeddable":true,"href":"https:\/\/www.hediyepazar.com\/index.php?rest_route=%2Fwp%2Fv2%2Fproduct_cat&post=131280"},{"taxonomy":"product_tag","embeddable":true,"href":"https:\/\/www.hediyepazar.com\/index.php?rest_route=%2Fwp%2Fv2%2Fproduct_tag&post=131280"}],"curies":[{"name":"wp","href":"https:\/\/api.w.org\/{rel}","templated":true}]}}