{"id":1322,"date":"2026-04-26T06:25:04","date_gmt":"2026-04-26T09:25:04","guid":{"rendered":"https:\/\/www.hediyepazar.com\/?product=sunny-axen-woon-3dli-dunya-tuslu-lcd-led-tv-kumandasi"},"modified":"2026-04-26T06:25:09","modified_gmt":"2026-04-26T09:25:09","slug":"sunny-axen-woon-3dli-dunya-tuslu-lcd-led-tv-kumandasi","status":"publish","type":"product","link":"https:\/\/www.hediyepazar.com\/?product=sunny-axen-woon-3dli-dunya-tuslu-lcd-led-tv-kumandasi","title":{"rendered":"Sunny-axen-woon 3d&#8217;li D\u00fcnya Tu\u015flu Lcd Led Tv Kumandas\u0131"},"content":{"rendered":"<p>Sunny-axen-woon 3d&#8217;li D\u00fcnya Tu\u015flu Lcd Led Tv Kumandas\u0131<\/p>\n","protected":false},"excerpt":{"rendered":"<p>Sunny-axen-woon 3d&#8217;li D\u00fcnya Tu\u015flu Lcd Led Tv Kumandas\u0131<\/p>\n","protected":false},"featured_media":1323,"comment_status":"closed","ping_status":"open","template":"","meta":{"_kad_post_transparent":"","_kad_post_title":"","_kad_post_layout":"","_kad_post_sidebar_id":"","_kad_post_content_style":"","_kad_post_vertical_padding":"","_kad_post_feature":"","_kad_post_feature_position":"","_kad_post_header":false,"_kad_post_footer":false,"_kad_post_classname":""},"product_brand":[],"product_cat":[217],"product_tag":[],"class_list":{"0":"post-1322","1":"product","2":"type-product","3":"status-publish","4":"has-post-thumbnail","6":"product_cat-uzaktan-kumanda-televizyon-ve-video-kumandalari-lcd-led-plazma-tv-kumandalari","8":"first","9":"instock","10":"purchasable","11":"product-type-simple","12":"entry","13":"content-bg","14":"loop-entry"},"_links":{"self":[{"href":"https:\/\/www.hediyepazar.com\/index.php?rest_route=\/wp\/v2\/product\/1322","targetHints":{"allow":["GET"]}}],"collection":[{"href":"https:\/\/www.hediyepazar.com\/index.php?rest_route=\/wp\/v2\/product"}],"about":[{"href":"https:\/\/www.hediyepazar.com\/index.php?rest_route=\/wp\/v2\/types\/product"}],"replies":[{"embeddable":true,"href":"https:\/\/www.hediyepazar.com\/index.php?rest_route=%2Fwp%2Fv2%2Fcomments&post=1322"}],"wp:featuredmedia":[{"embeddable":true,"href":"https:\/\/www.hediyepazar.com\/index.php?rest_route=\/wp\/v2\/media\/1323"}],"wp:attachment":[{"href":"https:\/\/www.hediyepazar.com\/index.php?rest_route=%2Fwp%2Fv2%2Fmedia&parent=1322"}],"wp:term":[{"taxonomy":"product_brand","embeddable":true,"href":"https:\/\/www.hediyepazar.com\/index.php?rest_route=%2Fwp%2Fv2%2Fproduct_brand&post=1322"},{"taxonomy":"product_cat","embeddable":true,"href":"https:\/\/www.hediyepazar.com\/index.php?rest_route=%2Fwp%2Fv2%2Fproduct_cat&post=1322"},{"taxonomy":"product_tag","embeddable":true,"href":"https:\/\/www.hediyepazar.com\/index.php?rest_route=%2Fwp%2Fv2%2Fproduct_tag&post=1322"}],"curies":[{"name":"wp","href":"https:\/\/api.w.org\/{rel}","templated":true}]}}