{"id":13952,"date":"2026-04-26T07:46:14","date_gmt":"2026-04-26T10:46:14","guid":{"rendered":"https:\/\/www.hediyepazar.com\/?product=huayu-k-dk1920-universal-daikin-akilli-klima-kumandasi"},"modified":"2026-04-26T07:46:17","modified_gmt":"2026-04-26T10:46:17","slug":"huayu-k-dk1920-universal-daikin-akilli-klima-kumandasi","status":"publish","type":"product","link":"https:\/\/www.hediyepazar.com\/?product=huayu-k-dk1920-universal-daikin-akilli-klima-kumandasi","title":{"rendered":"Huayu K-dk1920 \u00dcniversal Da\u0131k\u0131n Ak\u0131ll\u0131 Klima Kumandas\u0131"},"content":{"rendered":"<p>Huayu K-dk1920 \u00dcniversal Da\u0131k\u0131n Ak\u0131ll\u0131 Klima Kumandas\u0131<\/p>\n","protected":false},"excerpt":{"rendered":"<p>Huayu K-dk1920 \u00dcniversal Da\u0131k\u0131n Ak\u0131ll\u0131 Klima Kumandas\u0131<\/p>\n","protected":false},"featured_media":13953,"comment_status":"closed","ping_status":"open","template":"","meta":{"_kad_post_transparent":"","_kad_post_title":"","_kad_post_layout":"","_kad_post_sidebar_id":"","_kad_post_content_style":"","_kad_post_vertical_padding":"","_kad_post_feature":"","_kad_post_feature_position":"","_kad_post_header":false,"_kad_post_footer":false,"_kad_post_classname":""},"product_brand":[],"product_cat":[223],"product_tag":[],"class_list":{"0":"post-13952","1":"product","2":"type-product","3":"status-publish","4":"has-post-thumbnail","6":"product_cat-uzaktan-kumanda-ev-aletleri-kumandalari-klima-kumandalari","8":"first","9":"instock","10":"purchasable","11":"product-type-simple","12":"entry","13":"content-bg","14":"loop-entry"},"_links":{"self":[{"href":"https:\/\/www.hediyepazar.com\/index.php?rest_route=\/wp\/v2\/product\/13952","targetHints":{"allow":["GET"]}}],"collection":[{"href":"https:\/\/www.hediyepazar.com\/index.php?rest_route=\/wp\/v2\/product"}],"about":[{"href":"https:\/\/www.hediyepazar.com\/index.php?rest_route=\/wp\/v2\/types\/product"}],"replies":[{"embeddable":true,"href":"https:\/\/www.hediyepazar.com\/index.php?rest_route=%2Fwp%2Fv2%2Fcomments&post=13952"}],"wp:featuredmedia":[{"embeddable":true,"href":"https:\/\/www.hediyepazar.com\/index.php?rest_route=\/wp\/v2\/media\/13953"}],"wp:attachment":[{"href":"https:\/\/www.hediyepazar.com\/index.php?rest_route=%2Fwp%2Fv2%2Fmedia&parent=13952"}],"wp:term":[{"taxonomy":"product_brand","embeddable":true,"href":"https:\/\/www.hediyepazar.com\/index.php?rest_route=%2Fwp%2Fv2%2Fproduct_brand&post=13952"},{"taxonomy":"product_cat","embeddable":true,"href":"https:\/\/www.hediyepazar.com\/index.php?rest_route=%2Fwp%2Fv2%2Fproduct_cat&post=13952"},{"taxonomy":"product_tag","embeddable":true,"href":"https:\/\/www.hediyepazar.com\/index.php?rest_route=%2Fwp%2Fv2%2Fproduct_tag&post=13952"}],"curies":[{"name":"wp","href":"https:\/\/api.w.org\/{rel}","templated":true}]}}