{"id":14024,"date":"2026-04-26T07:46:42","date_gmt":"2026-04-26T10:46:42","guid":{"rendered":"https:\/\/www.hediyepazar.com\/?product=powermaster-pm-37780-tezgah-alti-led-aydinlatma-kumandasi-askilikli"},"modified":"2026-04-26T07:46:43","modified_gmt":"2026-04-26T10:46:43","slug":"powermaster-pm-37780-tezgah-alti-led-aydinlatma-kumandasi-askilikli","status":"publish","type":"product","link":"https:\/\/www.hediyepazar.com\/?product=powermaster-pm-37780-tezgah-alti-led-aydinlatma-kumandasi-askilikli","title":{"rendered":"Powermaster Pm-37780 Tezgah Alt\u0131 Led Ayd\u0131nlatma Kumandas\u0131 (ask\u0131l\u0131kl\u0131)"},"content":{"rendered":"<p>Powermaster Pm-37780 Tezgah Alt\u0131 Led Ayd\u0131nlatma Kumandas\u0131 (ask\u0131l\u0131kl\u0131)<\/p>\n","protected":false},"excerpt":{"rendered":"<p>Powermaster Pm-37780 Tezgah Alt\u0131 Led Ayd\u0131nlatma Kumandas\u0131 (ask\u0131l\u0131kl\u0131)<\/p>\n","protected":false},"featured_media":14025,"comment_status":"closed","ping_status":"open","template":"","meta":{"_kad_post_transparent":"","_kad_post_title":"","_kad_post_layout":"","_kad_post_sidebar_id":"","_kad_post_content_style":"","_kad_post_vertical_padding":"","_kad_post_feature":"","_kad_post_feature_position":"","_kad_post_header":false,"_kad_post_footer":false,"_kad_post_classname":""},"product_brand":[],"product_cat":[405],"product_tag":[],"class_list":{"0":"post-14024","1":"product","2":"type-product","3":"status-publish","4":"has-post-thumbnail","6":"product_cat-ev-ve-yasam-ev-yasam-ve-teknoloji-tuketici-elektronigi","8":"first","9":"instock","10":"purchasable","11":"product-type-simple","12":"entry","13":"content-bg","14":"loop-entry"},"_links":{"self":[{"href":"https:\/\/www.hediyepazar.com\/index.php?rest_route=\/wp\/v2\/product\/14024","targetHints":{"allow":["GET"]}}],"collection":[{"href":"https:\/\/www.hediyepazar.com\/index.php?rest_route=\/wp\/v2\/product"}],"about":[{"href":"https:\/\/www.hediyepazar.com\/index.php?rest_route=\/wp\/v2\/types\/product"}],"replies":[{"embeddable":true,"href":"https:\/\/www.hediyepazar.com\/index.php?rest_route=%2Fwp%2Fv2%2Fcomments&post=14024"}],"wp:featuredmedia":[{"embeddable":true,"href":"https:\/\/www.hediyepazar.com\/index.php?rest_route=\/wp\/v2\/media\/14025"}],"wp:attachment":[{"href":"https:\/\/www.hediyepazar.com\/index.php?rest_route=%2Fwp%2Fv2%2Fmedia&parent=14024"}],"wp:term":[{"taxonomy":"product_brand","embeddable":true,"href":"https:\/\/www.hediyepazar.com\/index.php?rest_route=%2Fwp%2Fv2%2Fproduct_brand&post=14024"},{"taxonomy":"product_cat","embeddable":true,"href":"https:\/\/www.hediyepazar.com\/index.php?rest_route=%2Fwp%2Fv2%2Fproduct_cat&post=14024"},{"taxonomy":"product_tag","embeddable":true,"href":"https:\/\/www.hediyepazar.com\/index.php?rest_route=%2Fwp%2Fv2%2Fproduct_tag&post=14024"}],"curies":[{"name":"wp","href":"https:\/\/api.w.org\/{rel}","templated":true}]}}