{"id":14032,"date":"2026-04-26T07:46:42","date_gmt":"2026-04-26T10:46:42","guid":{"rendered":"https:\/\/www.hediyepazar.com\/?product=8mm-yesil-plastik-dubel-500lu-ekonomik-paket"},"modified":"2026-04-26T07:46:45","modified_gmt":"2026-04-26T10:46:45","slug":"8mm-yesil-plastik-dubel-500lu-ekonomik-paket","status":"publish","type":"product","link":"https:\/\/www.hediyepazar.com\/?product=8mm-yesil-plastik-dubel-500lu-ekonomik-paket","title":{"rendered":"8mm Ye\u015fil Plastik D\u00fcbel 500&#8217;l\u00fc Ekonomik Paket"},"content":{"rendered":"<p>8mm Ye\u015fil Plastik D\u00fcbel 500&#8217;l\u00fc Ekonomik Paket<\/p>\n","protected":false},"excerpt":{"rendered":"<p>8mm Ye\u015fil Plastik D\u00fcbel 500&#8217;l\u00fc Ekonomik Paket<\/p>\n","protected":false},"featured_media":14033,"comment_status":"closed","ping_status":"open","template":"","meta":{"_kad_post_transparent":"","_kad_post_title":"","_kad_post_layout":"","_kad_post_sidebar_id":"","_kad_post_content_style":"","_kad_post_vertical_padding":"","_kad_post_feature":"","_kad_post_feature_position":"","_kad_post_header":false,"_kad_post_footer":false,"_kad_post_classname":""},"product_brand":[],"product_cat":[357],"product_tag":[],"class_list":{"0":"post-14032","1":"product","2":"type-product","3":"status-publish","4":"has-post-thumbnail","6":"product_cat-hirdavat-malzemeleri-hirdavat-tamir-malzemeleri","8":"first","9":"instock","10":"purchasable","11":"product-type-simple","12":"entry","13":"content-bg","14":"loop-entry"},"_links":{"self":[{"href":"https:\/\/www.hediyepazar.com\/index.php?rest_route=\/wp\/v2\/product\/14032","targetHints":{"allow":["GET"]}}],"collection":[{"href":"https:\/\/www.hediyepazar.com\/index.php?rest_route=\/wp\/v2\/product"}],"about":[{"href":"https:\/\/www.hediyepazar.com\/index.php?rest_route=\/wp\/v2\/types\/product"}],"replies":[{"embeddable":true,"href":"https:\/\/www.hediyepazar.com\/index.php?rest_route=%2Fwp%2Fv2%2Fcomments&post=14032"}],"wp:featuredmedia":[{"embeddable":true,"href":"https:\/\/www.hediyepazar.com\/index.php?rest_route=\/wp\/v2\/media\/14033"}],"wp:attachment":[{"href":"https:\/\/www.hediyepazar.com\/index.php?rest_route=%2Fwp%2Fv2%2Fmedia&parent=14032"}],"wp:term":[{"taxonomy":"product_brand","embeddable":true,"href":"https:\/\/www.hediyepazar.com\/index.php?rest_route=%2Fwp%2Fv2%2Fproduct_brand&post=14032"},{"taxonomy":"product_cat","embeddable":true,"href":"https:\/\/www.hediyepazar.com\/index.php?rest_route=%2Fwp%2Fv2%2Fproduct_cat&post=14032"},{"taxonomy":"product_tag","embeddable":true,"href":"https:\/\/www.hediyepazar.com\/index.php?rest_route=%2Fwp%2Fv2%2Fproduct_tag&post=14032"}],"curies":[{"name":"wp","href":"https:\/\/api.w.org\/{rel}","templated":true}]}}