{"id":1424,"date":"2026-04-26T06:37:09","date_gmt":"2026-04-26T09:37:09","guid":{"rendered":"https:\/\/www.hediyepazar.com\/?product=powermaster-seffaf-usb-yazici-kablosu-1-5-metre"},"modified":"2026-04-26T06:37:10","modified_gmt":"2026-04-26T09:37:10","slug":"powermaster-seffaf-usb-yazici-kablosu-1-5-metre","status":"publish","type":"product","link":"https:\/\/www.hediyepazar.com\/?product=powermaster-seffaf-usb-yazici-kablosu-1-5-metre","title":{"rendered":"Powermaster \u015eeffaf Usb Yaz\u0131c\u0131 Kablosu 1.5 Metre"},"content":{"rendered":"<p>Powermaster \u015eeffaf Usb Yaz\u0131c\u0131 Kablosu 1.5 Metre<\/p>\n","protected":false},"excerpt":{"rendered":"<p>Powermaster \u015eeffaf Usb Yaz\u0131c\u0131 Kablosu 1.5 Metre<\/p>\n","protected":false},"featured_media":1425,"comment_status":"closed","ping_status":"open","template":"","meta":{"_kad_post_transparent":"","_kad_post_title":"","_kad_post_layout":"","_kad_post_sidebar_id":"","_kad_post_content_style":"","_kad_post_vertical_padding":"","_kad_post_feature":"","_kad_post_feature_position":"","_kad_post_header":false,"_kad_post_footer":false,"_kad_post_classname":""},"product_brand":[],"product_cat":[258],"product_tag":[],"class_list":{"0":"post-1424","1":"product","2":"type-product","3":"status-publish","4":"has-post-thumbnail","6":"product_cat-kablo-cesitleri-bilgisayar-kablolari-yazici-kablolari","8":"first","9":"instock","10":"purchasable","11":"product-type-simple","12":"entry","13":"content-bg","14":"loop-entry"},"_links":{"self":[{"href":"https:\/\/www.hediyepazar.com\/index.php?rest_route=\/wp\/v2\/product\/1424","targetHints":{"allow":["GET"]}}],"collection":[{"href":"https:\/\/www.hediyepazar.com\/index.php?rest_route=\/wp\/v2\/product"}],"about":[{"href":"https:\/\/www.hediyepazar.com\/index.php?rest_route=\/wp\/v2\/types\/product"}],"replies":[{"embeddable":true,"href":"https:\/\/www.hediyepazar.com\/index.php?rest_route=%2Fwp%2Fv2%2Fcomments&post=1424"}],"wp:featuredmedia":[{"embeddable":true,"href":"https:\/\/www.hediyepazar.com\/index.php?rest_route=\/wp\/v2\/media\/1425"}],"wp:attachment":[{"href":"https:\/\/www.hediyepazar.com\/index.php?rest_route=%2Fwp%2Fv2%2Fmedia&parent=1424"}],"wp:term":[{"taxonomy":"product_brand","embeddable":true,"href":"https:\/\/www.hediyepazar.com\/index.php?rest_route=%2Fwp%2Fv2%2Fproduct_brand&post=1424"},{"taxonomy":"product_cat","embeddable":true,"href":"https:\/\/www.hediyepazar.com\/index.php?rest_route=%2Fwp%2Fv2%2Fproduct_cat&post=1424"},{"taxonomy":"product_tag","embeddable":true,"href":"https:\/\/www.hediyepazar.com\/index.php?rest_route=%2Fwp%2Fv2%2Fproduct_tag&post=1424"}],"curies":[{"name":"wp","href":"https:\/\/api.w.org\/{rel}","templated":true}]}}