{"id":14246,"date":"2026-04-26T07:48:01","date_gmt":"2026-04-26T10:48:01","guid":{"rendered":"https:\/\/www.hediyepazar.com\/?product=everest-sm-g72-isikli-usb-kablolu-optik-oyuncu-gaming-mouse"},"modified":"2026-04-26T07:48:03","modified_gmt":"2026-04-26T10:48:03","slug":"everest-sm-g72-isikli-usb-kablolu-optik-oyuncu-gaming-mouse","status":"publish","type":"product","link":"https:\/\/www.hediyepazar.com\/?product=everest-sm-g72-isikli-usb-kablolu-optik-oyuncu-gaming-mouse","title":{"rendered":"Everest Sm-g72 I\u015f\u0131kl\u0131 Usb Kablolu Optik Oyuncu (gaming) Mouse"},"content":{"rendered":"<p>Everest Sm-g72 I\u015f\u0131kl\u0131 Usb Kablolu Optik Oyuncu (gaming) Mouse<\/p>\n","protected":false},"excerpt":{"rendered":"<p>Everest Sm-g72 I\u015f\u0131kl\u0131 Usb Kablolu Optik Oyuncu (gaming) Mouse<\/p>\n","protected":false},"featured_media":14247,"comment_status":"closed","ping_status":"open","template":"","meta":{"_kad_post_transparent":"","_kad_post_title":"","_kad_post_layout":"","_kad_post_sidebar_id":"","_kad_post_content_style":"","_kad_post_vertical_padding":"","_kad_post_feature":"","_kad_post_feature_position":"","_kad_post_header":false,"_kad_post_footer":false,"_kad_post_classname":""},"product_brand":[],"product_cat":[283],"product_tag":[],"class_list":{"0":"post-14246","1":"product","2":"type-product","3":"status-publish","4":"has-post-thumbnail","6":"product_cat-oem-ve-cevre-birimleri-oyuncu-ekipmanlari-gaming-mouse","8":"first","9":"instock","10":"purchasable","11":"product-type-simple","12":"entry","13":"content-bg","14":"loop-entry"},"_links":{"self":[{"href":"https:\/\/www.hediyepazar.com\/index.php?rest_route=\/wp\/v2\/product\/14246","targetHints":{"allow":["GET"]}}],"collection":[{"href":"https:\/\/www.hediyepazar.com\/index.php?rest_route=\/wp\/v2\/product"}],"about":[{"href":"https:\/\/www.hediyepazar.com\/index.php?rest_route=\/wp\/v2\/types\/product"}],"replies":[{"embeddable":true,"href":"https:\/\/www.hediyepazar.com\/index.php?rest_route=%2Fwp%2Fv2%2Fcomments&post=14246"}],"wp:featuredmedia":[{"embeddable":true,"href":"https:\/\/www.hediyepazar.com\/index.php?rest_route=\/wp\/v2\/media\/14247"}],"wp:attachment":[{"href":"https:\/\/www.hediyepazar.com\/index.php?rest_route=%2Fwp%2Fv2%2Fmedia&parent=14246"}],"wp:term":[{"taxonomy":"product_brand","embeddable":true,"href":"https:\/\/www.hediyepazar.com\/index.php?rest_route=%2Fwp%2Fv2%2Fproduct_brand&post=14246"},{"taxonomy":"product_cat","embeddable":true,"href":"https:\/\/www.hediyepazar.com\/index.php?rest_route=%2Fwp%2Fv2%2Fproduct_cat&post=14246"},{"taxonomy":"product_tag","embeddable":true,"href":"https:\/\/www.hediyepazar.com\/index.php?rest_route=%2Fwp%2Fv2%2Fproduct_tag&post=14246"}],"curies":[{"name":"wp","href":"https:\/\/api.w.org\/{rel}","templated":true}]}}