{"id":14784,"date":"2026-04-26T07:51:08","date_gmt":"2026-04-26T10:51:08","guid":{"rendered":"https:\/\/www.hediyepazar.com\/?product=powermaster-yedek-ufleme-hortumu-968-968d-icin"},"modified":"2026-04-26T07:51:10","modified_gmt":"2026-04-26T10:51:10","slug":"powermaster-yedek-ufleme-hortumu-968-968d-icin","status":"publish","type":"product","link":"https:\/\/www.hediyepazar.com\/?product=powermaster-yedek-ufleme-hortumu-968-968d-icin","title":{"rendered":"Powermaster Yedek \u00dcfleme Hortumu  (968-968d \u0130\u00e7in)"},"content":{"rendered":"<p>Powermaster Yedek \u00dcfleme Hortumu  (968-968d \u0130\u00e7in)<\/p>\n","protected":false},"excerpt":{"rendered":"<p>Powermaster Yedek \u00dcfleme Hortumu (968-968d \u0130\u00e7in)<\/p>\n","protected":false},"featured_media":14785,"comment_status":"closed","ping_status":"open","template":"","meta":{"_kad_post_transparent":"","_kad_post_title":"","_kad_post_layout":"","_kad_post_sidebar_id":"","_kad_post_content_style":"","_kad_post_vertical_padding":"","_kad_post_feature":"","_kad_post_feature_position":"","_kad_post_header":false,"_kad_post_footer":false,"_kad_post_classname":""},"product_brand":[],"product_cat":[390],"product_tag":[],"class_list":{"0":"post-14784","1":"product","2":"type-product","3":"status-publish","4":"has-post-thumbnail","6":"product_cat-hirdavat-malzemeleri-hirdavat-tamir-malzemeleri-havya-lehim","8":"first","9":"instock","10":"purchasable","11":"product-type-simple","12":"entry","13":"content-bg","14":"loop-entry"},"_links":{"self":[{"href":"https:\/\/www.hediyepazar.com\/index.php?rest_route=\/wp\/v2\/product\/14784","targetHints":{"allow":["GET"]}}],"collection":[{"href":"https:\/\/www.hediyepazar.com\/index.php?rest_route=\/wp\/v2\/product"}],"about":[{"href":"https:\/\/www.hediyepazar.com\/index.php?rest_route=\/wp\/v2\/types\/product"}],"replies":[{"embeddable":true,"href":"https:\/\/www.hediyepazar.com\/index.php?rest_route=%2Fwp%2Fv2%2Fcomments&post=14784"}],"wp:featuredmedia":[{"embeddable":true,"href":"https:\/\/www.hediyepazar.com\/index.php?rest_route=\/wp\/v2\/media\/14785"}],"wp:attachment":[{"href":"https:\/\/www.hediyepazar.com\/index.php?rest_route=%2Fwp%2Fv2%2Fmedia&parent=14784"}],"wp:term":[{"taxonomy":"product_brand","embeddable":true,"href":"https:\/\/www.hediyepazar.com\/index.php?rest_route=%2Fwp%2Fv2%2Fproduct_brand&post=14784"},{"taxonomy":"product_cat","embeddable":true,"href":"https:\/\/www.hediyepazar.com\/index.php?rest_route=%2Fwp%2Fv2%2Fproduct_cat&post=14784"},{"taxonomy":"product_tag","embeddable":true,"href":"https:\/\/www.hediyepazar.com\/index.php?rest_route=%2Fwp%2Fv2%2Fproduct_tag&post=14784"}],"curies":[{"name":"wp","href":"https:\/\/api.w.org\/{rel}","templated":true}]}}