{"id":1574,"date":"2026-04-26T06:37:48","date_gmt":"2026-04-26T09:37:48","guid":{"rendered":"https:\/\/www.hediyepazar.com\/?product=sd28-su-gecirmez-2-pin-28-mm-duz-kablo-konnektor"},"modified":"2026-04-26T06:37:51","modified_gmt":"2026-04-26T09:37:51","slug":"sd28-su-gecirmez-2-pin-28-mm-duz-kablo-konnektor","status":"publish","type":"product","link":"https:\/\/www.hediyepazar.com\/?product=sd28-su-gecirmez-2-pin-28-mm-duz-kablo-konnektor","title":{"rendered":"Sd28 Su Ge\u00e7irmez 2 Pin 28 Mm D\u00fcz Kablo Konnekt\u00f6r"},"content":{"rendered":"<p>Sd28 Su Ge\u00e7irmez 2 Pin 28 Mm D\u00fcz Kablo Konnekt\u00f6r<\/p>\n","protected":false},"excerpt":{"rendered":"<p>Sd28 Su Ge\u00e7irmez 2 Pin 28 Mm D\u00fcz Kablo Konnekt\u00f6r<\/p>\n","protected":false},"featured_media":1575,"comment_status":"closed","ping_status":"open","template":"","meta":{"_kad_post_transparent":"","_kad_post_title":"","_kad_post_layout":"","_kad_post_sidebar_id":"","_kad_post_content_style":"","_kad_post_vertical_padding":"","_kad_post_feature":"","_kad_post_feature_position":"","_kad_post_header":false,"_kad_post_footer":false,"_kad_post_classname":""},"product_brand":[],"product_cat":[216],"product_tag":[],"class_list":{"0":"post-1574","1":"product","2":"type-product","3":"status-publish","4":"has-post-thumbnail","6":"product_cat-hirdavat-malzemeleri-hirdavat-tamir-malzemeleri-fis-jack-sase-fis-jack-sase-buton-konnektor","8":"first","9":"instock","10":"purchasable","11":"product-type-simple","12":"entry","13":"content-bg","14":"loop-entry"},"_links":{"self":[{"href":"https:\/\/www.hediyepazar.com\/index.php?rest_route=\/wp\/v2\/product\/1574","targetHints":{"allow":["GET"]}}],"collection":[{"href":"https:\/\/www.hediyepazar.com\/index.php?rest_route=\/wp\/v2\/product"}],"about":[{"href":"https:\/\/www.hediyepazar.com\/index.php?rest_route=\/wp\/v2\/types\/product"}],"replies":[{"embeddable":true,"href":"https:\/\/www.hediyepazar.com\/index.php?rest_route=%2Fwp%2Fv2%2Fcomments&post=1574"}],"wp:featuredmedia":[{"embeddable":true,"href":"https:\/\/www.hediyepazar.com\/index.php?rest_route=\/wp\/v2\/media\/1575"}],"wp:attachment":[{"href":"https:\/\/www.hediyepazar.com\/index.php?rest_route=%2Fwp%2Fv2%2Fmedia&parent=1574"}],"wp:term":[{"taxonomy":"product_brand","embeddable":true,"href":"https:\/\/www.hediyepazar.com\/index.php?rest_route=%2Fwp%2Fv2%2Fproduct_brand&post=1574"},{"taxonomy":"product_cat","embeddable":true,"href":"https:\/\/www.hediyepazar.com\/index.php?rest_route=%2Fwp%2Fv2%2Fproduct_cat&post=1574"},{"taxonomy":"product_tag","embeddable":true,"href":"https:\/\/www.hediyepazar.com\/index.php?rest_route=%2Fwp%2Fv2%2Fproduct_tag&post=1574"}],"curies":[{"name":"wp","href":"https:\/\/api.w.org\/{rel}","templated":true}]}}