{"id":1602,"date":"2026-04-26T06:37:59","date_gmt":"2026-04-26T09:37:59","guid":{"rendered":"https:\/\/www.hediyepazar.com\/?product=cam-sigorta-kucuk-3-15-a-100-adet"},"modified":"2026-04-26T06:38:00","modified_gmt":"2026-04-26T09:38:00","slug":"cam-sigorta-kucuk-3-15-a-100-adet","status":"publish","type":"product","link":"https:\/\/www.hediyepazar.com\/?product=cam-sigorta-kucuk-3-15-a-100-adet","title":{"rendered":"Cam Sigorta K\u00fc\u00e7\u00fck 3.15 A (100 Adet)"},"content":{"rendered":"<p>Cam Sigorta K\u00fc\u00e7\u00fck 3.15 A (100 Adet)<\/p>\n","protected":false},"excerpt":{"rendered":"<p>Cam Sigorta K\u00fc\u00e7\u00fck 3.15 A (100 Adet)<\/p>\n","protected":false},"featured_media":1603,"comment_status":"closed","ping_status":"open","template":"","meta":{"_kad_post_transparent":"","_kad_post_title":"","_kad_post_layout":"","_kad_post_sidebar_id":"","_kad_post_content_style":"","_kad_post_vertical_padding":"","_kad_post_feature":"","_kad_post_feature_position":"","_kad_post_header":false,"_kad_post_footer":false,"_kad_post_classname":""},"product_brand":[],"product_cat":[235],"product_tag":[],"class_list":{"0":"post-1602","1":"product","2":"type-product","3":"status-publish","4":"has-post-thumbnail","6":"product_cat-elektronik-malzemeler-cam-sigorta","8":"first","9":"instock","10":"purchasable","11":"product-type-simple","12":"entry","13":"content-bg","14":"loop-entry"},"_links":{"self":[{"href":"https:\/\/www.hediyepazar.com\/index.php?rest_route=\/wp\/v2\/product\/1602","targetHints":{"allow":["GET"]}}],"collection":[{"href":"https:\/\/www.hediyepazar.com\/index.php?rest_route=\/wp\/v2\/product"}],"about":[{"href":"https:\/\/www.hediyepazar.com\/index.php?rest_route=\/wp\/v2\/types\/product"}],"replies":[{"embeddable":true,"href":"https:\/\/www.hediyepazar.com\/index.php?rest_route=%2Fwp%2Fv2%2Fcomments&post=1602"}],"wp:featuredmedia":[{"embeddable":true,"href":"https:\/\/www.hediyepazar.com\/index.php?rest_route=\/wp\/v2\/media\/1603"}],"wp:attachment":[{"href":"https:\/\/www.hediyepazar.com\/index.php?rest_route=%2Fwp%2Fv2%2Fmedia&parent=1602"}],"wp:term":[{"taxonomy":"product_brand","embeddable":true,"href":"https:\/\/www.hediyepazar.com\/index.php?rest_route=%2Fwp%2Fv2%2Fproduct_brand&post=1602"},{"taxonomy":"product_cat","embeddable":true,"href":"https:\/\/www.hediyepazar.com\/index.php?rest_route=%2Fwp%2Fv2%2Fproduct_cat&post=1602"},{"taxonomy":"product_tag","embeddable":true,"href":"https:\/\/www.hediyepazar.com\/index.php?rest_route=%2Fwp%2Fv2%2Fproduct_tag&post=1602"}],"curies":[{"name":"wp","href":"https:\/\/api.w.org\/{rel}","templated":true}]}}