{"id":16686,"date":"2026-04-26T08:03:03","date_gmt":"2026-04-26T11:03:03","guid":{"rendered":"https:\/\/www.hediyepazar.com\/?product=noyafa-ht650b-temassiz-kizilotesi-termometre-ates-olcer"},"modified":"2026-04-26T08:03:05","modified_gmt":"2026-04-26T11:03:05","slug":"noyafa-ht650b-temassiz-kizilotesi-termometre-ates-olcer","status":"publish","type":"product","link":"https:\/\/www.hediyepazar.com\/?product=noyafa-ht650b-temassiz-kizilotesi-termometre-ates-olcer","title":{"rendered":"Noyafa Ht650b Temass\u0131z K\u0131z\u0131l\u00f6tes\u0131 Termometre (ate\u015f \u00d6l\u00e7er)"},"content":{"rendered":"<p>Noyafa Ht650b Temass\u0131z K\u0131z\u0131l\u00f6tes\u0131 Termometre (ate\u015f \u00d6l\u00e7er)<\/p>\n","protected":false},"excerpt":{"rendered":"<p>Noyafa Ht650b Temass\u0131z K\u0131z\u0131l\u00f6tes\u0131 Termometre (ate\u015f \u00d6l\u00e7er)<\/p>\n","protected":false},"featured_media":16687,"comment_status":"closed","ping_status":"open","template":"","meta":{"_kad_post_transparent":"","_kad_post_title":"","_kad_post_layout":"","_kad_post_sidebar_id":"","_kad_post_content_style":"","_kad_post_vertical_padding":"","_kad_post_feature":"","_kad_post_feature_position":"","_kad_post_header":false,"_kad_post_footer":false,"_kad_post_classname":""},"product_brand":[],"product_cat":[333],"product_tag":[],"class_list":{"0":"post-16686","1":"product","2":"type-product","3":"status-publish","4":"has-post-thumbnail","6":"product_cat-hirdavat-malzemeleri-hirdavat-tamir-malzemeleri-kontrol-ve-olcu-aletleri","8":"first","9":"instock","10":"purchasable","11":"product-type-simple","12":"entry","13":"content-bg","14":"loop-entry"},"_links":{"self":[{"href":"https:\/\/www.hediyepazar.com\/index.php?rest_route=\/wp\/v2\/product\/16686","targetHints":{"allow":["GET"]}}],"collection":[{"href":"https:\/\/www.hediyepazar.com\/index.php?rest_route=\/wp\/v2\/product"}],"about":[{"href":"https:\/\/www.hediyepazar.com\/index.php?rest_route=\/wp\/v2\/types\/product"}],"replies":[{"embeddable":true,"href":"https:\/\/www.hediyepazar.com\/index.php?rest_route=%2Fwp%2Fv2%2Fcomments&post=16686"}],"wp:featuredmedia":[{"embeddable":true,"href":"https:\/\/www.hediyepazar.com\/index.php?rest_route=\/wp\/v2\/media\/16687"}],"wp:attachment":[{"href":"https:\/\/www.hediyepazar.com\/index.php?rest_route=%2Fwp%2Fv2%2Fmedia&parent=16686"}],"wp:term":[{"taxonomy":"product_brand","embeddable":true,"href":"https:\/\/www.hediyepazar.com\/index.php?rest_route=%2Fwp%2Fv2%2Fproduct_brand&post=16686"},{"taxonomy":"product_cat","embeddable":true,"href":"https:\/\/www.hediyepazar.com\/index.php?rest_route=%2Fwp%2Fv2%2Fproduct_cat&post=16686"},{"taxonomy":"product_tag","embeddable":true,"href":"https:\/\/www.hediyepazar.com\/index.php?rest_route=%2Fwp%2Fv2%2Fproduct_tag&post=16686"}],"curies":[{"name":"wp","href":"https:\/\/api.w.org\/{rel}","templated":true}]}}