{"id":16878,"date":"2026-04-26T08:04:18","date_gmt":"2026-04-26T11:04:18","guid":{"rendered":"https:\/\/www.hediyepazar.com\/?product=euroone-eo-1212-12-volt-12-amper-bakimsiz-kuru-aku"},"modified":"2026-04-26T08:04:18","modified_gmt":"2026-04-26T11:04:18","slug":"euroone-eo-1212-12-volt-12-amper-bakimsiz-kuru-aku","status":"publish","type":"product","link":"https:\/\/www.hediyepazar.com\/?product=euroone-eo-1212-12-volt-12-amper-bakimsiz-kuru-aku","title":{"rendered":"Euroone Eo-1212 12 Volt &#8211; 12 Amper Bak\u0131ms\u0131z Kuru Ak\u00fc"},"content":{"rendered":"<p>Euroone Eo-1212 12 Volt &#8211; 12 Amper Bak\u0131ms\u0131z Kuru Ak\u00fc<\/p>\n","protected":false},"excerpt":{"rendered":"<p>Euroone Eo-1212 12 Volt &#8211; 12 Amper Bak\u0131ms\u0131z Kuru Ak\u00fc<\/p>\n","protected":false},"featured_media":16879,"comment_status":"closed","ping_status":"open","template":"","meta":{"_kad_post_transparent":"","_kad_post_title":"","_kad_post_layout":"","_kad_post_sidebar_id":"","_kad_post_content_style":"","_kad_post_vertical_padding":"","_kad_post_feature":"","_kad_post_feature_position":"","_kad_post_header":false,"_kad_post_footer":false,"_kad_post_classname":""},"product_brand":[],"product_cat":[290],"product_tag":[],"class_list":{"0":"post-16878","1":"product","2":"type-product","3":"status-publish","4":"has-post-thumbnail","6":"product_cat-adaptor-aku-pil-akuler-kuru-aku","8":"first","9":"instock","10":"purchasable","11":"product-type-simple","12":"entry","13":"content-bg","14":"loop-entry"},"_links":{"self":[{"href":"https:\/\/www.hediyepazar.com\/index.php?rest_route=\/wp\/v2\/product\/16878","targetHints":{"allow":["GET"]}}],"collection":[{"href":"https:\/\/www.hediyepazar.com\/index.php?rest_route=\/wp\/v2\/product"}],"about":[{"href":"https:\/\/www.hediyepazar.com\/index.php?rest_route=\/wp\/v2\/types\/product"}],"replies":[{"embeddable":true,"href":"https:\/\/www.hediyepazar.com\/index.php?rest_route=%2Fwp%2Fv2%2Fcomments&post=16878"}],"wp:featuredmedia":[{"embeddable":true,"href":"https:\/\/www.hediyepazar.com\/index.php?rest_route=\/wp\/v2\/media\/16879"}],"wp:attachment":[{"href":"https:\/\/www.hediyepazar.com\/index.php?rest_route=%2Fwp%2Fv2%2Fmedia&parent=16878"}],"wp:term":[{"taxonomy":"product_brand","embeddable":true,"href":"https:\/\/www.hediyepazar.com\/index.php?rest_route=%2Fwp%2Fv2%2Fproduct_brand&post=16878"},{"taxonomy":"product_cat","embeddable":true,"href":"https:\/\/www.hediyepazar.com\/index.php?rest_route=%2Fwp%2Fv2%2Fproduct_cat&post=16878"},{"taxonomy":"product_tag","embeddable":true,"href":"https:\/\/www.hediyepazar.com\/index.php?rest_route=%2Fwp%2Fv2%2Fproduct_tag&post=16878"}],"curies":[{"name":"wp","href":"https:\/\/api.w.org\/{rel}","templated":true}]}}