{"id":16974,"date":"2026-04-26T08:04:47","date_gmt":"2026-04-26T11:04:47","guid":{"rendered":"https:\/\/www.hediyepazar.com\/?product=powermaster-cc-926-10-parca-yapiskanli-plastik-kablo-toplayici"},"modified":"2026-04-26T08:04:50","modified_gmt":"2026-04-26T11:04:50","slug":"powermaster-cc-926-10-parca-yapiskanli-plastik-kablo-toplayici","status":"publish","type":"product","link":"https:\/\/www.hediyepazar.com\/?product=powermaster-cc-926-10-parca-yapiskanli-plastik-kablo-toplayici","title":{"rendered":"Powermaster Cc-926 10 Par\u00e7a Yap\u0131\u015fkanl\u0131 Plastik Kablo Toplay\u0131c\u0131"},"content":{"rendered":"<p>Powermaster Cc-926 10 Par\u00e7a Yap\u0131\u015fkanl\u0131 Plastik Kablo Toplay\u0131c\u0131<\/p>\n","protected":false},"excerpt":{"rendered":"<p>Powermaster Cc-926 10 Par\u00e7a Yap\u0131\u015fkanl\u0131 Plastik Kablo Toplay\u0131c\u0131<\/p>\n","protected":false},"featured_media":16975,"comment_status":"closed","ping_status":"open","template":"","meta":{"_kad_post_transparent":"","_kad_post_title":"","_kad_post_layout":"","_kad_post_sidebar_id":"","_kad_post_content_style":"","_kad_post_vertical_padding":"","_kad_post_feature":"","_kad_post_feature_position":"","_kad_post_header":false,"_kad_post_footer":false,"_kad_post_classname":""},"product_brand":[],"product_cat":[418],"product_tag":[],"class_list":{"0":"post-16974","1":"product","2":"type-product","3":"status-publish","4":"has-post-thumbnail","6":"product_cat-kablo-cesitleri","8":"first","9":"instock","10":"purchasable","11":"product-type-simple","12":"entry","13":"content-bg","14":"loop-entry"},"_links":{"self":[{"href":"https:\/\/www.hediyepazar.com\/index.php?rest_route=\/wp\/v2\/product\/16974","targetHints":{"allow":["GET"]}}],"collection":[{"href":"https:\/\/www.hediyepazar.com\/index.php?rest_route=\/wp\/v2\/product"}],"about":[{"href":"https:\/\/www.hediyepazar.com\/index.php?rest_route=\/wp\/v2\/types\/product"}],"replies":[{"embeddable":true,"href":"https:\/\/www.hediyepazar.com\/index.php?rest_route=%2Fwp%2Fv2%2Fcomments&post=16974"}],"wp:featuredmedia":[{"embeddable":true,"href":"https:\/\/www.hediyepazar.com\/index.php?rest_route=\/wp\/v2\/media\/16975"}],"wp:attachment":[{"href":"https:\/\/www.hediyepazar.com\/index.php?rest_route=%2Fwp%2Fv2%2Fmedia&parent=16974"}],"wp:term":[{"taxonomy":"product_brand","embeddable":true,"href":"https:\/\/www.hediyepazar.com\/index.php?rest_route=%2Fwp%2Fv2%2Fproduct_brand&post=16974"},{"taxonomy":"product_cat","embeddable":true,"href":"https:\/\/www.hediyepazar.com\/index.php?rest_route=%2Fwp%2Fv2%2Fproduct_cat&post=16974"},{"taxonomy":"product_tag","embeddable":true,"href":"https:\/\/www.hediyepazar.com\/index.php?rest_route=%2Fwp%2Fv2%2Fproduct_tag&post=16974"}],"curies":[{"name":"wp","href":"https:\/\/api.w.org\/{rel}","templated":true}]}}