{"id":16988,"date":"2026-04-26T08:04:54","date_gmt":"2026-04-26T11:04:54","guid":{"rendered":"https:\/\/www.hediyepazar.com\/?product=carstar-cr-25779-yuksek-basincli-beyaz-oto-yikama-makinesi"},"modified":"2026-04-26T08:04:56","modified_gmt":"2026-04-26T11:04:56","slug":"carstar-cr-25779-yuksek-basincli-beyaz-oto-yikama-makinesi","status":"publish","type":"product","link":"https:\/\/www.hediyepazar.com\/?product=carstar-cr-25779-yuksek-basincli-beyaz-oto-yikama-makinesi","title":{"rendered":"Carstar Cr-25779 Y\u00fcksek Bas\u0131n\u00e7l\u0131 Beyaz Oto Y\u0131kama Makinesi"},"content":{"rendered":"<p>Carstar Cr-25779 Y\u00fcksek Bas\u0131n\u00e7l\u0131 Beyaz Oto Y\u0131kama Makinesi<\/p>\n","protected":false},"excerpt":{"rendered":"<p>Carstar Cr-25779 Y\u00fcksek Bas\u0131n\u00e7l\u0131 Beyaz Oto Y\u0131kama Makinesi<\/p>\n","protected":false},"featured_media":16989,"comment_status":"closed","ping_status":"open","template":"","meta":{"_kad_post_transparent":"","_kad_post_title":"","_kad_post_layout":"","_kad_post_sidebar_id":"","_kad_post_content_style":"","_kad_post_vertical_padding":"","_kad_post_feature":"","_kad_post_feature_position":"","_kad_post_header":false,"_kad_post_footer":false,"_kad_post_classname":""},"product_brand":[],"product_cat":[416],"product_tag":[],"class_list":{"0":"post-16988","1":"product","2":"type-product","3":"status-publish","4":"has-post-thumbnail","6":"product_cat-oto-aksesuar-urunleri","8":"first","9":"instock","10":"purchasable","11":"product-type-simple","12":"entry","13":"content-bg","14":"loop-entry"},"_links":{"self":[{"href":"https:\/\/www.hediyepazar.com\/index.php?rest_route=\/wp\/v2\/product\/16988","targetHints":{"allow":["GET"]}}],"collection":[{"href":"https:\/\/www.hediyepazar.com\/index.php?rest_route=\/wp\/v2\/product"}],"about":[{"href":"https:\/\/www.hediyepazar.com\/index.php?rest_route=\/wp\/v2\/types\/product"}],"replies":[{"embeddable":true,"href":"https:\/\/www.hediyepazar.com\/index.php?rest_route=%2Fwp%2Fv2%2Fcomments&post=16988"}],"wp:featuredmedia":[{"embeddable":true,"href":"https:\/\/www.hediyepazar.com\/index.php?rest_route=\/wp\/v2\/media\/16989"}],"wp:attachment":[{"href":"https:\/\/www.hediyepazar.com\/index.php?rest_route=%2Fwp%2Fv2%2Fmedia&parent=16988"}],"wp:term":[{"taxonomy":"product_brand","embeddable":true,"href":"https:\/\/www.hediyepazar.com\/index.php?rest_route=%2Fwp%2Fv2%2Fproduct_brand&post=16988"},{"taxonomy":"product_cat","embeddable":true,"href":"https:\/\/www.hediyepazar.com\/index.php?rest_route=%2Fwp%2Fv2%2Fproduct_cat&post=16988"},{"taxonomy":"product_tag","embeddable":true,"href":"https:\/\/www.hediyepazar.com\/index.php?rest_route=%2Fwp%2Fv2%2Fproduct_tag&post=16988"}],"curies":[{"name":"wp","href":"https:\/\/api.w.org\/{rel}","templated":true}]}}