{"id":170,"date":"2026-04-17T09:42:49","date_gmt":"2026-04-17T12:42:49","guid":{"rendered":"https:\/\/www.hediyepazar.com\/?post_type=product&#038;p=170"},"modified":"2026-04-18T05:14:51","modified_gmt":"2026-04-18T08:14:51","slug":"anahtarlik-test","status":"publish","type":"product","link":"https:\/\/www.hediyepazar.com\/?product=anahtarlik-test","title":{"rendered":"Anahtarl\u0131k Test"},"content":{"rendered":"<p>l\u015fasdkjfslkfrsdogko\u015ffdhgk\u011fpfhlfd\u011figlsdgffd\u015fl,gdl\u015ff<br \/>\ndefghftghjgykjyuhkhgkhlk\u0131jl\u0131lo\u0131j\u015flo\u0131\u015fo\u0131\u015fop\u0131\u015fop\u0131\u015fo\u01310<br \/>\ndsv\u00e7.fdbm\u0131ytou\u0131jho\u0131ytjhbogkvfdlobkgf<\/p>\n<p>&nbsp;<\/p>\n","protected":false},"excerpt":{"rendered":"<p>anahtar \u00f6zel<\/p>\n","protected":false},"featured_media":171,"comment_status":"open","ping_status":"closed","template":"","meta":{"_kad_post_transparent":"default","_kad_post_title":"","_kad_post_layout":"default","_kad_post_sidebar_id":"","_kad_post_content_style":"default","_kad_post_vertical_padding":"default","_kad_post_feature":"","_kad_post_feature_position":"","_kad_post_header":false,"_kad_post_footer":false,"_kad_post_classname":""},"product_brand":[],"product_cat":[57,65,46,73,74,60,67,39,41,54,49,75,62,70,77,78,23,51,45,66,94,58,71,50,40,52,42,64,53,76,61,68,72,56,63,48,55,44,69,43,59,95,47],"product_tag":[93],"class_list":{"0":"post-170","1":"product","2":"type-product","3":"status-publish","4":"has-post-thumbnail","6":"product_cat-agiz-bakimi","7":"product_cat-ahsap-oyuncaklar","8":"product_cat-aksesuar","9":"product_cat-anneler-gunu-hediyesi","10":"product_cat-babalar-gunu-hediyesi","11":"product_cat-bakim-aksesuarlari","12":"product_cat-bebek-okul-oncesi","13":"product_cat-bijuteri","14":"product_cat-bileklikler","15":"product_cat-cilt-bakimi","16":"product_cat-cuzdanlar","17":"product_cat-dogum-gunu-hediyesi","18":"product_cat-egitici-oyuncaklar","19":"product_cat-erkek-sevgiliye-hediye","20":"product_cat-firsat-urunler","21":"product_cat-flas-urunler","22":"product_cat-genel","23":"product_cat-gozlukler","24":"product_cat-halhal","25":"product_cat-hobi-figur-oyuncaklari","26":"product_cat-isme-ozel-hediye","27":"product_cat-kadin-hijyen","28":"product_cat-kadin-sevgiliye-hediye","29":"product_cat-kemerler","30":"product_cat-kolyeler","31":"product_cat-kozmetik","32":"product_cat-kupeler","33":"product_cat-kutu-oyunu","34":"product_cat-makyaj","35":"product_cat-ogretmenler-gunu-hediyesi","36":"product_cat-oyuncak","37":"product_cat-oyuncak-araclar","38":"product_cat-ozel-gun-hediyesi","39":"product_cat-parfum-deodorant","40":"product_cat-pelus-oyuncaklar","41":"product_cat-saatler","42":"product_cat-sac-bakimi","43":"product_cat-sac-bandi","44":"product_cat-sevgiliye-hediye","45":"product_cat-tokalar","46":"product_cat-tras-agda-epilasyon","47":"product_cat-yazi-ekleme","48":"product_cat-yuzukler","49":"product_tag-test","50":"wcpa_has_options","52":"first","53":"instock","54":"sale","55":"shipping-taxable","56":"purchasable","57":"product-type-simple","58":"entry","59":"content-bg","60":"loop-entry"},"_links":{"self":[{"href":"https:\/\/www.hediyepazar.com\/index.php?rest_route=\/wp\/v2\/product\/170","targetHints":{"allow":["GET"]}}],"collection":[{"href":"https:\/\/www.hediyepazar.com\/index.php?rest_route=\/wp\/v2\/product"}],"about":[{"href":"https:\/\/www.hediyepazar.com\/index.php?rest_route=\/wp\/v2\/types\/product"}],"replies":[{"embeddable":true,"href":"https:\/\/www.hediyepazar.com\/index.php?rest_route=%2Fwp%2Fv2%2Fcomments&post=170"}],"wp:featuredmedia":[{"embeddable":true,"href":"https:\/\/www.hediyepazar.com\/index.php?rest_route=\/wp\/v2\/media\/171"}],"wp:attachment":[{"href":"https:\/\/www.hediyepazar.com\/index.php?rest_route=%2Fwp%2Fv2%2Fmedia&parent=170"}],"wp:term":[{"taxonomy":"product_brand","embeddable":true,"href":"https:\/\/www.hediyepazar.com\/index.php?rest_route=%2Fwp%2Fv2%2Fproduct_brand&post=170"},{"taxonomy":"product_cat","embeddable":true,"href":"https:\/\/www.hediyepazar.com\/index.php?rest_route=%2Fwp%2Fv2%2Fproduct_cat&post=170"},{"taxonomy":"product_tag","embeddable":true,"href":"https:\/\/www.hediyepazar.com\/index.php?rest_route=%2Fwp%2Fv2%2Fproduct_tag&post=170"}],"curies":[{"name":"wp","href":"https:\/\/api.w.org\/{rel}","templated":true}]}}