{"id":17214,"date":"2026-04-26T08:06:14","date_gmt":"2026-04-26T11:06:14","guid":{"rendered":"https:\/\/www.hediyepazar.com\/?product=magicvoice-oto-on-panel-teyp-sokme-plastik-levye"},"modified":"2026-04-26T08:06:18","modified_gmt":"2026-04-26T11:06:18","slug":"magicvoice-oto-on-panel-teyp-sokme-plastik-levye","status":"publish","type":"product","link":"https:\/\/www.hediyepazar.com\/?product=magicvoice-oto-on-panel-teyp-sokme-plastik-levye","title":{"rendered":"Magicvoice Oto \u00d6n Panel &#8211; Teyp S\u00f6kme Plastik Levye"},"content":{"rendered":"<p>Magicvoice Oto \u00d6n Panel &#8211; Teyp S\u00f6kme Plastik Levye<\/p>\n","protected":false},"excerpt":{"rendered":"<p>Magicvoice Oto \u00d6n Panel &#8211; Teyp S\u00f6kme Plastik Levye<\/p>\n","protected":false},"featured_media":17215,"comment_status":"closed","ping_status":"open","template":"","meta":{"_kad_post_transparent":"","_kad_post_title":"","_kad_post_layout":"","_kad_post_sidebar_id":"","_kad_post_content_style":"","_kad_post_vertical_padding":"","_kad_post_feature":"","_kad_post_feature_position":"","_kad_post_header":false,"_kad_post_footer":false,"_kad_post_classname":""},"product_brand":[],"product_cat":[416],"product_tag":[],"class_list":{"0":"post-17214","1":"product","2":"type-product","3":"status-publish","4":"has-post-thumbnail","6":"product_cat-oto-aksesuar-urunleri","8":"first","9":"instock","10":"purchasable","11":"product-type-simple","12":"entry","13":"content-bg","14":"loop-entry"},"_links":{"self":[{"href":"https:\/\/www.hediyepazar.com\/index.php?rest_route=\/wp\/v2\/product\/17214","targetHints":{"allow":["GET"]}}],"collection":[{"href":"https:\/\/www.hediyepazar.com\/index.php?rest_route=\/wp\/v2\/product"}],"about":[{"href":"https:\/\/www.hediyepazar.com\/index.php?rest_route=\/wp\/v2\/types\/product"}],"replies":[{"embeddable":true,"href":"https:\/\/www.hediyepazar.com\/index.php?rest_route=%2Fwp%2Fv2%2Fcomments&post=17214"}],"wp:featuredmedia":[{"embeddable":true,"href":"https:\/\/www.hediyepazar.com\/index.php?rest_route=\/wp\/v2\/media\/17215"}],"wp:attachment":[{"href":"https:\/\/www.hediyepazar.com\/index.php?rest_route=%2Fwp%2Fv2%2Fmedia&parent=17214"}],"wp:term":[{"taxonomy":"product_brand","embeddable":true,"href":"https:\/\/www.hediyepazar.com\/index.php?rest_route=%2Fwp%2Fv2%2Fproduct_brand&post=17214"},{"taxonomy":"product_cat","embeddable":true,"href":"https:\/\/www.hediyepazar.com\/index.php?rest_route=%2Fwp%2Fv2%2Fproduct_cat&post=17214"},{"taxonomy":"product_tag","embeddable":true,"href":"https:\/\/www.hediyepazar.com\/index.php?rest_route=%2Fwp%2Fv2%2Fproduct_tag&post=17214"}],"curies":[{"name":"wp","href":"https:\/\/api.w.org\/{rel}","templated":true}]}}