{"id":17356,"date":"2026-04-26T08:07:02","date_gmt":"2026-04-26T11:07:02","guid":{"rendered":"https:\/\/www.hediyepazar.com\/?product=camasir-makinesi-ve-kurutucu-istifleme-seti-askilikli"},"modified":"2026-04-26T08:07:06","modified_gmt":"2026-04-26T11:07:06","slug":"camasir-makinesi-ve-kurutucu-istifleme-seti-askilikli","status":"publish","type":"product","link":"https:\/\/www.hediyepazar.com\/?product=camasir-makinesi-ve-kurutucu-istifleme-seti-askilikli","title":{"rendered":"\u00c7ama\u015f\u0131r Makinesi Ve Kurutucu \u0130stifleme Seti Ask\u0131l\u0131kl\u0131"},"content":{"rendered":"<p>\u00c7ama\u015f\u0131r Makinesi Ve Kurutucu \u0130stifleme Seti Ask\u0131l\u0131kl\u0131<\/p>\n","protected":false},"excerpt":{"rendered":"<p>\u00c7ama\u015f\u0131r Makinesi Ve Kurutucu \u0130stifleme Seti Ask\u0131l\u0131kl\u0131<\/p>\n","protected":false},"featured_media":17357,"comment_status":"closed","ping_status":"open","template":"","meta":{"_kad_post_transparent":"","_kad_post_title":"","_kad_post_layout":"","_kad_post_sidebar_id":"","_kad_post_content_style":"","_kad_post_vertical_padding":"","_kad_post_feature":"","_kad_post_feature_position":"","_kad_post_header":false,"_kad_post_footer":false,"_kad_post_classname":""},"product_brand":[],"product_cat":[405],"product_tag":[],"class_list":{"0":"post-17356","1":"product","2":"type-product","3":"status-publish","4":"has-post-thumbnail","6":"product_cat-ev-ve-yasam-ev-yasam-ve-teknoloji-tuketici-elektronigi","8":"first","9":"instock","10":"purchasable","11":"product-type-simple","12":"entry","13":"content-bg","14":"loop-entry"},"_links":{"self":[{"href":"https:\/\/www.hediyepazar.com\/index.php?rest_route=\/wp\/v2\/product\/17356","targetHints":{"allow":["GET"]}}],"collection":[{"href":"https:\/\/www.hediyepazar.com\/index.php?rest_route=\/wp\/v2\/product"}],"about":[{"href":"https:\/\/www.hediyepazar.com\/index.php?rest_route=\/wp\/v2\/types\/product"}],"replies":[{"embeddable":true,"href":"https:\/\/www.hediyepazar.com\/index.php?rest_route=%2Fwp%2Fv2%2Fcomments&post=17356"}],"wp:featuredmedia":[{"embeddable":true,"href":"https:\/\/www.hediyepazar.com\/index.php?rest_route=\/wp\/v2\/media\/17357"}],"wp:attachment":[{"href":"https:\/\/www.hediyepazar.com\/index.php?rest_route=%2Fwp%2Fv2%2Fmedia&parent=17356"}],"wp:term":[{"taxonomy":"product_brand","embeddable":true,"href":"https:\/\/www.hediyepazar.com\/index.php?rest_route=%2Fwp%2Fv2%2Fproduct_brand&post=17356"},{"taxonomy":"product_cat","embeddable":true,"href":"https:\/\/www.hediyepazar.com\/index.php?rest_route=%2Fwp%2Fv2%2Fproduct_cat&post=17356"},{"taxonomy":"product_tag","embeddable":true,"href":"https:\/\/www.hediyepazar.com\/index.php?rest_route=%2Fwp%2Fv2%2Fproduct_tag&post=17356"}],"curies":[{"name":"wp","href":"https:\/\/api.w.org\/{rel}","templated":true}]}}