{"id":17730,"date":"2026-04-26T08:09:18","date_gmt":"2026-04-26T11:09:18","guid":{"rendered":"https:\/\/www.hediyepazar.com\/?product=f-konnektor-rg6-u4-genis-18-mm-100-adet"},"modified":"2026-04-26T08:09:21","modified_gmt":"2026-04-26T11:09:21","slug":"f-konnektor-rg6-u4-genis-18-mm-100-adet","status":"publish","type":"product","link":"https:\/\/www.hediyepazar.com\/?product=f-konnektor-rg6-u4-genis-18-mm-100-adet","title":{"rendered":"F Konnekt\u00f6r Rg6-u4 Geni\u015f 18 Mm (100 Adet)"},"content":{"rendered":"<p>F Konnekt\u00f6r Rg6-u4 Geni\u015f 18 Mm (100 Adet)<\/p>\n","protected":false},"excerpt":{"rendered":"<p>F Konnekt\u00f6r Rg6-u4 Geni\u015f 18 Mm (100 Adet)<\/p>\n","protected":false},"featured_media":17731,"comment_status":"closed","ping_status":"open","template":"","meta":{"_kad_post_transparent":"","_kad_post_title":"","_kad_post_layout":"","_kad_post_sidebar_id":"","_kad_post_content_style":"","_kad_post_vertical_padding":"","_kad_post_feature":"","_kad_post_feature_position":"","_kad_post_header":false,"_kad_post_footer":false,"_kad_post_classname":""},"product_brand":[],"product_cat":[238],"product_tag":[],"class_list":{"0":"post-17730","1":"product","2":"type-product","3":"status-publish","4":"has-post-thumbnail","6":"product_cat-uydu-alici-sistemleri-uydu-ekipmanlari","8":"first","9":"instock","10":"purchasable","11":"product-type-simple","12":"entry","13":"content-bg","14":"loop-entry"},"_links":{"self":[{"href":"https:\/\/www.hediyepazar.com\/index.php?rest_route=\/wp\/v2\/product\/17730","targetHints":{"allow":["GET"]}}],"collection":[{"href":"https:\/\/www.hediyepazar.com\/index.php?rest_route=\/wp\/v2\/product"}],"about":[{"href":"https:\/\/www.hediyepazar.com\/index.php?rest_route=\/wp\/v2\/types\/product"}],"replies":[{"embeddable":true,"href":"https:\/\/www.hediyepazar.com\/index.php?rest_route=%2Fwp%2Fv2%2Fcomments&post=17730"}],"wp:featuredmedia":[{"embeddable":true,"href":"https:\/\/www.hediyepazar.com\/index.php?rest_route=\/wp\/v2\/media\/17731"}],"wp:attachment":[{"href":"https:\/\/www.hediyepazar.com\/index.php?rest_route=%2Fwp%2Fv2%2Fmedia&parent=17730"}],"wp:term":[{"taxonomy":"product_brand","embeddable":true,"href":"https:\/\/www.hediyepazar.com\/index.php?rest_route=%2Fwp%2Fv2%2Fproduct_brand&post=17730"},{"taxonomy":"product_cat","embeddable":true,"href":"https:\/\/www.hediyepazar.com\/index.php?rest_route=%2Fwp%2Fv2%2Fproduct_cat&post=17730"},{"taxonomy":"product_tag","embeddable":true,"href":"https:\/\/www.hediyepazar.com\/index.php?rest_route=%2Fwp%2Fv2%2Fproduct_tag&post=17730"}],"curies":[{"name":"wp","href":"https:\/\/api.w.org\/{rel}","templated":true}]}}