{"id":17886,"date":"2026-04-26T08:10:19","date_gmt":"2026-04-26T11:10:19","guid":{"rendered":"https:\/\/www.hediyepazar.com\/?product=weko-arcelik-beko-grundig-netflix-youtube-beinconnect-tv-tuslu"},"modified":"2026-04-26T08:10:21","modified_gmt":"2026-04-26T11:10:21","slug":"weko-arcelik-beko-grundig-netflix-youtube-beinconnect-tv-tuslu","status":"publish","type":"product","link":"https:\/\/www.hediyepazar.com\/?product=weko-arcelik-beko-grundig-netflix-youtube-beinconnect-tv-tuslu","title":{"rendered":"Weko Ar\u00e7elik Beko Grundig &#8211; Netflix, Youtube, Beinconnect, Tv+ Tu\u015flu"},"content":{"rendered":"<p>Weko Ar\u00e7elik Beko Grundig &#8211; Netflix, Youtube, Beinconnect, Tv+ Tu\u015flu<\/p>\n","protected":false},"excerpt":{"rendered":"<p>Weko Ar\u00e7elik Beko Grundig &#8211; Netflix, Youtube, Beinconnect, Tv+ Tu\u015flu<\/p>\n","protected":false},"featured_media":17887,"comment_status":"closed","ping_status":"open","template":"","meta":{"_kad_post_transparent":"","_kad_post_title":"","_kad_post_layout":"","_kad_post_sidebar_id":"","_kad_post_content_style":"","_kad_post_vertical_padding":"","_kad_post_feature":"","_kad_post_feature_position":"","_kad_post_header":false,"_kad_post_footer":false,"_kad_post_classname":""},"product_brand":[],"product_cat":[306],"product_tag":[],"class_list":{"0":"post-17886","1":"product","2":"type-product","3":"status-publish","4":"has-post-thumbnail","6":"product_cat-uzaktan-kumanda-televizyon-ve-video-kumandalari","8":"first","9":"instock","10":"purchasable","11":"product-type-simple","12":"entry","13":"content-bg","14":"loop-entry"},"_links":{"self":[{"href":"https:\/\/www.hediyepazar.com\/index.php?rest_route=\/wp\/v2\/product\/17886","targetHints":{"allow":["GET"]}}],"collection":[{"href":"https:\/\/www.hediyepazar.com\/index.php?rest_route=\/wp\/v2\/product"}],"about":[{"href":"https:\/\/www.hediyepazar.com\/index.php?rest_route=\/wp\/v2\/types\/product"}],"replies":[{"embeddable":true,"href":"https:\/\/www.hediyepazar.com\/index.php?rest_route=%2Fwp%2Fv2%2Fcomments&post=17886"}],"wp:featuredmedia":[{"embeddable":true,"href":"https:\/\/www.hediyepazar.com\/index.php?rest_route=\/wp\/v2\/media\/17887"}],"wp:attachment":[{"href":"https:\/\/www.hediyepazar.com\/index.php?rest_route=%2Fwp%2Fv2%2Fmedia&parent=17886"}],"wp:term":[{"taxonomy":"product_brand","embeddable":true,"href":"https:\/\/www.hediyepazar.com\/index.php?rest_route=%2Fwp%2Fv2%2Fproduct_brand&post=17886"},{"taxonomy":"product_cat","embeddable":true,"href":"https:\/\/www.hediyepazar.com\/index.php?rest_route=%2Fwp%2Fv2%2Fproduct_cat&post=17886"},{"taxonomy":"product_tag","embeddable":true,"href":"https:\/\/www.hediyepazar.com\/index.php?rest_route=%2Fwp%2Fv2%2Fproduct_tag&post=17886"}],"curies":[{"name":"wp","href":"https:\/\/api.w.org\/{rel}","templated":true}]}}