{"id":17931,"date":"2026-04-26T08:10:36","date_gmt":"2026-04-26T11:10:36","guid":{"rendered":"https:\/\/www.hediyepazar.com\/?product=gp-192-1-5-volt-lr41-alkalin-dugme-pil-5li"},"modified":"2026-04-26T08:10:39","modified_gmt":"2026-04-26T11:10:39","slug":"gp-192-1-5-volt-lr41-alkalin-dugme-pil-5li","status":"publish","type":"product","link":"https:\/\/www.hediyepazar.com\/?product=gp-192-1-5-volt-lr41-alkalin-dugme-pil-5li","title":{"rendered":"Gp 192 1.5 Volt Lr41 Alkalin D\u00fc\u011fme Pil 5&#8217;li"},"content":{"rendered":"<p>Gp 192 1.5 Volt Lr41 Alkalin D\u00fc\u011fme Pil 5&#8217;li<\/p>\n","protected":false},"excerpt":{"rendered":"<p>Gp 192 1.5 Volt Lr41 Alkalin D\u00fc\u011fme Pil 5&#8217;li<\/p>\n","protected":false},"featured_media":17932,"comment_status":"closed","ping_status":"open","template":"","meta":{"_kad_post_transparent":"","_kad_post_title":"","_kad_post_layout":"","_kad_post_sidebar_id":"","_kad_post_content_style":"","_kad_post_vertical_padding":"","_kad_post_feature":"","_kad_post_feature_position":"","_kad_post_header":false,"_kad_post_footer":false,"_kad_post_classname":""},"product_brand":[],"product_cat":[201],"product_tag":[],"class_list":{"0":"post-17931","1":"product","2":"type-product","3":"status-publish","4":"has-post-thumbnail","6":"product_cat-adaptor-aku-pil-pil-ve-pil-sarj-cihazlari-piller","8":"first","9":"instock","10":"purchasable","11":"product-type-simple","12":"entry","13":"content-bg","14":"loop-entry"},"_links":{"self":[{"href":"https:\/\/www.hediyepazar.com\/index.php?rest_route=\/wp\/v2\/product\/17931","targetHints":{"allow":["GET"]}}],"collection":[{"href":"https:\/\/www.hediyepazar.com\/index.php?rest_route=\/wp\/v2\/product"}],"about":[{"href":"https:\/\/www.hediyepazar.com\/index.php?rest_route=\/wp\/v2\/types\/product"}],"replies":[{"embeddable":true,"href":"https:\/\/www.hediyepazar.com\/index.php?rest_route=%2Fwp%2Fv2%2Fcomments&post=17931"}],"wp:featuredmedia":[{"embeddable":true,"href":"https:\/\/www.hediyepazar.com\/index.php?rest_route=\/wp\/v2\/media\/17932"}],"wp:attachment":[{"href":"https:\/\/www.hediyepazar.com\/index.php?rest_route=%2Fwp%2Fv2%2Fmedia&parent=17931"}],"wp:term":[{"taxonomy":"product_brand","embeddable":true,"href":"https:\/\/www.hediyepazar.com\/index.php?rest_route=%2Fwp%2Fv2%2Fproduct_brand&post=17931"},{"taxonomy":"product_cat","embeddable":true,"href":"https:\/\/www.hediyepazar.com\/index.php?rest_route=%2Fwp%2Fv2%2Fproduct_cat&post=17931"},{"taxonomy":"product_tag","embeddable":true,"href":"https:\/\/www.hediyepazar.com\/index.php?rest_route=%2Fwp%2Fv2%2Fproduct_tag&post=17931"}],"curies":[{"name":"wp","href":"https:\/\/api.w.org\/{rel}","templated":true}]}}