{"id":18115,"date":"2026-04-26T08:11:41","date_gmt":"2026-04-26T11:11:41","guid":{"rendered":"https:\/\/www.hediyepazar.com\/?product=sunup-sn-29279-karda-kayma-onleyici-ayakkabi-aparati-siyah"},"modified":"2026-04-26T08:11:45","modified_gmt":"2026-04-26T11:11:45","slug":"sunup-sn-29279-karda-kayma-onleyici-ayakkabi-aparati-siyah","status":"publish","type":"product","link":"https:\/\/www.hediyepazar.com\/?product=sunup-sn-29279-karda-kayma-onleyici-ayakkabi-aparati-siyah","title":{"rendered":"Sunup Sn-29279 Karda Kayma \u00d6nleyici Ayakkab\u0131 Aparat\u0131 Siyah"},"content":{"rendered":"<p>Sunup Sn-29279 Karda Kayma \u00d6nleyici Ayakkab\u0131 Aparat\u0131 Siyah<\/p>\n","protected":false},"excerpt":{"rendered":"<p>Sunup Sn-29279 Karda Kayma \u00d6nleyici Ayakkab\u0131 Aparat\u0131 Siyah<\/p>\n","protected":false},"featured_media":18116,"comment_status":"closed","ping_status":"open","template":"","meta":{"_kad_post_transparent":"","_kad_post_title":"","_kad_post_layout":"","_kad_post_sidebar_id":"","_kad_post_content_style":"","_kad_post_vertical_padding":"","_kad_post_feature":"","_kad_post_feature_position":"","_kad_post_header":false,"_kad_post_footer":false,"_kad_post_classname":""},"product_brand":[],"product_cat":[405],"product_tag":[],"class_list":{"0":"post-18115","1":"product","2":"type-product","3":"status-publish","4":"has-post-thumbnail","6":"product_cat-ev-ve-yasam-ev-yasam-ve-teknoloji-tuketici-elektronigi","8":"first","9":"instock","10":"purchasable","11":"product-type-simple","12":"entry","13":"content-bg","14":"loop-entry"},"_links":{"self":[{"href":"https:\/\/www.hediyepazar.com\/index.php?rest_route=\/wp\/v2\/product\/18115","targetHints":{"allow":["GET"]}}],"collection":[{"href":"https:\/\/www.hediyepazar.com\/index.php?rest_route=\/wp\/v2\/product"}],"about":[{"href":"https:\/\/www.hediyepazar.com\/index.php?rest_route=\/wp\/v2\/types\/product"}],"replies":[{"embeddable":true,"href":"https:\/\/www.hediyepazar.com\/index.php?rest_route=%2Fwp%2Fv2%2Fcomments&post=18115"}],"wp:featuredmedia":[{"embeddable":true,"href":"https:\/\/www.hediyepazar.com\/index.php?rest_route=\/wp\/v2\/media\/18116"}],"wp:attachment":[{"href":"https:\/\/www.hediyepazar.com\/index.php?rest_route=%2Fwp%2Fv2%2Fmedia&parent=18115"}],"wp:term":[{"taxonomy":"product_brand","embeddable":true,"href":"https:\/\/www.hediyepazar.com\/index.php?rest_route=%2Fwp%2Fv2%2Fproduct_brand&post=18115"},{"taxonomy":"product_cat","embeddable":true,"href":"https:\/\/www.hediyepazar.com\/index.php?rest_route=%2Fwp%2Fv2%2Fproduct_cat&post=18115"},{"taxonomy":"product_tag","embeddable":true,"href":"https:\/\/www.hediyepazar.com\/index.php?rest_route=%2Fwp%2Fv2%2Fproduct_tag&post=18115"}],"curies":[{"name":"wp","href":"https:\/\/api.w.org\/{rel}","templated":true}]}}