{"id":18121,"date":"2026-04-26T08:11:49","date_gmt":"2026-04-26T11:11:49","guid":{"rendered":"https:\/\/www.hediyepazar.com\/?product=powermaster-pm-29960-usb-akilli-kart-okuyucu-cac-reader"},"modified":"2026-04-26T08:11:50","modified_gmt":"2026-04-26T11:11:50","slug":"powermaster-pm-29960-usb-akilli-kart-okuyucu-cac-reader","status":"publish","type":"product","link":"https:\/\/www.hediyepazar.com\/?product=powermaster-pm-29960-usb-akilli-kart-okuyucu-cac-reader","title":{"rendered":"Powermaster Pm-29960 Usb Ak\u0131ll\u0131 Kart Okuyucu Cac Reader"},"content":{"rendered":"<p>Powermaster Pm-29960 Usb Ak\u0131ll\u0131 Kart Okuyucu Cac Reader<\/p>\n","protected":false},"excerpt":{"rendered":"<p>Powermaster Pm-29960 Usb Ak\u0131ll\u0131 Kart Okuyucu Cac Reader<\/p>\n","protected":false},"featured_media":18122,"comment_status":"closed","ping_status":"open","template":"","meta":{"_kad_post_transparent":"","_kad_post_title":"","_kad_post_layout":"","_kad_post_sidebar_id":"","_kad_post_content_style":"","_kad_post_vertical_padding":"","_kad_post_feature":"","_kad_post_feature_position":"","_kad_post_header":false,"_kad_post_footer":false,"_kad_post_classname":""},"product_brand":[],"product_cat":[435],"product_tag":[],"class_list":{"0":"post-18121","1":"product","2":"type-product","3":"status-publish","4":"has-post-thumbnail","6":"product_cat-oem-ve-cevre-birimleri-cevre-birimleri-kart-okuyucu","8":"first","9":"instock","10":"purchasable","11":"product-type-simple","12":"entry","13":"content-bg","14":"loop-entry"},"_links":{"self":[{"href":"https:\/\/www.hediyepazar.com\/index.php?rest_route=\/wp\/v2\/product\/18121","targetHints":{"allow":["GET"]}}],"collection":[{"href":"https:\/\/www.hediyepazar.com\/index.php?rest_route=\/wp\/v2\/product"}],"about":[{"href":"https:\/\/www.hediyepazar.com\/index.php?rest_route=\/wp\/v2\/types\/product"}],"replies":[{"embeddable":true,"href":"https:\/\/www.hediyepazar.com\/index.php?rest_route=%2Fwp%2Fv2%2Fcomments&post=18121"}],"wp:featuredmedia":[{"embeddable":true,"href":"https:\/\/www.hediyepazar.com\/index.php?rest_route=\/wp\/v2\/media\/18122"}],"wp:attachment":[{"href":"https:\/\/www.hediyepazar.com\/index.php?rest_route=%2Fwp%2Fv2%2Fmedia&parent=18121"}],"wp:term":[{"taxonomy":"product_brand","embeddable":true,"href":"https:\/\/www.hediyepazar.com\/index.php?rest_route=%2Fwp%2Fv2%2Fproduct_brand&post=18121"},{"taxonomy":"product_cat","embeddable":true,"href":"https:\/\/www.hediyepazar.com\/index.php?rest_route=%2Fwp%2Fv2%2Fproduct_cat&post=18121"},{"taxonomy":"product_tag","embeddable":true,"href":"https:\/\/www.hediyepazar.com\/index.php?rest_route=%2Fwp%2Fv2%2Fproduct_tag&post=18121"}],"curies":[{"name":"wp","href":"https:\/\/api.w.org\/{rel}","templated":true}]}}