{"id":1838,"date":"2026-04-26T06:39:12","date_gmt":"2026-04-26T09:39:12","guid":{"rendered":"https:\/\/www.hediyepazar.com\/?product=logitech-m170-24-ghz-1000dpi-3-tus-optik-kablosuz-mouse"},"modified":"2026-04-26T06:39:12","modified_gmt":"2026-04-26T09:39:12","slug":"logitech-m170-24-ghz-1000dpi-3-tus-optik-kablosuz-mouse","status":"publish","type":"product","link":"https:\/\/www.hediyepazar.com\/?product=logitech-m170-24-ghz-1000dpi-3-tus-optik-kablosuz-mouse","title":{"rendered":"Logitech M170 2,4 Ghz 1000dp\u0131 3 Tu\u015f Optik Kablosuz Mouse"},"content":{"rendered":"<p>Logitech M170 2,4 Ghz 1000dp\u0131 3 Tu\u015f Optik Kablosuz Mouse<\/p>\n","protected":false},"excerpt":{"rendered":"<p>Logitech M170 2,4 Ghz 1000dp\u0131 3 Tu\u015f Optik Kablosuz Mouse<\/p>\n","protected":false},"featured_media":1839,"comment_status":"closed","ping_status":"open","template":"","meta":{"_kad_post_transparent":"","_kad_post_title":"","_kad_post_layout":"","_kad_post_sidebar_id":"","_kad_post_content_style":"","_kad_post_vertical_padding":"","_kad_post_feature":"","_kad_post_feature_position":"","_kad_post_header":false,"_kad_post_footer":false,"_kad_post_classname":""},"product_brand":[],"product_cat":[282],"product_tag":[],"class_list":{"0":"post-1838","1":"product","2":"type-product","3":"status-publish","4":"has-post-thumbnail","6":"product_cat-oem-ve-cevre-birimleri-cevre-birimleri-mouse","8":"first","9":"instock","10":"purchasable","11":"product-type-simple","12":"entry","13":"content-bg","14":"loop-entry"},"_links":{"self":[{"href":"https:\/\/www.hediyepazar.com\/index.php?rest_route=\/wp\/v2\/product\/1838","targetHints":{"allow":["GET"]}}],"collection":[{"href":"https:\/\/www.hediyepazar.com\/index.php?rest_route=\/wp\/v2\/product"}],"about":[{"href":"https:\/\/www.hediyepazar.com\/index.php?rest_route=\/wp\/v2\/types\/product"}],"replies":[{"embeddable":true,"href":"https:\/\/www.hediyepazar.com\/index.php?rest_route=%2Fwp%2Fv2%2Fcomments&post=1838"}],"wp:featuredmedia":[{"embeddable":true,"href":"https:\/\/www.hediyepazar.com\/index.php?rest_route=\/wp\/v2\/media\/1839"}],"wp:attachment":[{"href":"https:\/\/www.hediyepazar.com\/index.php?rest_route=%2Fwp%2Fv2%2Fmedia&parent=1838"}],"wp:term":[{"taxonomy":"product_brand","embeddable":true,"href":"https:\/\/www.hediyepazar.com\/index.php?rest_route=%2Fwp%2Fv2%2Fproduct_brand&post=1838"},{"taxonomy":"product_cat","embeddable":true,"href":"https:\/\/www.hediyepazar.com\/index.php?rest_route=%2Fwp%2Fv2%2Fproduct_cat&post=1838"},{"taxonomy":"product_tag","embeddable":true,"href":"https:\/\/www.hediyepazar.com\/index.php?rest_route=%2Fwp%2Fv2%2Fproduct_tag&post=1838"}],"curies":[{"name":"wp","href":"https:\/\/api.w.org\/{rel}","templated":true}]}}