{"id":185,"date":"2026-04-17T10:01:26","date_gmt":"2026-04-17T13:01:26","guid":{"rendered":"https:\/\/www.hediyepazar.com\/?post_type=product&#038;p=185"},"modified":"2026-04-17T10:03:52","modified_gmt":"2026-04-17T13:03:52","slug":"kolye-test","status":"publish","type":"product","link":"https:\/\/www.hediyepazar.com\/?product=kolye-test","title":{"rendered":"kolye Test"},"content":{"rendered":"<p>l\u015fasdkjfslkfrsdogko\u015ffdhgk\u011fpfhlfd\u011figlsdgffd\u015fl,gdl\u015ff<br \/>\ndefghftghjgykjyuhkhgkhlk\u0131jl\u0131lo\u0131j\u015flo\u0131\u015fo\u0131\u015fop\u0131\u015fop\u0131\u015fo\u01310<br \/>\ndsv\u00e7.fdbm\u0131ytou\u0131jho\u0131ytjhbogkvfdlobkgf<\/p>\n<p>&nbsp;<\/p>\n","protected":false},"excerpt":{"rendered":"<p>kolye<\/p>\n","protected":false},"featured_media":190,"comment_status":"open","ping_status":"closed","template":"","meta":{"_kad_post_transparent":"default","_kad_post_title":"","_kad_post_layout":"default","_kad_post_sidebar_id":"","_kad_post_content_style":"default","_kad_post_vertical_padding":"default","_kad_post_feature":"","_kad_post_feature_position":"","_kad_post_header":false,"_kad_post_footer":false,"_kad_post_classname":""},"product_brand":[],"product_cat":[57,65,46,73,74,60,67,39,41,54,49,75,62,70,77,78,23,51,45,66,58,71,50,40,52,42,64,53,76,61,68,72,56,63,48,55,44,69,43,59,47],"product_tag":[93],"class_list":{"0":"post-185","1":"product","2":"type-product","3":"status-publish","4":"has-post-thumbnail","6":"product_cat-agiz-bakimi","7":"product_cat-ahsap-oyuncaklar","8":"product_cat-aksesuar","9":"product_cat-anneler-gunu-hediyesi","10":"product_cat-babalar-gunu-hediyesi","11":"product_cat-bakim-aksesuarlari","12":"product_cat-bebek-okul-oncesi","13":"product_cat-bijuteri","14":"product_cat-bileklikler","15":"product_cat-cilt-bakimi","16":"product_cat-cuzdanlar","17":"product_cat-dogum-gunu-hediyesi","18":"product_cat-egitici-oyuncaklar","19":"product_cat-erkek-sevgiliye-hediye","20":"product_cat-firsat-urunler","21":"product_cat-flas-urunler","22":"product_cat-genel","23":"product_cat-gozlukler","24":"product_cat-halhal","25":"product_cat-hobi-figur-oyuncaklari","26":"product_cat-kadin-hijyen","27":"product_cat-kadin-sevgiliye-hediye","28":"product_cat-kemerler","29":"product_cat-kolyeler","30":"product_cat-kozmetik","31":"product_cat-kupeler","32":"product_cat-kutu-oyunu","33":"product_cat-makyaj","34":"product_cat-ogretmenler-gunu-hediyesi","35":"product_cat-oyuncak","36":"product_cat-oyuncak-araclar","37":"product_cat-ozel-gun-hediyesi","38":"product_cat-parfum-deodorant","39":"product_cat-pelus-oyuncaklar","40":"product_cat-saatler","41":"product_cat-sac-bakimi","42":"product_cat-sac-bandi","43":"product_cat-sevgiliye-hediye","44":"product_cat-tokalar","45":"product_cat-tras-agda-epilasyon","46":"product_cat-yuzukler","47":"product_tag-test","49":"first","50":"instock","51":"sale","52":"shipping-taxable","53":"purchasable","54":"product-type-simple","55":"entry","56":"content-bg","57":"loop-entry"},"_links":{"self":[{"href":"https:\/\/www.hediyepazar.com\/index.php?rest_route=\/wp\/v2\/product\/185","targetHints":{"allow":["GET"]}}],"collection":[{"href":"https:\/\/www.hediyepazar.com\/index.php?rest_route=\/wp\/v2\/product"}],"about":[{"href":"https:\/\/www.hediyepazar.com\/index.php?rest_route=\/wp\/v2\/types\/product"}],"replies":[{"embeddable":true,"href":"https:\/\/www.hediyepazar.com\/index.php?rest_route=%2Fwp%2Fv2%2Fcomments&post=185"}],"wp:featuredmedia":[{"embeddable":true,"href":"https:\/\/www.hediyepazar.com\/index.php?rest_route=\/wp\/v2\/media\/190"}],"wp:attachment":[{"href":"https:\/\/www.hediyepazar.com\/index.php?rest_route=%2Fwp%2Fv2%2Fmedia&parent=185"}],"wp:term":[{"taxonomy":"product_brand","embeddable":true,"href":"https:\/\/www.hediyepazar.com\/index.php?rest_route=%2Fwp%2Fv2%2Fproduct_brand&post=185"},{"taxonomy":"product_cat","embeddable":true,"href":"https:\/\/www.hediyepazar.com\/index.php?rest_route=%2Fwp%2Fv2%2Fproduct_cat&post=185"},{"taxonomy":"product_tag","embeddable":true,"href":"https:\/\/www.hediyepazar.com\/index.php?rest_route=%2Fwp%2Fv2%2Fproduct_tag&post=185"}],"curies":[{"name":"wp","href":"https:\/\/api.w.org\/{rel}","templated":true}]}}