{"id":18601,"date":"2026-04-26T19:19:47","date_gmt":"2026-04-26T22:19:47","guid":{"rendered":"https:\/\/www.hediyepazar.com\/?product=15w-wireless-sarj-cihazi"},"modified":"2026-04-26T19:19:47","modified_gmt":"2026-04-26T22:19:47","slug":"15w-wireless-sarj-cihazi","status":"publish","type":"product","link":"https:\/\/www.hediyepazar.com\/?product=15w-wireless-sarj-cihazi","title":{"rendered":"15w Wireless \u015earj Cihaz\u0131"},"content":{"rendered":"","protected":false},"excerpt":{"rendered":"<p>\u0130PHONE 11 VE \u00dcZER\u0130 T\u00dcM MODELLER \u0130LE UYUMLUDUR Megsafe Iphone 11-12-13-14 T\u00fcm Seriler ile Uyumlu Magnetic 15W Wireless Charging Car Ara\u00e7 Telefon Tutucu H\u0131zl\u0131 \u015earj VOKS-MS Magnetic Wireless Charging Car Mount Ara\u00e7 Telefon Tutucu 15W Kablosuz Qualcomm 3.0 H\u0131zl\u0131 \u015farj deste\u011fi Magnetik \u00f6zelli\u011fi sayesinde cihaz\u0131n\u0131z\u0131 sadece tutucu \u00fczerine b\u0131rakman\u0131z yeterlidir Ergonomik ve \u015f\u0131k tasar\u0131m Ak\u0131ll\u0131 \u00e7ip sayesinde 9 Farkl\u0131 Koruma Teknolojisi A\u015f\u0131r\u0131 voltaj korumas\u0131 K\u0131sa devre korumas\u0131 A\u015f\u0131r\u0131 \u015farj korumas\u0131 A\u015f\u0131r\u0131 ak\u0131m korumas\u0131 S\u0131cakl\u0131k korumas\u0131 A\u015f\u0131r\u0131 g\u00fc\u00e7 korumas\u0131 Anti \u015farj geri d\u00f6n\u00fc\u015f korumas\u0131 Yeniden ba\u015flatma korumas\u0131 A\u015f\u0131r\u0131 \u015farj bo\u015faltma korumas\u0131 Di\u011fer magnetik ara\u00e7 tutucular\u0131nda oldu\u011fu gibi konum g\u00f6steriminde sapmalar ya\u015fanmaz Izgara klipsi sayesinde rahat\u00e7a arac\u0131n\u0131z\u0131n havaland\u0131rma k\u0131s\u0131mlar\u0131nda kullanabilme 360 derece d\u00f6nebilen ba\u015fl\u0131\u011f\u0131 sayesinde rahat\u00e7a cihaz\u0131n\u0131z\u0131 kullanabilme Tek elle rahat\u00e7a kullanabilme Type-C \u015farj giri\u015fi Cihaz\u0131n\u0131za g\u00f6re otomatik tan\u0131mlanan \u015farj \u00e7\u0131k\u0131\u015f g\u00fcc\u00fc sayesinde optimum \u015farj verimi 6.5 cm geni\u015flik 10 cm uzunluk 0.8 cm kal\u0131nl\u0131k Standart : GB 4943.1-2011 Input : 9V\/2A , 5V\/2.4A Output : 5\/ 10\/ 7.5\/ 15W<\/p>\n","protected":false},"featured_media":18600,"comment_status":"open","ping_status":"closed","template":"","meta":{"_kad_post_transparent":"","_kad_post_title":"","_kad_post_layout":"","_kad_post_sidebar_id":"","_kad_post_content_style":"","_kad_post_vertical_padding":"","_kad_post_feature":"","_kad_post_feature_position":"","_kad_post_header":false,"_kad_post_footer":false,"_kad_post_classname":""},"product_brand":[],"product_cat":[23],"product_tag":[],"class_list":{"0":"post-18601","1":"product","2":"type-product","3":"status-publish","4":"has-post-thumbnail","6":"product_cat-genel","8":"first","9":"instock","10":"purchasable","11":"product-type-simple","12":"entry","13":"content-bg","14":"loop-entry"},"_links":{"self":[{"href":"https:\/\/www.hediyepazar.com\/index.php?rest_route=\/wp\/v2\/product\/18601","targetHints":{"allow":["GET"]}}],"collection":[{"href":"https:\/\/www.hediyepazar.com\/index.php?rest_route=\/wp\/v2\/product"}],"about":[{"href":"https:\/\/www.hediyepazar.com\/index.php?rest_route=\/wp\/v2\/types\/product"}],"replies":[{"embeddable":true,"href":"https:\/\/www.hediyepazar.com\/index.php?rest_route=%2Fwp%2Fv2%2Fcomments&post=18601"}],"wp:featuredmedia":[{"embeddable":true,"href":"https:\/\/www.hediyepazar.com\/index.php?rest_route=\/wp\/v2\/media\/18600"}],"wp:attachment":[{"href":"https:\/\/www.hediyepazar.com\/index.php?rest_route=%2Fwp%2Fv2%2Fmedia&parent=18601"}],"wp:term":[{"taxonomy":"product_brand","embeddable":true,"href":"https:\/\/www.hediyepazar.com\/index.php?rest_route=%2Fwp%2Fv2%2Fproduct_brand&post=18601"},{"taxonomy":"product_cat","embeddable":true,"href":"https:\/\/www.hediyepazar.com\/index.php?rest_route=%2Fwp%2Fv2%2Fproduct_cat&post=18601"},{"taxonomy":"product_tag","embeddable":true,"href":"https:\/\/www.hediyepazar.com\/index.php?rest_route=%2Fwp%2Fv2%2Fproduct_tag&post=18601"}],"curies":[{"name":"wp","href":"https:\/\/api.w.org\/{rel}","templated":true}]}}