{"id":18611,"date":"2026-04-26T19:19:50","date_gmt":"2026-04-26T22:19:50","guid":{"rendered":"https:\/\/www.hediyepazar.com\/?product=rgb-isikli-cift-mikrofonlu-siyah-profesyonel-oyuncu-kulakligi-kablosuz-kulakici"},"modified":"2026-04-26T19:19:50","modified_gmt":"2026-04-26T22:19:50","slug":"rgb-isikli-cift-mikrofonlu-siyah-profesyonel-oyuncu-kulakligi-kablosuz-kulakici","status":"publish","type":"product","link":"https:\/\/www.hediyepazar.com\/?product=rgb-isikli-cift-mikrofonlu-siyah-profesyonel-oyuncu-kulakligi-kablosuz-kulakici","title":{"rendered":"Rgb I\u015f\u0131kl\u0131 \u00c7ift Mikrofonlu Siyah Profesyonel Oyuncu Kulakl\u0131\u011f\u0131 Kablosuz Kulaki\u00e7i"},"content":{"rendered":"","protected":false},"excerpt":{"rendered":"<p>G30 Siyah Profesyonel Oyuncu Kulakl\u0131\u011f\u0131, ergonomik tasar\u0131m\u0131 ile kulaklar\u0131n\u0131za tam uyum sa\u011flar ve uzun s\u00fcreli kullan\u0131mlarda bile rahatl\u0131k sunar. Kablosuz Bluetooth 5.2 ba\u011flant\u0131s\u0131 sayesinde 15 metreye kadar \u00e7ekim mesafesi sunar, kopma ve gecikme gibi sorunlar\u0131 ortadan kald\u0131r\u0131r. \u00dc\u00e7 farkl\u0131 mod se\u00e7ene\u011fi ile oyun, m\u00fczik ve konu\u015fma aras\u0131nda kolayca ge\u00e7i\u015f yapabilirsiniz. Rgb \u0131\u015f\u0131kland\u0131rma, kullan\u0131c\u0131lara \u015f\u0131k bir g\u00f6rsel ambiyans olu\u015fturur. HD mikrofonu, g\u00fcr\u00fclt\u00fc \u00f6nleyici \u00f6zellikleriyle net ve kesintisiz ileti\u015fim sa\u011flar, b\u00f6ylece oyun s\u0131ras\u0131nda veya telefon g\u00f6r\u00fc\u015fmelerinde en iyi ses deneyimini ya\u015fars\u0131n\u0131z. Batarya kapasitesi 400 mAh olan kulakl\u0131k, 1.5 saatlik \u015farj s\u00fcresiyle 6 saat kesintisiz kullan\u0131m sunar. Bekleme s\u00fcresi ise 150 saattir. Ayr\u0131ca, su damlac\u0131klar\u0131na ve hafif ya\u011fmura kar\u015f\u0131 korumal\u0131d\u0131r, bu da d\u0131\u015f mekan kullan\u0131m\u0131 i\u00e7in ideal hale getirir. Uzun \u00f6m\u00fcrl\u00fc bataryas\u0131, sizi asla yar\u0131 yolda b\u0131rakmaz ve oyun keyfinizin veya m\u00fczik dinlemenin tad\u0131n\u0131 tam olarak \u00e7\u0131karabilirsiniz.<\/p>\n","protected":false},"featured_media":18610,"comment_status":"open","ping_status":"closed","template":"","meta":{"_kad_post_transparent":"","_kad_post_title":"","_kad_post_layout":"","_kad_post_sidebar_id":"","_kad_post_content_style":"","_kad_post_vertical_padding":"","_kad_post_feature":"","_kad_post_feature_position":"","_kad_post_header":false,"_kad_post_footer":false,"_kad_post_classname":""},"product_brand":[],"product_cat":[23],"product_tag":[],"class_list":{"0":"post-18611","1":"product","2":"type-product","3":"status-publish","4":"has-post-thumbnail","6":"product_cat-genel","8":"first","9":"instock","10":"purchasable","11":"product-type-simple","12":"entry","13":"content-bg","14":"loop-entry"},"_links":{"self":[{"href":"https:\/\/www.hediyepazar.com\/index.php?rest_route=\/wp\/v2\/product\/18611","targetHints":{"allow":["GET"]}}],"collection":[{"href":"https:\/\/www.hediyepazar.com\/index.php?rest_route=\/wp\/v2\/product"}],"about":[{"href":"https:\/\/www.hediyepazar.com\/index.php?rest_route=\/wp\/v2\/types\/product"}],"replies":[{"embeddable":true,"href":"https:\/\/www.hediyepazar.com\/index.php?rest_route=%2Fwp%2Fv2%2Fcomments&post=18611"}],"wp:featuredmedia":[{"embeddable":true,"href":"https:\/\/www.hediyepazar.com\/index.php?rest_route=\/wp\/v2\/media\/18610"}],"wp:attachment":[{"href":"https:\/\/www.hediyepazar.com\/index.php?rest_route=%2Fwp%2Fv2%2Fmedia&parent=18611"}],"wp:term":[{"taxonomy":"product_brand","embeddable":true,"href":"https:\/\/www.hediyepazar.com\/index.php?rest_route=%2Fwp%2Fv2%2Fproduct_brand&post=18611"},{"taxonomy":"product_cat","embeddable":true,"href":"https:\/\/www.hediyepazar.com\/index.php?rest_route=%2Fwp%2Fv2%2Fproduct_cat&post=18611"},{"taxonomy":"product_tag","embeddable":true,"href":"https:\/\/www.hediyepazar.com\/index.php?rest_route=%2Fwp%2Fv2%2Fproduct_tag&post=18611"}],"curies":[{"name":"wp","href":"https:\/\/api.w.org\/{rel}","templated":true}]}}