{"id":18613,"date":"2026-04-26T19:19:51","date_gmt":"2026-04-26T22:19:51","guid":{"rendered":"https:\/\/www.hediyepazar.com\/?product=kulak-ustu-kablosuz-bluetooth-kulaklik-yuksek-ses-kaliteli-anc-ozelligi"},"modified":"2026-04-26T19:46:44","modified_gmt":"2026-04-26T22:46:44","slug":"kulak-ustu-kablosuz-bluetooth-kulaklik-yuksek-ses-kaliteli-anc-ozelligi","status":"publish","type":"product","link":"https:\/\/www.hediyepazar.com\/?product=kulak-ustu-kablosuz-bluetooth-kulaklik-yuksek-ses-kaliteli-anc-ozelligi","title":{"rendered":"Kulak \u00dcst\u00fc Kablosuz Bluetooth Kulakl\u0131k Y\u00fcksek Ses Kaliteli Anc \u00d6zelli\u011fi"},"content":{"rendered":"","protected":false},"excerpt":{"rendered":"<p>Ergonomik tasar\u0131m\u0131 sayesinde uzun s\u00fcreli kullan\u0131mlarda dahi rahatl\u0131k sunan bu kablosuz kulakl\u0131k, spor yaparken veya g\u00fcnl\u00fck aktivitelerinizde m\u00fczik dinlemeyi keyifli hale getirir. Geli\u015fmi\u015f Bluetooth 5.0 teknolojisi ile kesintisiz ba\u011flant\u0131 sunarak gecikme olmadan y\u00fcksek kaliteli ses deneyimi ya\u015fat\u0131r. Suya ve tere dayan\u0131kl\u0131 yap\u0131s\u0131, d\u0131\u015f mekan kullan\u0131mlar\u0131 i\u00e7in idealdir ve ya\u011fmurlu havalarda bile m\u00fczi\u011fin tad\u0131n\u0131 \u00e7\u0131karman\u0131za olanak tan\u0131r. Dahili mikrofonu sayesinde net ve anla\u015f\u0131l\u0131r telefon g\u00f6r\u00fc\u015fmeleri yapabilir, aktif g\u00fcr\u00fclt\u00fc engelleme (ANC) teknolojisi ile d\u0131\u015f etkenlerden etkilenmeden m\u00fczi\u011finize veya g\u00f6r\u00fc\u015fmelerinize odaklanabilirsiniz.<\/p>\n","protected":false},"featured_media":21036,"comment_status":"open","ping_status":"closed","template":"","meta":{"_kad_post_transparent":"","_kad_post_title":"","_kad_post_layout":"","_kad_post_sidebar_id":"","_kad_post_content_style":"","_kad_post_vertical_padding":"","_kad_post_feature":"","_kad_post_feature_position":"","_kad_post_header":false,"_kad_post_footer":false,"_kad_post_classname":""},"product_brand":[],"product_cat":[23],"product_tag":[],"class_list":{"0":"post-18613","1":"product","2":"type-product","3":"status-publish","4":"has-post-thumbnail","6":"product_cat-genel","8":"first","9":"instock","10":"purchasable","11":"product-type-simple","12":"entry","13":"content-bg","14":"loop-entry"},"_links":{"self":[{"href":"https:\/\/www.hediyepazar.com\/index.php?rest_route=\/wp\/v2\/product\/18613","targetHints":{"allow":["GET"]}}],"collection":[{"href":"https:\/\/www.hediyepazar.com\/index.php?rest_route=\/wp\/v2\/product"}],"about":[{"href":"https:\/\/www.hediyepazar.com\/index.php?rest_route=\/wp\/v2\/types\/product"}],"replies":[{"embeddable":true,"href":"https:\/\/www.hediyepazar.com\/index.php?rest_route=%2Fwp%2Fv2%2Fcomments&post=18613"}],"wp:featuredmedia":[{"embeddable":true,"href":"https:\/\/www.hediyepazar.com\/index.php?rest_route=\/wp\/v2\/media\/21036"}],"wp:attachment":[{"href":"https:\/\/www.hediyepazar.com\/index.php?rest_route=%2Fwp%2Fv2%2Fmedia&parent=18613"}],"wp:term":[{"taxonomy":"product_brand","embeddable":true,"href":"https:\/\/www.hediyepazar.com\/index.php?rest_route=%2Fwp%2Fv2%2Fproduct_brand&post=18613"},{"taxonomy":"product_cat","embeddable":true,"href":"https:\/\/www.hediyepazar.com\/index.php?rest_route=%2Fwp%2Fv2%2Fproduct_cat&post=18613"},{"taxonomy":"product_tag","embeddable":true,"href":"https:\/\/www.hediyepazar.com\/index.php?rest_route=%2Fwp%2Fv2%2Fproduct_tag&post=18613"}],"curies":[{"name":"wp","href":"https:\/\/api.w.org\/{rel}","templated":true}]}}