{"id":18617,"date":"2026-04-26T19:19:52","date_gmt":"2026-04-26T22:19:52","guid":{"rendered":"https:\/\/www.hediyepazar.com\/?product=oyun-konsolu-retro-oyun-konsolu-tvye-baglanabilir-tasinabilir"},"modified":"2026-04-26T19:49:07","modified_gmt":"2026-04-26T22:49:07","slug":"oyun-konsolu-retro-oyun-konsolu-tvye-baglanabilir-tasinabilir","status":"publish","type":"product","link":"https:\/\/www.hediyepazar.com\/?product=oyun-konsolu-retro-oyun-konsolu-tvye-baglanabilir-tasinabilir","title":{"rendered":"Oyun Konsolu Retro Oyun Konsolu Tv&#8217;ye Ba\u011flanabilir Ta\u015f\u0131nabilir"},"content":{"rendered":"","protected":false},"excerpt":{"rendered":"<p>3.5 in\u00e7 LCD ekran\u0131 ile nostaljik bir oyun deneyimi sunan bu retro oyun konsolu, ultra ince tasar\u0131m\u0131 sayesinde rahat\u00e7a ta\u015f\u0131nabilir. 666 adet klasik retro oyun, S\u00fcper Mario, Mortal Kombat, Contra gibi efsanevi oyunlar\u0131 i\u00e7erir, b\u00f6ylece her an\u0131n\u0131z\u0131 unutulmaz k\u0131lacak. \u00c7ift Ki\u015filik Oyun Keyfi Kutu i\u00e7erisinde bulunan ikinci konsol ile oyunlar\u0131 televizyonunuza ba\u011flayarak 2 ki\u015filik oyun keyfini ya\u015fayabilirsiniz. Bu \u00f6zellik, arkada\u015flar\u0131n\u0131zla veya ailenizle keyifli anlar ge\u00e7irmenize olanak tan\u0131r. Y\u00fcksek Performans ve H\u0131zl\u0131 \u0130\u015flemci G\u00fc\u00e7l\u00fc i\u015flemcisi ile donma veya kasma problemi ya\u015fanmaz. Oyunlar\u0131n\u0131z\u0131 sorunsuz bir \u015fekilde oynayabilir, nostaljik atmosferin tad\u0131n\u0131 \u00e7\u0131karabilirsiniz. Uzun S\u00fcreli Kullan\u0131m \u015earj edilebilir g\u00fc\u00e7lendirilmi\u015f batarya, uzun s\u00fcreli oyun deneyimi sunar. Mikro USB giri\u015fi ile kolayca \u015farj edebilirsiniz ve kutu i\u00e7erisinde \u015farj kablosu da bulunmaktad\u0131r. Televizyon ba\u011flant\u0131 aparat\u0131 da kutu i\u00e7inde yer al\u0131r, b\u00f6ylece televizyon ekran\u0131nda oyun oynaman\u0131n keyfini \u00e7\u0131karabilirsiniz. Bu retro oyun konsolu, ge\u00e7mi\u015fin klasik oyunlar\u0131n\u0131 modern bir \u015fekilde ta\u015f\u0131mak isteyen herkes i\u00e7in m\u00fckemmel bir se\u00e7imdir.<\/p>\n","protected":false},"featured_media":21193,"comment_status":"open","ping_status":"closed","template":"","meta":{"_kad_post_transparent":"","_kad_post_title":"","_kad_post_layout":"","_kad_post_sidebar_id":"","_kad_post_content_style":"","_kad_post_vertical_padding":"","_kad_post_feature":"","_kad_post_feature_position":"","_kad_post_header":false,"_kad_post_footer":false,"_kad_post_classname":""},"product_brand":[],"product_cat":[23],"product_tag":[],"class_list":{"0":"post-18617","1":"product","2":"type-product","3":"status-publish","4":"has-post-thumbnail","6":"product_cat-genel","8":"first","9":"instock","10":"purchasable","11":"product-type-simple","12":"entry","13":"content-bg","14":"loop-entry"},"_links":{"self":[{"href":"https:\/\/www.hediyepazar.com\/index.php?rest_route=\/wp\/v2\/product\/18617","targetHints":{"allow":["GET"]}}],"collection":[{"href":"https:\/\/www.hediyepazar.com\/index.php?rest_route=\/wp\/v2\/product"}],"about":[{"href":"https:\/\/www.hediyepazar.com\/index.php?rest_route=\/wp\/v2\/types\/product"}],"replies":[{"embeddable":true,"href":"https:\/\/www.hediyepazar.com\/index.php?rest_route=%2Fwp%2Fv2%2Fcomments&post=18617"}],"wp:featuredmedia":[{"embeddable":true,"href":"https:\/\/www.hediyepazar.com\/index.php?rest_route=\/wp\/v2\/media\/21193"}],"wp:attachment":[{"href":"https:\/\/www.hediyepazar.com\/index.php?rest_route=%2Fwp%2Fv2%2Fmedia&parent=18617"}],"wp:term":[{"taxonomy":"product_brand","embeddable":true,"href":"https:\/\/www.hediyepazar.com\/index.php?rest_route=%2Fwp%2Fv2%2Fproduct_brand&post=18617"},{"taxonomy":"product_cat","embeddable":true,"href":"https:\/\/www.hediyepazar.com\/index.php?rest_route=%2Fwp%2Fv2%2Fproduct_cat&post=18617"},{"taxonomy":"product_tag","embeddable":true,"href":"https:\/\/www.hediyepazar.com\/index.php?rest_route=%2Fwp%2Fv2%2Fproduct_tag&post=18617"}],"curies":[{"name":"wp","href":"https:\/\/api.w.org\/{rel}","templated":true}]}}