{"id":18621,"date":"2026-04-26T19:19:54","date_gmt":"2026-04-26T22:19:54","guid":{"rendered":"https:\/\/www.hediyepazar.com\/?product=oyuncu-kulakligi-yeni-nesil-gamer-kulaklik-gurultu-onleyici"},"modified":"2026-04-26T19:49:19","modified_gmt":"2026-04-26T22:49:19","slug":"oyuncu-kulakligi-yeni-nesil-gamer-kulaklik-gurultu-onleyici","status":"publish","type":"product","link":"https:\/\/www.hediyepazar.com\/?product=oyuncu-kulakligi-yeni-nesil-gamer-kulaklik-gurultu-onleyici","title":{"rendered":"Oyuncu Kulakl\u0131\u011f\u0131 Yeni Nesil Gamer Kulakl\u0131k G\u00fcr\u00fclt\u00fc \u00d6nleyici"},"content":{"rendered":"","protected":false},"excerpt":{"rendered":"<p>Oyunseverler ve m\u00fczik tutkunlar\u0131 i\u00e7in \u00f6zel olarak tasarlanan bu kablosuz kulakl\u0131k, SBC\/AAC \u00e7ift kod deste\u011fi ile gecikmesiz bir ses ak\u0131\u015f\u0131 sunar. Oyun oynarken seslerin en ince detaylar\u0131n\u0131 bile an\u0131nda duyabilirsiniz. 65ms d\u00fc\u015f\u00fck gecikme s\u00fcresi, size her oyunda \u00fcst\u00fcn bir avantaj sa\u011flar. Mikrofon duyarl\u0131l\u0131\u011f\u0131 sayesinde \u00e7evrim i\u00e7i g\u00f6r\u00fc\u015fmelerde veya oyunlarda sesiniz her zaman net bir \u015fekilde iletilir. \u015e\u0131k tasar\u0131m\u0131 ve ta\u015f\u0131nabilir yap\u0131s\u0131yla dikkat \u00e7eken bu model, aktif g\u00fcr\u00fclt\u00fc engelleme (ANC) teknolojisi sayesinde d\u0131\u015f ortam seslerini b\u00fcy\u00fck \u00f6l\u00e7\u00fcde engeller. IPX5 su ge\u00e7irmezlik \u00f6zelli\u011fi, \u00fcr\u00fcn\u00fc spor ve a\u00e7\u0131k hava kullan\u0131m\u0131nda dayan\u0131kl\u0131 hale getirir. \u015earj kutusundan \u00e7\u0131kar\u0131ld\u0131\u011f\u0131 anda otomatik ba\u011flant\u0131 \u00f6zelli\u011fiyle zamandan tasarruf edebilirsiniz. Bu model, g\u00fcnl\u00fck ya\u015fam\u0131n her alan\u0131nda ihtiya\u00e7lar\u0131n\u0131z\u0131 kar\u015f\u0131lamak i\u00e7in m\u00fckemmel bir se\u00e7imdir.<\/p>\n","protected":false},"featured_media":21210,"comment_status":"open","ping_status":"closed","template":"","meta":{"_kad_post_transparent":"","_kad_post_title":"","_kad_post_layout":"","_kad_post_sidebar_id":"","_kad_post_content_style":"","_kad_post_vertical_padding":"","_kad_post_feature":"","_kad_post_feature_position":"","_kad_post_header":false,"_kad_post_footer":false,"_kad_post_classname":""},"product_brand":[],"product_cat":[23],"product_tag":[],"class_list":{"0":"post-18621","1":"product","2":"type-product","3":"status-publish","4":"has-post-thumbnail","6":"product_cat-genel","8":"first","9":"instock","10":"purchasable","11":"product-type-simple","12":"entry","13":"content-bg","14":"loop-entry"},"_links":{"self":[{"href":"https:\/\/www.hediyepazar.com\/index.php?rest_route=\/wp\/v2\/product\/18621","targetHints":{"allow":["GET"]}}],"collection":[{"href":"https:\/\/www.hediyepazar.com\/index.php?rest_route=\/wp\/v2\/product"}],"about":[{"href":"https:\/\/www.hediyepazar.com\/index.php?rest_route=\/wp\/v2\/types\/product"}],"replies":[{"embeddable":true,"href":"https:\/\/www.hediyepazar.com\/index.php?rest_route=%2Fwp%2Fv2%2Fcomments&post=18621"}],"wp:featuredmedia":[{"embeddable":true,"href":"https:\/\/www.hediyepazar.com\/index.php?rest_route=\/wp\/v2\/media\/21210"}],"wp:attachment":[{"href":"https:\/\/www.hediyepazar.com\/index.php?rest_route=%2Fwp%2Fv2%2Fmedia&parent=18621"}],"wp:term":[{"taxonomy":"product_brand","embeddable":true,"href":"https:\/\/www.hediyepazar.com\/index.php?rest_route=%2Fwp%2Fv2%2Fproduct_brand&post=18621"},{"taxonomy":"product_cat","embeddable":true,"href":"https:\/\/www.hediyepazar.com\/index.php?rest_route=%2Fwp%2Fv2%2Fproduct_cat&post=18621"},{"taxonomy":"product_tag","embeddable":true,"href":"https:\/\/www.hediyepazar.com\/index.php?rest_route=%2Fwp%2Fv2%2Fproduct_tag&post=18621"}],"curies":[{"name":"wp","href":"https:\/\/api.w.org\/{rel}","templated":true}]}}