{"id":18623,"date":"2026-04-26T19:19:55","date_gmt":"2026-04-26T22:19:55","guid":{"rendered":"https:\/\/www.hediyepazar.com\/?product=yeni-nesil-coklu-baglanti-kurulabilen-bluetooth-kulaklik-yuksek-ses-kaliteli"},"modified":"2026-04-26T19:45:11","modified_gmt":"2026-04-26T22:45:11","slug":"yeni-nesil-coklu-baglanti-kurulabilen-bluetooth-kulaklik-yuksek-ses-kaliteli","status":"publish","type":"product","link":"https:\/\/www.hediyepazar.com\/?product=yeni-nesil-coklu-baglanti-kurulabilen-bluetooth-kulaklik-yuksek-ses-kaliteli","title":{"rendered":"Yeni Nesil \u00c7oklu Ba\u011flant\u0131 Kurulabilen Bluetooth Kulakl\u0131k Y\u00fcksek Ses Kaliteli"},"content":{"rendered":"","protected":false},"excerpt":{"rendered":"<p>M80 Bluetooth Kulakl\u0131k, ki\u015fisel kullan\u0131m grubunda yer ald\u0131\u011f\u0131 i\u00e7in hijyen a\u00e7\u0131s\u0131ndan olduk\u00e7a titiz bir \u015fekilde haz\u0131rlan\u0131r. \u00dcr\u00fcn paketinin a\u00e7\u0131lmas\u0131 veya y\u0131rt\u0131lmas\u0131 durumunda hijyen sebebiyle iade kabul edilmemektedir. Ancak, her bir \u00fcr\u00fcn firmam\u0131z taraf\u0131ndan steril ortamlarda test edilip paketlenerek sizlere ula\u015ft\u0131r\u0131l\u0131r. Kutu i\u00e7eri\u011finde yer alan kullan\u0131m k\u0131lavuzu sayesinde \u00fcr\u00fcn\u00fcn t\u00fcm fonksiyonlar\u0131n\u0131 kolayca ke\u015ffedebilir ve maksimum verimle kullanabilirsiniz. Bu kulakl\u0131k, hem i\u015flevselli\u011fi hem de kullan\u0131c\u0131 dostu yap\u0131s\u0131yla uzun vadede memnuniyet sunar.<\/p>\n","protected":false},"featured_media":20929,"comment_status":"open","ping_status":"closed","template":"","meta":{"_kad_post_transparent":"","_kad_post_title":"","_kad_post_layout":"","_kad_post_sidebar_id":"","_kad_post_content_style":"","_kad_post_vertical_padding":"","_kad_post_feature":"","_kad_post_feature_position":"","_kad_post_header":false,"_kad_post_footer":false,"_kad_post_classname":""},"product_brand":[],"product_cat":[23],"product_tag":[],"class_list":{"0":"post-18623","1":"product","2":"type-product","3":"status-publish","4":"has-post-thumbnail","6":"product_cat-genel","8":"first","9":"instock","10":"purchasable","11":"product-type-simple","12":"entry","13":"content-bg","14":"loop-entry"},"_links":{"self":[{"href":"https:\/\/www.hediyepazar.com\/index.php?rest_route=\/wp\/v2\/product\/18623","targetHints":{"allow":["GET"]}}],"collection":[{"href":"https:\/\/www.hediyepazar.com\/index.php?rest_route=\/wp\/v2\/product"}],"about":[{"href":"https:\/\/www.hediyepazar.com\/index.php?rest_route=\/wp\/v2\/types\/product"}],"replies":[{"embeddable":true,"href":"https:\/\/www.hediyepazar.com\/index.php?rest_route=%2Fwp%2Fv2%2Fcomments&post=18623"}],"wp:featuredmedia":[{"embeddable":true,"href":"https:\/\/www.hediyepazar.com\/index.php?rest_route=\/wp\/v2\/media\/20929"}],"wp:attachment":[{"href":"https:\/\/www.hediyepazar.com\/index.php?rest_route=%2Fwp%2Fv2%2Fmedia&parent=18623"}],"wp:term":[{"taxonomy":"product_brand","embeddable":true,"href":"https:\/\/www.hediyepazar.com\/index.php?rest_route=%2Fwp%2Fv2%2Fproduct_brand&post=18623"},{"taxonomy":"product_cat","embeddable":true,"href":"https:\/\/www.hediyepazar.com\/index.php?rest_route=%2Fwp%2Fv2%2Fproduct_cat&post=18623"},{"taxonomy":"product_tag","embeddable":true,"href":"https:\/\/www.hediyepazar.com\/index.php?rest_route=%2Fwp%2Fv2%2Fproduct_tag&post=18623"}],"curies":[{"name":"wp","href":"https:\/\/api.w.org\/{rel}","templated":true}]}}