{"id":18627,"date":"2026-04-26T19:19:56","date_gmt":"2026-04-26T22:19:56","guid":{"rendered":"https:\/\/www.hediyepazar.com\/?product=2025-model-kulak-ustu-bluetooth-hoparlor-anc-ozellikli"},"modified":"2026-04-26T19:19:56","modified_gmt":"2026-04-26T22:19:56","slug":"2025-model-kulak-ustu-bluetooth-hoparlor-anc-ozellikli","status":"publish","type":"product","link":"https:\/\/www.hediyepazar.com\/?product=2025-model-kulak-ustu-bluetooth-hoparlor-anc-ozellikli","title":{"rendered":"2025 Model Kulak \u00dcst\u00fc Bluetooth Hoparl\u00f6r Anc \u00d6zellikli"},"content":{"rendered":"","protected":false},"excerpt":{"rendered":"<p>Kablosuz Konfor, Y\u00fcksek Performans: Bluetooth Kulakl\u0131k ile Her An M\u00fczik Sizinle\u015e\u0131k tasar\u0131m\u0131 ve \u00fcst\u00fcn teknolojik \u00f6zellikleriyle \u00f6ne \u00e7\u0131kan bu Bluetooth kulakl\u0131k, hareket halindeyken bile kusursuz bir ses deneyimi ya\u015famak isteyenler i\u00e7in \u00f6zel olarak tasarland\u0131. Bluetooth 5.0 teknolojisi sayesinde daha h\u0131zl\u0131 e\u015fle\u015fme, daha az gecikme ve daha g\u00fc\u00e7l\u00fc bir ba\u011flant\u0131 sunar.300 mAh kapasiteli bataryas\u0131 sayesinde 18 saate kadar kesintisiz kullan\u0131m sa\u011flar; ister m\u00fczik dinleyin ister uzun telefon g\u00f6r\u00fc\u015fmeleri yap\u0131n, enerjiniz hi\u00e7 kesilmez. Geni\u015f frekans aral\u0131\u011f\u0131 (20 Hz &#8211; 20.000 Hz), 103,5 dB hassasiyet ve 32 Ohm empedans de\u011ferleriyle dengeli, net ve g\u00fc\u00e7l\u00fc bir ses sunar.Katlanabilir yap\u0131s\u0131 ve yumu\u015fak yast\u0131kl\u0131 kulak pedleri sayesinde uzun s\u00fcreli kullan\u0131mlarda bile maksimum konfor sa\u011flar. Ayarlanabilir ba\u015f band\u0131 ile her kafa yap\u0131s\u0131na uyum sa\u011flayarak ki\u015fisel kullan\u0131m kolayl\u0131\u011f\u0131 sunar. USB-C h\u0131zl\u0131 \u015farj \u00f6zelli\u011fiyle k\u0131sa s\u00fcrede \u015farj olur ve yeniden kullan\u0131ma haz\u0131r hale gelir.\u0130ster evde ister yolda olun, ister oyun oynay\u0131n ister i\u015f g\u00f6r\u00fc\u015fmesi yap\u0131n; bu kulakl\u0131k, her an\u0131n\u0131za y\u00fcksek kalite katmak i\u00e7in tasarland\u0131. Fonksiyonel tasar\u0131m\u0131, g\u00fc\u00e7l\u00fc teknik \u00f6zellikleri ve zarif g\u00f6r\u00fcn\u00fcm\u00fcyle teknolojiyi konforla bulu\u015fturuyor.<\/p>\n","protected":false},"featured_media":18626,"comment_status":"open","ping_status":"closed","template":"","meta":{"_kad_post_transparent":"","_kad_post_title":"","_kad_post_layout":"","_kad_post_sidebar_id":"","_kad_post_content_style":"","_kad_post_vertical_padding":"","_kad_post_feature":"","_kad_post_feature_position":"","_kad_post_header":false,"_kad_post_footer":false,"_kad_post_classname":""},"product_brand":[],"product_cat":[23],"product_tag":[],"class_list":{"0":"post-18627","1":"product","2":"type-product","3":"status-publish","4":"has-post-thumbnail","6":"product_cat-genel","8":"first","9":"instock","10":"purchasable","11":"product-type-simple","12":"entry","13":"content-bg","14":"loop-entry"},"_links":{"self":[{"href":"https:\/\/www.hediyepazar.com\/index.php?rest_route=\/wp\/v2\/product\/18627","targetHints":{"allow":["GET"]}}],"collection":[{"href":"https:\/\/www.hediyepazar.com\/index.php?rest_route=\/wp\/v2\/product"}],"about":[{"href":"https:\/\/www.hediyepazar.com\/index.php?rest_route=\/wp\/v2\/types\/product"}],"replies":[{"embeddable":true,"href":"https:\/\/www.hediyepazar.com\/index.php?rest_route=%2Fwp%2Fv2%2Fcomments&post=18627"}],"wp:featuredmedia":[{"embeddable":true,"href":"https:\/\/www.hediyepazar.com\/index.php?rest_route=\/wp\/v2\/media\/18626"}],"wp:attachment":[{"href":"https:\/\/www.hediyepazar.com\/index.php?rest_route=%2Fwp%2Fv2%2Fmedia&parent=18627"}],"wp:term":[{"taxonomy":"product_brand","embeddable":true,"href":"https:\/\/www.hediyepazar.com\/index.php?rest_route=%2Fwp%2Fv2%2Fproduct_brand&post=18627"},{"taxonomy":"product_cat","embeddable":true,"href":"https:\/\/www.hediyepazar.com\/index.php?rest_route=%2Fwp%2Fv2%2Fproduct_cat&post=18627"},{"taxonomy":"product_tag","embeddable":true,"href":"https:\/\/www.hediyepazar.com\/index.php?rest_route=%2Fwp%2Fv2%2Fproduct_tag&post=18627"}],"curies":[{"name":"wp","href":"https:\/\/api.w.org\/{rel}","templated":true}]}}