{"id":18629,"date":"2026-04-26T19:19:57","date_gmt":"2026-04-26T22:19:57","guid":{"rendered":"https:\/\/www.hediyepazar.com\/?product=kareoke-mikrofon"},"modified":"2026-04-26T19:46:22","modified_gmt":"2026-04-26T22:46:22","slug":"kareoke-mikrofon","status":"publish","type":"product","link":"https:\/\/www.hediyepazar.com\/?product=kareoke-mikrofon","title":{"rendered":"Kareoke M\u0131krofon"},"content":{"rendered":"","protected":false},"excerpt":{"rendered":"<p>BLUETOOTH HOPARL\u00d6R Bluetooth SD kart giri\u015fi telefon g\u00f6r\u00fc\u015fmesi ses de\u011fi\u015ftirme bass tizz ses eko ayar\u0131 Kablosuz m\u00fczik ak\u0131\u015f\u0131 i\u00e7in geli\u015fmi\u015f audio da\u011f\u0131t\u0131m profili (a2dp). Arama i\u00e7in eller serbes t profili (hfp). 33ft&#8217;e kadar mesafe(10m). Bluetooth 2.0 ve \u00fcst\u00fc berrak dijital ses sinyal teknolojisi 40mm hoparl\u00f6r \u00fcnitesi ile m\u00fckemmel ses kalitesi sunar. Usb voltaj\u0131: Dc5v, mikro usb kablosu ile rahat \u015farj edilebilme Bluetooth \u00e7ekim alan\u0131: 10m mikro sd kart ve usb giri\u015fi ile dile\u011finiz m\u00fczi\u011fi rahatl\u0131kla dinleyebilirsiniz. Usb ve aux giri\u015fi ile harici hoparl\u00f6r olarak da kullanabilirsiniz. Panelinde yer alan fonksiyon tu\u015flar\u0131yla diledi\u011finiz gibi y\u00f6nlendirebilirsiniz. Bu teknoloji harikas\u0131 \u00fcr\u00fcn\u00fcn \u00e7\u0131kard\u0131\u011f\u0131 sese kulaklar\u0131n\u0131z inanamayacak&#8230;<\/p>\n","protected":false},"featured_media":21015,"comment_status":"open","ping_status":"closed","template":"","meta":{"_kad_post_transparent":"","_kad_post_title":"","_kad_post_layout":"","_kad_post_sidebar_id":"","_kad_post_content_style":"","_kad_post_vertical_padding":"","_kad_post_feature":"","_kad_post_feature_position":"","_kad_post_header":false,"_kad_post_footer":false,"_kad_post_classname":""},"product_brand":[],"product_cat":[23],"product_tag":[],"class_list":{"0":"post-18629","1":"product","2":"type-product","3":"status-publish","4":"has-post-thumbnail","6":"product_cat-genel","8":"first","9":"instock","10":"purchasable","11":"product-type-simple","12":"entry","13":"content-bg","14":"loop-entry"},"_links":{"self":[{"href":"https:\/\/www.hediyepazar.com\/index.php?rest_route=\/wp\/v2\/product\/18629","targetHints":{"allow":["GET"]}}],"collection":[{"href":"https:\/\/www.hediyepazar.com\/index.php?rest_route=\/wp\/v2\/product"}],"about":[{"href":"https:\/\/www.hediyepazar.com\/index.php?rest_route=\/wp\/v2\/types\/product"}],"replies":[{"embeddable":true,"href":"https:\/\/www.hediyepazar.com\/index.php?rest_route=%2Fwp%2Fv2%2Fcomments&post=18629"}],"wp:featuredmedia":[{"embeddable":true,"href":"https:\/\/www.hediyepazar.com\/index.php?rest_route=\/wp\/v2\/media\/21015"}],"wp:attachment":[{"href":"https:\/\/www.hediyepazar.com\/index.php?rest_route=%2Fwp%2Fv2%2Fmedia&parent=18629"}],"wp:term":[{"taxonomy":"product_brand","embeddable":true,"href":"https:\/\/www.hediyepazar.com\/index.php?rest_route=%2Fwp%2Fv2%2Fproduct_brand&post=18629"},{"taxonomy":"product_cat","embeddable":true,"href":"https:\/\/www.hediyepazar.com\/index.php?rest_route=%2Fwp%2Fv2%2Fproduct_cat&post=18629"},{"taxonomy":"product_tag","embeddable":true,"href":"https:\/\/www.hediyepazar.com\/index.php?rest_route=%2Fwp%2Fv2%2Fproduct_tag&post=18629"}],"curies":[{"name":"wp","href":"https:\/\/api.w.org\/{rel}","templated":true}]}}