{"id":18631,"date":"2026-04-26T19:19:58","date_gmt":"2026-04-26T22:19:58","guid":{"rendered":"https:\/\/www.hediyepazar.com\/?product=powerbank-bluetooth-kulaklik-oyuncu-kulakligi-yuksek-ses-kaliteli"},"modified":"2026-04-26T19:45:23","modified_gmt":"2026-04-26T22:45:23","slug":"powerbank-bluetooth-kulaklik-oyuncu-kulakligi-yuksek-ses-kaliteli","status":"publish","type":"product","link":"https:\/\/www.hediyepazar.com\/?product=powerbank-bluetooth-kulaklik-oyuncu-kulakligi-yuksek-ses-kaliteli","title":{"rendered":"Powerbank Bluetooth Kulakl\u0131k Oyuncu Kulakl\u0131\u011f\u0131 Y\u00fcksek Ses Kaliteli"},"content":{"rendered":"","protected":false},"excerpt":{"rendered":"<p>\u00c7ok Fonksiyonlu \u015earj Kutusu ile Acil Durumlarda G\u00fcvendesinizBu \u00fcr\u00fcn, yaln\u0131zca bir kulakl\u0131k de\u011fil; ayn\u0131 zamanda mobil cihazlar\u0131n\u0131z i\u00e7in etkili bir destek arac\u0131d\u0131r. Kulakl\u0131k kutusu \u00fczerinde yer alan Micro USB, Lightning ve Type-C kablolar sayesinde, acil durumlarda telefon veya di\u011fer cihazlar\u0131n\u0131z\u0131 \u015farj edebilir, powerbank olarak kullanabilirsiniz. B\u00f6ylece sadece ses teknolojisi de\u011fil, \u015farj \u00e7\u00f6z\u00fcmleri a\u00e7\u0131s\u0131ndan da yan\u0131n\u0131zda g\u00fc\u00e7l\u00fc bir yard\u0131mc\u0131 bulundurmu\u015f olursunuz. Kompakt ve ergonomik tasar\u0131m\u0131 sayesinde \u00e7antada, cepte veya elde kolayca ta\u015f\u0131nabilir.<\/p>\n","protected":false},"featured_media":20942,"comment_status":"open","ping_status":"closed","template":"","meta":{"_kad_post_transparent":"","_kad_post_title":"","_kad_post_layout":"","_kad_post_sidebar_id":"","_kad_post_content_style":"","_kad_post_vertical_padding":"","_kad_post_feature":"","_kad_post_feature_position":"","_kad_post_header":false,"_kad_post_footer":false,"_kad_post_classname":""},"product_brand":[],"product_cat":[23],"product_tag":[],"class_list":{"0":"post-18631","1":"product","2":"type-product","3":"status-publish","4":"has-post-thumbnail","6":"product_cat-genel","8":"first","9":"instock","10":"purchasable","11":"product-type-simple","12":"entry","13":"content-bg","14":"loop-entry"},"_links":{"self":[{"href":"https:\/\/www.hediyepazar.com\/index.php?rest_route=\/wp\/v2\/product\/18631","targetHints":{"allow":["GET"]}}],"collection":[{"href":"https:\/\/www.hediyepazar.com\/index.php?rest_route=\/wp\/v2\/product"}],"about":[{"href":"https:\/\/www.hediyepazar.com\/index.php?rest_route=\/wp\/v2\/types\/product"}],"replies":[{"embeddable":true,"href":"https:\/\/www.hediyepazar.com\/index.php?rest_route=%2Fwp%2Fv2%2Fcomments&post=18631"}],"wp:featuredmedia":[{"embeddable":true,"href":"https:\/\/www.hediyepazar.com\/index.php?rest_route=\/wp\/v2\/media\/20942"}],"wp:attachment":[{"href":"https:\/\/www.hediyepazar.com\/index.php?rest_route=%2Fwp%2Fv2%2Fmedia&parent=18631"}],"wp:term":[{"taxonomy":"product_brand","embeddable":true,"href":"https:\/\/www.hediyepazar.com\/index.php?rest_route=%2Fwp%2Fv2%2Fproduct_brand&post=18631"},{"taxonomy":"product_cat","embeddable":true,"href":"https:\/\/www.hediyepazar.com\/index.php?rest_route=%2Fwp%2Fv2%2Fproduct_cat&post=18631"},{"taxonomy":"product_tag","embeddable":true,"href":"https:\/\/www.hediyepazar.com\/index.php?rest_route=%2Fwp%2Fv2%2Fproduct_tag&post=18631"}],"curies":[{"name":"wp","href":"https:\/\/api.w.org\/{rel}","templated":true}]}}