{"id":18635,"date":"2026-04-26T19:19:59","date_gmt":"2026-04-26T22:19:59","guid":{"rendered":"https:\/\/www.hediyepazar.com\/?product=kablosuz-bluetooth-kulaklik-kulak-ustu-ayarlanabilir-uzun-omurlu"},"modified":"2026-04-26T19:19:59","modified_gmt":"2026-04-26T22:19:59","slug":"kablosuz-bluetooth-kulaklik-kulak-ustu-ayarlanabilir-uzun-omurlu","status":"publish","type":"product","link":"https:\/\/www.hediyepazar.com\/?product=kablosuz-bluetooth-kulaklik-kulak-ustu-ayarlanabilir-uzun-omurlu","title":{"rendered":"Kablosuz Bluetooth Kulakl\u0131k Kulak \u00dcst\u00fc Ayarlanabilir Uzun \u00d6m\u00fcrl\u00fc"},"content":{"rendered":"","protected":false},"excerpt":{"rendered":"<p>Kablosuz \u00d6zg\u00fcrl\u00fck ve Net Ses Deneyimi: Bluetooth Kulakl\u0131k ile M\u00fczik Keyfini Y\u00fckseltinModern ya\u015fam tarz\u0131n\u0131za uyum sa\u011flayan bu siyah Bluetooth kulakl\u0131k, \u00fcst\u00fcn ses performans\u0131, uzun pil \u00f6mr\u00fc ve ergonomik tasar\u0131m\u0131yla g\u00fcnl\u00fck kullan\u0131m i\u00e7in m\u00fckemmel bir yard\u0131mc\u0131d\u0131r. Geli\u015fmi\u015f Bluetooth 5.0 teknolojisi sayesinde cihazlar\u0131n\u0131za saniyeler i\u00e7inde ba\u011flan\u0131r ve kararl\u0131 bir ba\u011flant\u0131 ile kesintisiz m\u00fczik, oyun ve g\u00f6r\u00fc\u015fme deneyimi sunar.\u0130\u00e7erisinde bulunan 3,2 cm dinamik s\u00fcr\u00fcc\u00fcler, net tizler ve g\u00fc\u00e7l\u00fc baslarla zengin bir ses sunarken; 32 Ohm empedans ve 103,5 dB hassasiyet sayesinde her nota berrak bir \u015fekilde duyulur. 300 mAh kapasitesindeki bataryas\u0131, tek \u015farjla 18 saate kadar aral\u0131ks\u0131z m\u00fczik dinleme s\u00fcresi sa\u011flar. USB-C h\u0131zl\u0131 \u015farj deste\u011fiyle k\u0131sa s\u00fcrede yeniden kullan\u0131ma haz\u0131r hale gelir.Katlanabilir yap\u0131s\u0131 ve ayarlanabilir ba\u015f band\u0131, kulakl\u0131\u011f\u0131 kolay ta\u015f\u0131nabilir ve konforlu hale getirirken, \u015f\u0131k siyah tasar\u0131m\u0131 hem sportif hem de klasik tarzlara uyum g\u00f6sterir.\u0130ster yolda olun, ister ofiste ya da evde dinlenirken; bu kulakl\u0131k, kaliteli ses arayan herkesin vazge\u00e7ilmez par\u00e7as\u0131 olacak. Teknoloji ve stil bir arada!<\/p>\n","protected":false},"featured_media":18634,"comment_status":"open","ping_status":"closed","template":"","meta":{"_kad_post_transparent":"","_kad_post_title":"","_kad_post_layout":"","_kad_post_sidebar_id":"","_kad_post_content_style":"","_kad_post_vertical_padding":"","_kad_post_feature":"","_kad_post_feature_position":"","_kad_post_header":false,"_kad_post_footer":false,"_kad_post_classname":""},"product_brand":[],"product_cat":[23],"product_tag":[],"class_list":{"0":"post-18635","1":"product","2":"type-product","3":"status-publish","4":"has-post-thumbnail","6":"product_cat-genel","8":"first","9":"instock","10":"purchasable","11":"product-type-simple","12":"entry","13":"content-bg","14":"loop-entry"},"_links":{"self":[{"href":"https:\/\/www.hediyepazar.com\/index.php?rest_route=\/wp\/v2\/product\/18635","targetHints":{"allow":["GET"]}}],"collection":[{"href":"https:\/\/www.hediyepazar.com\/index.php?rest_route=\/wp\/v2\/product"}],"about":[{"href":"https:\/\/www.hediyepazar.com\/index.php?rest_route=\/wp\/v2\/types\/product"}],"replies":[{"embeddable":true,"href":"https:\/\/www.hediyepazar.com\/index.php?rest_route=%2Fwp%2Fv2%2Fcomments&post=18635"}],"wp:featuredmedia":[{"embeddable":true,"href":"https:\/\/www.hediyepazar.com\/index.php?rest_route=\/wp\/v2\/media\/18634"}],"wp:attachment":[{"href":"https:\/\/www.hediyepazar.com\/index.php?rest_route=%2Fwp%2Fv2%2Fmedia&parent=18635"}],"wp:term":[{"taxonomy":"product_brand","embeddable":true,"href":"https:\/\/www.hediyepazar.com\/index.php?rest_route=%2Fwp%2Fv2%2Fproduct_brand&post=18635"},{"taxonomy":"product_cat","embeddable":true,"href":"https:\/\/www.hediyepazar.com\/index.php?rest_route=%2Fwp%2Fv2%2Fproduct_cat&post=18635"},{"taxonomy":"product_tag","embeddable":true,"href":"https:\/\/www.hediyepazar.com\/index.php?rest_route=%2Fwp%2Fv2%2Fproduct_tag&post=18635"}],"curies":[{"name":"wp","href":"https:\/\/api.w.org\/{rel}","templated":true}]}}