{"id":18643,"date":"2026-04-26T19:20:02","date_gmt":"2026-04-26T22:20:02","guid":{"rendered":"https:\/\/www.hediyepazar.com\/?product=bardak-blender"},"modified":"2026-04-26T19:20:02","modified_gmt":"2026-04-26T22:20:02","slug":"bardak-blender","status":"publish","type":"product","link":"https:\/\/www.hediyepazar.com\/?product=bardak-blender","title":{"rendered":"Bardak Blender"},"content":{"rendered":"","protected":false},"excerpt":{"rendered":"<p>1.G\u0131da s\u0131n\u0131f\u0131 ve toksik olmayan malzemelerden yap\u0131lm\u0131\u015ft\u0131r. Mini, Kullan\u0131\u015fl\u0131 Bu, i\u00e7ecek kab\u0131 g\u00f6revi g\u00f6ren hafif, tek par\u00e7a, kablosuz bir blenderdir. 2.E\u015fsiz g\u00fcvenlik tasar\u0131m\u0131na sahiptir. \u00c7evre dostu malzeme ve benzersiz g\u00fcvenlik tasar\u0131m\u0131, size yinelenen bir koruma sa\u011flar ve lezzetli meyve suyunun tad\u0131n\u0131 \u00e7\u0131kar\u0131rken kendinizi g\u00fcvende hissetmenizi sa\u011flar. 3.Kullan\u0131m: Portakal Suyu, Nar suyu, Elma suyu, \u00dcz\u00fcm suyu, Karpuz suyu vb. 4.Dahili \u015earj Edilebilir Pil, 1200mAh pil, tam \u015farjla 10 defaya kadar kar\u0131\u015ft\u0131r\u0131n. 5.USB \u00c7e\u015fitli \u015eekilde \u015earj Yollar\u0131: Cep telefonu, di\u011fer dijital cihazlar ve g\u00fc\u00e7 bankas\u0131 ile \u015farj edilebilir. Mevcut renk : Pembe, Beyaz \u00dcr\u00fcn boyutu : 7,5 x 7,5 x 21H cm<\/p>\n","protected":false},"featured_media":18642,"comment_status":"open","ping_status":"closed","template":"","meta":{"_kad_post_transparent":"","_kad_post_title":"","_kad_post_layout":"","_kad_post_sidebar_id":"","_kad_post_content_style":"","_kad_post_vertical_padding":"","_kad_post_feature":"","_kad_post_feature_position":"","_kad_post_header":false,"_kad_post_footer":false,"_kad_post_classname":""},"product_brand":[],"product_cat":[23],"product_tag":[],"class_list":{"0":"post-18643","1":"product","2":"type-product","3":"status-publish","4":"has-post-thumbnail","6":"product_cat-genel","8":"first","9":"instock","10":"purchasable","11":"product-type-simple","12":"entry","13":"content-bg","14":"loop-entry"},"_links":{"self":[{"href":"https:\/\/www.hediyepazar.com\/index.php?rest_route=\/wp\/v2\/product\/18643","targetHints":{"allow":["GET"]}}],"collection":[{"href":"https:\/\/www.hediyepazar.com\/index.php?rest_route=\/wp\/v2\/product"}],"about":[{"href":"https:\/\/www.hediyepazar.com\/index.php?rest_route=\/wp\/v2\/types\/product"}],"replies":[{"embeddable":true,"href":"https:\/\/www.hediyepazar.com\/index.php?rest_route=%2Fwp%2Fv2%2Fcomments&post=18643"}],"wp:featuredmedia":[{"embeddable":true,"href":"https:\/\/www.hediyepazar.com\/index.php?rest_route=\/wp\/v2\/media\/18642"}],"wp:attachment":[{"href":"https:\/\/www.hediyepazar.com\/index.php?rest_route=%2Fwp%2Fv2%2Fmedia&parent=18643"}],"wp:term":[{"taxonomy":"product_brand","embeddable":true,"href":"https:\/\/www.hediyepazar.com\/index.php?rest_route=%2Fwp%2Fv2%2Fproduct_brand&post=18643"},{"taxonomy":"product_cat","embeddable":true,"href":"https:\/\/www.hediyepazar.com\/index.php?rest_route=%2Fwp%2Fv2%2Fproduct_cat&post=18643"},{"taxonomy":"product_tag","embeddable":true,"href":"https:\/\/www.hediyepazar.com\/index.php?rest_route=%2Fwp%2Fv2%2Fproduct_tag&post=18643"}],"curies":[{"name":"wp","href":"https:\/\/api.w.org\/{rel}","templated":true}]}}