{"id":18645,"date":"2026-04-26T19:20:03","date_gmt":"2026-04-26T22:20:03","guid":{"rendered":"https:\/\/www.hediyepazar.com\/?product=bluetooth-kulaklik-dijital-gostergeli-yuksek-ses-kaliteli-uzun-pil-omru"},"modified":"2026-04-26T19:47:17","modified_gmt":"2026-04-26T22:47:17","slug":"bluetooth-kulaklik-dijital-gostergeli-yuksek-ses-kaliteli-uzun-pil-omru","status":"publish","type":"product","link":"https:\/\/www.hediyepazar.com\/?product=bluetooth-kulaklik-dijital-gostergeli-yuksek-ses-kaliteli-uzun-pil-omru","title":{"rendered":"Bluetooth Kulakl\u0131k Dijital G\u00f6stergeli Y\u00fcksek Ses Kaliteli Uzun Pil \u00d6mr\u00fc"},"content":{"rendered":"","protected":false},"excerpt":{"rendered":"<p>Suya ve tere kar\u015f\u0131 dayan\u0131kl\u0131 yap\u0131s\u0131 sayesinde spor yaparken veya ya\u011fmurlu havalarda m\u00fczi\u011fin keyfini kesintisiz \u00e7\u0131karabilirsiniz. Dahili mikrofonu ile net ve kesintisiz aramalar yapabilir, eller serbest kullan\u0131m\u0131n rahatl\u0131\u011f\u0131n\u0131 ya\u015fayabilirsiniz. Aktif g\u00fcr\u00fclt\u00fc \u00f6nleme (ANC) \u00f6zelli\u011fi sayesinde d\u0131\u015f ortam seslerini en aza indirerek, m\u00fczik veya g\u00f6r\u00fc\u015fmelerinize maksimum odaklanma sa\u011flar. Y\u00fcksek kapasiteli bataryas\u0131 ile uzun s\u00fcreli kullan\u0131m sunarak, g\u00fcn boyu kesintisiz m\u00fczik deneyimi ya\u015faman\u0131za yard\u0131mc\u0131 olur.<\/p>\n","protected":false},"featured_media":21070,"comment_status":"open","ping_status":"closed","template":"","meta":{"_kad_post_transparent":"","_kad_post_title":"","_kad_post_layout":"","_kad_post_sidebar_id":"","_kad_post_content_style":"","_kad_post_vertical_padding":"","_kad_post_feature":"","_kad_post_feature_position":"","_kad_post_header":false,"_kad_post_footer":false,"_kad_post_classname":""},"product_brand":[],"product_cat":[23],"product_tag":[],"class_list":{"0":"post-18645","1":"product","2":"type-product","3":"status-publish","4":"has-post-thumbnail","6":"product_cat-genel","8":"first","9":"instock","10":"purchasable","11":"product-type-simple","12":"entry","13":"content-bg","14":"loop-entry"},"_links":{"self":[{"href":"https:\/\/www.hediyepazar.com\/index.php?rest_route=\/wp\/v2\/product\/18645","targetHints":{"allow":["GET"]}}],"collection":[{"href":"https:\/\/www.hediyepazar.com\/index.php?rest_route=\/wp\/v2\/product"}],"about":[{"href":"https:\/\/www.hediyepazar.com\/index.php?rest_route=\/wp\/v2\/types\/product"}],"replies":[{"embeddable":true,"href":"https:\/\/www.hediyepazar.com\/index.php?rest_route=%2Fwp%2Fv2%2Fcomments&post=18645"}],"wp:featuredmedia":[{"embeddable":true,"href":"https:\/\/www.hediyepazar.com\/index.php?rest_route=\/wp\/v2\/media\/21070"}],"wp:attachment":[{"href":"https:\/\/www.hediyepazar.com\/index.php?rest_route=%2Fwp%2Fv2%2Fmedia&parent=18645"}],"wp:term":[{"taxonomy":"product_brand","embeddable":true,"href":"https:\/\/www.hediyepazar.com\/index.php?rest_route=%2Fwp%2Fv2%2Fproduct_brand&post=18645"},{"taxonomy":"product_cat","embeddable":true,"href":"https:\/\/www.hediyepazar.com\/index.php?rest_route=%2Fwp%2Fv2%2Fproduct_cat&post=18645"},{"taxonomy":"product_tag","embeddable":true,"href":"https:\/\/www.hediyepazar.com\/index.php?rest_route=%2Fwp%2Fv2%2Fproduct_tag&post=18645"}],"curies":[{"name":"wp","href":"https:\/\/api.w.org\/{rel}","templated":true}]}}