{"id":18705,"date":"2026-04-26T19:20:29","date_gmt":"2026-04-26T22:20:29","guid":{"rendered":"https:\/\/www.hediyepazar.com\/?product=android-projeksiyon-ve-cift-kollu-game-box"},"modified":"2026-04-26T19:20:29","modified_gmt":"2026-04-26T22:20:29","slug":"android-projeksiyon-ve-cift-kollu-game-box","status":"publish","type":"product","link":"https:\/\/www.hediyepazar.com\/?product=android-projeksiyon-ve-cift-kollu-game-box","title":{"rendered":"Android Projeksiyon Ve \u00c7ift Kollu Game Box"},"content":{"rendered":"","protected":false},"excerpt":{"rendered":"<p>Android Projeksiyon Game Box \u2013 Y\u00fcksek Performans ve E\u011flence Bir Arada!1280*720p \u00e7\u00f6z\u00fcn\u00fcrl\u00fc\u011fe sahip bu projeksiyon cihaz\u0131, net ve canl\u0131 g\u00f6r\u00fcnt\u00fc kalitesi sunar. Y\u00fcksek performansl\u0131 i\u015flemcisi ve Bluetooth ba\u011flant\u0131 \u00f6zelli\u011fi sayesinde oyunlar\u0131n\u0131z\u0131 ve pop\u00fcler uygulamalar\u0131n\u0131z\u0131 b\u00fcy\u00fck ekranda keyifle oynayabilirsiniz. Kompakt ve hafif tasar\u0131m\u0131, kolay ta\u015f\u0131nabilirli\u011fi ile her yerde kullan\u0131ma uygun. HDMI, USB gibi geni\u015f ba\u011flant\u0131 se\u00e7enekleri ile \u00e7e\u015fitli cihazlarla uyumlu \u00e7al\u0131\u015f\u0131r. Uzun \u00f6m\u00fcrl\u00fc lambas\u0131 ile enerji tasarrufu sa\u011flar ve 2000\u2019den fazla oyun se\u00e7ene\u011fiyle e\u011flenceyi evinize getirir.<\/p>\n","protected":false},"featured_media":18704,"comment_status":"open","ping_status":"closed","template":"","meta":{"_kad_post_transparent":"","_kad_post_title":"","_kad_post_layout":"","_kad_post_sidebar_id":"","_kad_post_content_style":"","_kad_post_vertical_padding":"","_kad_post_feature":"","_kad_post_feature_position":"","_kad_post_header":false,"_kad_post_footer":false,"_kad_post_classname":""},"product_brand":[],"product_cat":[23],"product_tag":[],"class_list":{"0":"post-18705","1":"product","2":"type-product","3":"status-publish","4":"has-post-thumbnail","6":"product_cat-genel","8":"first","9":"instock","10":"purchasable","11":"product-type-simple","12":"entry","13":"content-bg","14":"loop-entry"},"_links":{"self":[{"href":"https:\/\/www.hediyepazar.com\/index.php?rest_route=\/wp\/v2\/product\/18705","targetHints":{"allow":["GET"]}}],"collection":[{"href":"https:\/\/www.hediyepazar.com\/index.php?rest_route=\/wp\/v2\/product"}],"about":[{"href":"https:\/\/www.hediyepazar.com\/index.php?rest_route=\/wp\/v2\/types\/product"}],"replies":[{"embeddable":true,"href":"https:\/\/www.hediyepazar.com\/index.php?rest_route=%2Fwp%2Fv2%2Fcomments&post=18705"}],"wp:featuredmedia":[{"embeddable":true,"href":"https:\/\/www.hediyepazar.com\/index.php?rest_route=\/wp\/v2\/media\/18704"}],"wp:attachment":[{"href":"https:\/\/www.hediyepazar.com\/index.php?rest_route=%2Fwp%2Fv2%2Fmedia&parent=18705"}],"wp:term":[{"taxonomy":"product_brand","embeddable":true,"href":"https:\/\/www.hediyepazar.com\/index.php?rest_route=%2Fwp%2Fv2%2Fproduct_brand&post=18705"},{"taxonomy":"product_cat","embeddable":true,"href":"https:\/\/www.hediyepazar.com\/index.php?rest_route=%2Fwp%2Fv2%2Fproduct_cat&post=18705"},{"taxonomy":"product_tag","embeddable":true,"href":"https:\/\/www.hediyepazar.com\/index.php?rest_route=%2Fwp%2Fv2%2Fproduct_tag&post=18705"}],"curies":[{"name":"wp","href":"https:\/\/api.w.org\/{rel}","templated":true}]}}